{"id":219412,"date":"2025-03-23T11:06:24","date_gmt":"2025-03-23T11:06:24","guid":{"rendered":"https:\/\/aromasentia.com\/product\/tree-of-life-gemstone-necklace-black-onyx\/"},"modified":"2025-12-30T18:58:18","modified_gmt":"2025-12-30T18:58:18","slug":"collier-de-pierres-precieuses-arbre-de-vie-onyx-noir","status":"publish","type":"product","link":"https:\/\/aromasentia.com\/fr\/collier-de-pierres-precieuses-arbre-de-vie-onyx-noir\/","title":{"rendered":"Collier de Pierres Pr\u00e9cieuses Arbre de Vie &#8211; Onyx Noir"},"content":{"rendered":"<p><strong><span style=\"color: rgb(75, 80, 88);\">L&rsquo;onyx noir<\/span><\/strong> est recommand\u00e9 pour \u00eatre port\u00e9 comme un talisman. On suppose que cette pierre peut prot\u00e9ger contre une attaque de mauvaise \u00e9nergie.&nbsp;<\/p>\n<p>Selon cette croyance, la pierre absorbe l&rsquo;\u00e9nergie n\u00e9gative dirig\u00e9e contre une personne et la transforme en \u00e9nergie positive. La pierre prot\u00e8ge \u00e9galement le propri\u00e9taire de commettre de mauvaises actions. La pierre est enferm\u00e9e dans une d\u00e9licate cage d&rsquo;Arbre de Vie.&nbsp;<\/p>\n<p>L&rsquo;arbre de vie en joaillerie, outre ses merveilleuses valeurs esth\u00e9tiques, porte un contexte symbolique fort. Il est plus proche de nous que nous ne le pensons &#8211; la couronne est notre esprit, le tronc &#8211; le corps.&nbsp;<\/p>\n<p>Longueur de la cha\u00eene : env. 50cm<\/p>\n","protected":false},"excerpt":{"rendered":"<p>L&rsquo;onyx noir est recommand\u00e9 pour \u00eatre port\u00e9 comme un talisman. On suppose que cette pierre peut prot\u00e9ger contre une attaque de mauvaise \u00e9nergie.&nbsp; Selon cette croyance, la pierre absorbe l&rsquo;\u00e9nergie n\u00e9gative dirig\u00e9e contre une personne et la transforme en \u00e9nergie positive. La pierre prot\u00e8ge \u00e9galement le propri\u00e9taire de commettre de mauvaises actions. La pierre est [&hellip;]<\/p>\n","protected":false},"featured_media":422396,"comment_status":"closed","ping_status":"open","template":"","meta":{"_angie_page":false},"product_brand":[],"product_cat":[14520,25218,25701,25226],"product_tag":[],"class_list":{"0":"post-219412","1":"product","2":"type-product","3":"status-publish","4":"has-post-thumbnail","6":"product_cat-bijoux-et-accessoires","7":"product_cat-colliers-et-pendentifs","8":"product_cat-onyx","9":"product_cat-pierres-et-mineraux","10":"pa_collection-indian-gemstone-necklaces-fr","11":"pa_made-in-inde","13":"first","14":"instock","15":"purchasable","16":"product-type-simple"},"supplier_id":null,"supplier_sku":"IGJ-04","barcode":null,"atum_controlled":true,"out_stock_date":null,"out_stock_threshold":null,"inheritable":false,"inbound_stock":null,"stock_on_hold":0,"sold_today":0,"sales_last_days":0,"reserved_stock":null,"customer_returns":null,"warehouse_damage":null,"lost_in_post":null,"other_logs":null,"out_stock_days":0,"lost_sales":0,"has_location":null,"update_date":"2026-04-27T07:08:39","atum_locations":[],"atum_stock_status":"instock","restock_status":false,"low_stock_amount":"","sales_update_date":"2026-01-30T01:25:01","calc_backorders":null,"_links":{"self":[{"href":"https:\/\/aromasentia.com\/fr\/wp-json\/wp\/v2\/product\/219412","targetHints":{"allow":["GET"]}}],"collection":[{"href":"https:\/\/aromasentia.com\/fr\/wp-json\/wp\/v2\/product"}],"about":[{"href":"https:\/\/aromasentia.com\/fr\/wp-json\/wp\/v2\/types\/product"}],"replies":[{"embeddable":true,"href":"https:\/\/aromasentia.com\/fr\/wp-json\/wp\/v2\/comments?post=219412"}],"version-history":[{"count":0,"href":"https:\/\/aromasentia.com\/fr\/wp-json\/wp\/v2\/product\/219412\/revisions"}],"wp:featuredmedia":[{"embeddable":true,"href":"https:\/\/aromasentia.com\/fr\/wp-json\/wp\/v2\/media\/422396"}],"wp:attachment":[{"href":"https:\/\/aromasentia.com\/fr\/wp-json\/wp\/v2\/media?parent=219412"}],"wp:term":[{"taxonomy":"product_brand","embeddable":true,"href":"https:\/\/aromasentia.com\/fr\/wp-json\/wp\/v2\/product_brand?post=219412"},{"taxonomy":"product_cat","embeddable":true,"href":"https:\/\/aromasentia.com\/fr\/wp-json\/wp\/v2\/product_cat?post=219412"},{"taxonomy":"product_tag","embeddable":true,"href":"https:\/\/aromasentia.com\/fr\/wp-json\/wp\/v2\/product_tag?post=219412"}],"curies":[{"name":"wp","href":"https:\/\/api.w.org\/{rel}","templated":true}]}}