{"id":219408,"date":"2025-03-23T11:06:24","date_gmt":"2025-03-23T11:06:24","guid":{"rendered":"https:\/\/aromasentia.com\/product\/tree-of-life-gemstone-necklace-amethyst\/"},"modified":"2025-12-30T18:58:18","modified_gmt":"2025-12-30T18:58:18","slug":"collier-de-pierres-precieuses-arbre-de-vie-amethyste","status":"publish","type":"product","link":"https:\/\/aromasentia.com\/fr\/collier-de-pierres-precieuses-arbre-de-vie-amethyste\/","title":{"rendered":"Collier de Pierres Pr\u00e9cieuses Arbre de Vie &#8211; Am\u00e9thyste"},"content":{"rendered":"<p><strong><span style=\"color: rgb(75, 80, 88);\">L&rsquo;Am\u00e9thyste<\/span><\/strong> est appel\u00e9e la \u00ab\u00a0pierre de l&rsquo;harmonie et de la relaxation\u00a0\u00bb. Il r\u00e9tablit l&rsquo;\u00e9quilibre chez les personnes sujettes au stress, apporte la paix et la lib\u00e9ration de l&rsquo;esprit des pens\u00e9es n\u00e9gatives.&nbsp;<\/p>\n<p>Il peut s&rsquo;av\u00e9rer \u00eatre une pierre particuli\u00e8rement pr\u00e9cieuse pour les personnes occupant des postes \u00e0 responsabilit\u00e9 et\/ou \u00e9lev\u00e9s.&nbsp;<\/p>\n<p>L&rsquo;arbre de vie en joaillerie, outre ses merveilleuses valeurs esth\u00e9tiques, porte un contexte symbolique fort. Il est plus proche de nous que nous ne le pensons &#8211; la couronne est notre esprit, le tronc &#8211; le corps.&nbsp;<\/p>\n<p><em>Longueur de la cha\u00eene : env. 50cm<\/em><\/p>\n","protected":false},"excerpt":{"rendered":"<p>L&rsquo;Am\u00e9thyste est appel\u00e9e la \u00ab\u00a0pierre de l&rsquo;harmonie et de la relaxation\u00a0\u00bb. Il r\u00e9tablit l&rsquo;\u00e9quilibre chez les personnes sujettes au stress, apporte la paix et la lib\u00e9ration de l&rsquo;esprit des pens\u00e9es n\u00e9gatives.&nbsp; Il peut s&rsquo;av\u00e9rer \u00eatre une pierre particuli\u00e8rement pr\u00e9cieuse pour les personnes occupant des postes \u00e0 responsabilit\u00e9 et\/ou \u00e9lev\u00e9s.&nbsp; L&rsquo;arbre de vie en joaillerie, outre [&hellip;]<\/p>\n","protected":false},"featured_media":422363,"comment_status":"closed","ping_status":"open","template":"","meta":[],"product_brand":[],"product_cat":[25543,14520,25218,25226],"product_tag":[],"class_list":{"0":"post-219408","1":"product","2":"type-product","3":"status-publish","4":"has-post-thumbnail","6":"product_cat-amethyste","7":"product_cat-bijoux-et-accessoires","8":"product_cat-colliers-et-pendentifs","9":"product_cat-pierres-et-mineraux","10":"pa_collection-indian-gemstone-necklaces-fr","11":"pa_made-in-inde","13":"first","14":"instock","15":"purchasable","16":"product-type-simple"},"supplier_id":null,"supplier_sku":"IGJ-03","barcode":null,"atum_controlled":true,"out_stock_date":null,"out_stock_threshold":null,"inheritable":false,"inbound_stock":null,"stock_on_hold":0,"sold_today":0,"sales_last_days":0,"reserved_stock":null,"customer_returns":null,"warehouse_damage":null,"lost_in_post":null,"other_logs":null,"out_stock_days":0,"lost_sales":0,"has_location":null,"update_date":"2026-01-30T13:08:52","atum_locations":[],"atum_stock_status":"instock","restock_status":false,"low_stock_amount":"","sales_update_date":"2025-09-03T00:16:37","calc_backorders":null,"_links":{"self":[{"href":"https:\/\/aromasentia.com\/fr\/wp-json\/wp\/v2\/product\/219408","targetHints":{"allow":["GET"]}}],"collection":[{"href":"https:\/\/aromasentia.com\/fr\/wp-json\/wp\/v2\/product"}],"about":[{"href":"https:\/\/aromasentia.com\/fr\/wp-json\/wp\/v2\/types\/product"}],"replies":[{"embeddable":true,"href":"https:\/\/aromasentia.com\/fr\/wp-json\/wp\/v2\/comments?post=219408"}],"version-history":[{"count":0,"href":"https:\/\/aromasentia.com\/fr\/wp-json\/wp\/v2\/product\/219408\/revisions"}],"wp:featuredmedia":[{"embeddable":true,"href":"https:\/\/aromasentia.com\/fr\/wp-json\/wp\/v2\/media\/422363"}],"wp:attachment":[{"href":"https:\/\/aromasentia.com\/fr\/wp-json\/wp\/v2\/media?parent=219408"}],"wp:term":[{"taxonomy":"product_brand","embeddable":true,"href":"https:\/\/aromasentia.com\/fr\/wp-json\/wp\/v2\/product_brand?post=219408"},{"taxonomy":"product_cat","embeddable":true,"href":"https:\/\/aromasentia.com\/fr\/wp-json\/wp\/v2\/product_cat?post=219408"},{"taxonomy":"product_tag","embeddable":true,"href":"https:\/\/aromasentia.com\/fr\/wp-json\/wp\/v2\/product_tag?post=219408"}],"curies":[{"name":"wp","href":"https:\/\/api.w.org\/{rel}","templated":true}]}}