{"id":219372,"date":"2025-03-23T11:06:32","date_gmt":"2025-03-23T11:06:32","guid":{"rendered":"https:\/\/aromasentia.com\/product\/magnetic-gemstone-bracelet-sodalite\/"},"modified":"2025-12-30T18:58:18","modified_gmt":"2025-12-30T18:58:18","slug":"bracelets-magnetiques-gemme-sodalite","status":"publish","type":"product","link":"https:\/\/aromasentia.com\/fr\/bracelets-magnetiques-gemme-sodalite\/","title":{"rendered":"Bracelets Magn\u00e9tiques Gemme &#8211; Sodalite"},"content":{"rendered":"<p>Cette gamme de bracelets magn\u00e9tiques est faite pour vos clients qui aiment exprimer leur personnalit\u00e9 ! Ils sont fourni dans un pack de trois bracelets, ils vous permettent de stocker une large gamme avec facilit\u00e9 et ainsi d&apos;\u00e9viter les grosses d\u00e9penses. Produit id\u00e9al pour m\u00e9langer et assortir, car vos clients aimeront cr\u00e9er un \u00ab\u00a0look\u00a0\u00bb avec trois ou quatre diff\u00e9rents. Nous vous sugg\u00e9rons un PVC \u00e0 6.25&euro; pi\u00e8ce ou 3 pour 15&euro;. Vous pouvez les vendre en sachet ou dans une boite pour augmenter leur valeur.&nbsp;<\/p>\n<p>Il y a des ann\u00e9es, ceux-ci \u00e9taient tr\u00e8s populaires, avec des propri\u00e9t\u00e9s curatives et mystique &#8211; les pierres semi-pr\u00e9cieuses ont beaucoup de propri\u00e9t\u00e9s magiques. Avec nos pierres \u0153il de tigre, sodalite et redstone, vous pouvez r\u00e9pondre \u00e0 tous les go\u00fbts.<\/p>\n<p>D\u00e9couvrez le pack de d\u00e9marrage de 72 bracelets en pierres pr\u00e9cieuses magn\u00e9tiques (vos clients ont un excellent choix), vous obtiendrez en plus une bo\u00eete d&apos;affichage GRATUITE pour vous aider \u00e0 en vendre encore plus. (Plateau d&apos;affichage \u00e0 douze compartiments NatJD-13)<\/p>\n<p>Un cadeau parfait pour toute occasion, vous pourriez \u00e9galement \u00eatre int\u00e9ress\u00e9 par nos bracelets de puissance et nos bracelets d&apos;amiti\u00e9 de pierres semi-pr\u00e9cieuses.<\/p>\n<p>Tous les bracelets sont fix\u00e9s ensemble avec un \u00e9lastique solide, de sorte qu&apos;il s&apos;\u00e9tirera pour s&apos;adapter \u00e0 n&apos;importe quelle taille de poignet. Pimentez votre section bijoux et ajoutez de la couleur avec ces bracelets magn\u00e9tiques, faites le plein aujourd&apos;hui!<\/p>\n","protected":false},"excerpt":{"rendered":"<p>Cette gamme de bracelets magn\u00e9tiques est faite pour vos clients qui aiment exprimer leur personnalit\u00e9 ! Ils sont fourni dans un pack de trois bracelets, ils vous permettent de stocker une large gamme avec facilit\u00e9 et ainsi d&apos;\u00e9viter les grosses d\u00e9penses. Produit id\u00e9al pour m\u00e9langer et assortir, car vos clients aimeront cr\u00e9er un \u00ab\u00a0look\u00a0\u00bb avec [&hellip;]<\/p>\n","protected":false},"featured_media":425151,"comment_status":"closed","ping_status":"open","template":"","meta":[],"product_brand":[],"product_cat":[14520,25206,25226,25772],"product_tag":[],"class_list":{"0":"post-219372","1":"product","2":"type-product","3":"status-publish","4":"has-post-thumbnail","6":"product_cat-bijoux-et-accessoires","7":"product_cat-bracelets","8":"product_cat-pierres-et-mineraux","9":"product_cat-sodalite","10":"pa_collection-magnetic-gemstone-bracelets-fr","11":"pa_made-in-chine","13":"first","14":"instock","15":"purchasable","16":"product-type-simple"},"supplier_id":null,"supplier_sku":"MGBS-08","barcode":null,"atum_controlled":true,"out_stock_date":null,"out_stock_threshold":null,"inheritable":false,"inbound_stock":null,"stock_on_hold":0,"sold_today":0,"sales_last_days":0,"reserved_stock":null,"customer_returns":null,"warehouse_damage":null,"lost_in_post":null,"other_logs":null,"out_stock_days":0,"lost_sales":0,"has_location":null,"update_date":"2026-02-10T10:30:53","atum_locations":[],"atum_stock_status":"instock","restock_status":false,"low_stock_amount":"","sales_update_date":"2025-09-03T00:16:35","calc_backorders":null,"_links":{"self":[{"href":"https:\/\/aromasentia.com\/fr\/wp-json\/wp\/v2\/product\/219372","targetHints":{"allow":["GET"]}}],"collection":[{"href":"https:\/\/aromasentia.com\/fr\/wp-json\/wp\/v2\/product"}],"about":[{"href":"https:\/\/aromasentia.com\/fr\/wp-json\/wp\/v2\/types\/product"}],"replies":[{"embeddable":true,"href":"https:\/\/aromasentia.com\/fr\/wp-json\/wp\/v2\/comments?post=219372"}],"version-history":[{"count":0,"href":"https:\/\/aromasentia.com\/fr\/wp-json\/wp\/v2\/product\/219372\/revisions"}],"wp:featuredmedia":[{"embeddable":true,"href":"https:\/\/aromasentia.com\/fr\/wp-json\/wp\/v2\/media\/425151"}],"wp:attachment":[{"href":"https:\/\/aromasentia.com\/fr\/wp-json\/wp\/v2\/media?parent=219372"}],"wp:term":[{"taxonomy":"product_brand","embeddable":true,"href":"https:\/\/aromasentia.com\/fr\/wp-json\/wp\/v2\/product_brand?post=219372"},{"taxonomy":"product_cat","embeddable":true,"href":"https:\/\/aromasentia.com\/fr\/wp-json\/wp\/v2\/product_cat?post=219372"},{"taxonomy":"product_tag","embeddable":true,"href":"https:\/\/aromasentia.com\/fr\/wp-json\/wp\/v2\/product_tag?post=219372"}],"curies":[{"name":"wp","href":"https:\/\/api.w.org\/{rel}","templated":true}]}}