{"id":219304,"date":"2025-03-23T11:06:32","date_gmt":"2025-03-23T11:06:32","guid":{"rendered":"https:\/\/aromasentia.com\/product\/gemstone-manifestation-bracelet-white-jasper-peace\/"},"modified":"2025-12-30T18:58:02","modified_gmt":"2025-12-30T18:58:02","slug":"bracelet-de-manifestation-en-pierres-precieuses-jaspe-blanc-paix","status":"publish","type":"product","link":"https:\/\/aromasentia.com\/fr\/bracelet-de-manifestation-en-pierres-precieuses-jaspe-blanc-paix\/","title":{"rendered":"Bracelet de Manifestation en Pierres Pr\u00e9cieuses &#8211; Jaspe Blanc &#8211; Paix"},"content":{"rendered":"<p>Lib\u00e9rez le pouvoir de l&rsquo;intention avec nos captivants bracelets de pierres pr\u00e9cieuses en gros pour la manifestation, soigneusement con&ccedil;us pour aider vos clients \u00e0 manifester leurs d\u00e9sirs et \u00e0 cr\u00e9er des changements positifs dans leur vie.&nbsp;<\/p>\n<p>Si vous \u00eates un d\u00e9taillant, ces bracelets sont un ajout indispensable \u00e0 votre inventaire. La manifestation est une pratique tendance et populaire, et ces bracelets offrent \u00e0 vos clients un moyen tangible de se connecter \u00e0 leurs d\u00e9sirs et \u00e0 leurs intentions.&nbsp;<\/p>\n<p>Ce ne sont pas seulement de beaux ornements, ce sont des outils puissants qui peuvent attirer un public de plus en plus nombreux dans votre boutique.&nbsp;<\/p>\n<p><strong><span style=\"color: rgb(75, 80, 88);\">D\u00e9couvrez la paix int\u00e9rieure et la tranquillit\u00e9 avec notre bracelet de manifestation en jaspe blanc. <\/span><\/strong><\/p>\n<p>La pr\u00e9sence apaisante de cette pierre pr\u00e9cieuse vous aide \u00e0 manifester un \u00e9tat d&rsquo;esprit paisible au milieu des d\u00e9fis de la vie.&nbsp;<\/p>\n<p><strong><span style=\"color: rgb(141, 186, 216);\">D\u00e9couvrez la magie de l&rsquo;intention avec nos bracelets de pierres pr\u00e9cieuses.<\/span><\/strong><\/p>\n","protected":false},"excerpt":{"rendered":"<p>Lib\u00e9rez le pouvoir de l&rsquo;intention avec nos captivants bracelets de pierres pr\u00e9cieuses en gros pour la manifestation, soigneusement con&ccedil;us pour aider vos clients \u00e0 manifester leurs d\u00e9sirs et \u00e0 cr\u00e9er des changements positifs dans leur vie.&nbsp; Si vous \u00eates un d\u00e9taillant, ces bracelets sont un ajout indispensable \u00e0 votre inventaire. La manifestation est une pratique [&hellip;]<\/p>\n","protected":false},"featured_media":424230,"comment_status":"closed","ping_status":"open","template":"","meta":{"_angie_page":false},"product_brand":[],"product_cat":[14520,25206,25644,25226],"product_tag":[],"class_list":{"0":"post-219304","1":"product","2":"type-product","3":"status-publish","4":"has-post-thumbnail","6":"product_cat-bijoux-et-accessoires","7":"product_cat-bracelets","8":"product_cat-jaspe","9":"product_cat-pierres-et-mineraux","10":"pa_collection-gemstone-bracelets-for-manifestation-fr","11":"pa_made-in-chine","13":"first","14":"instock","15":"purchasable","16":"product-type-simple"},"supplier_id":null,"supplier_sku":"ManB-08","barcode":null,"atum_controlled":true,"out_stock_date":null,"out_stock_threshold":null,"inheritable":false,"inbound_stock":null,"stock_on_hold":0,"sold_today":0,"sales_last_days":0,"reserved_stock":null,"customer_returns":null,"warehouse_damage":null,"lost_in_post":null,"other_logs":null,"out_stock_days":0,"lost_sales":0,"has_location":null,"update_date":"2026-04-29T01:07:01","atum_locations":[],"atum_stock_status":"instock","restock_status":false,"low_stock_amount":"","sales_update_date":"2026-01-30T01:24:42","calc_backorders":null,"_links":{"self":[{"href":"https:\/\/aromasentia.com\/fr\/wp-json\/wp\/v2\/product\/219304","targetHints":{"allow":["GET"]}}],"collection":[{"href":"https:\/\/aromasentia.com\/fr\/wp-json\/wp\/v2\/product"}],"about":[{"href":"https:\/\/aromasentia.com\/fr\/wp-json\/wp\/v2\/types\/product"}],"replies":[{"embeddable":true,"href":"https:\/\/aromasentia.com\/fr\/wp-json\/wp\/v2\/comments?post=219304"}],"version-history":[{"count":0,"href":"https:\/\/aromasentia.com\/fr\/wp-json\/wp\/v2\/product\/219304\/revisions"}],"wp:featuredmedia":[{"embeddable":true,"href":"https:\/\/aromasentia.com\/fr\/wp-json\/wp\/v2\/media\/424230"}],"wp:attachment":[{"href":"https:\/\/aromasentia.com\/fr\/wp-json\/wp\/v2\/media?parent=219304"}],"wp:term":[{"taxonomy":"product_brand","embeddable":true,"href":"https:\/\/aromasentia.com\/fr\/wp-json\/wp\/v2\/product_brand?post=219304"},{"taxonomy":"product_cat","embeddable":true,"href":"https:\/\/aromasentia.com\/fr\/wp-json\/wp\/v2\/product_cat?post=219304"},{"taxonomy":"product_tag","embeddable":true,"href":"https:\/\/aromasentia.com\/fr\/wp-json\/wp\/v2\/product_tag?post=219304"}],"curies":[{"name":"wp","href":"https:\/\/api.w.org\/{rel}","templated":true}]}}