{"id":219260,"date":"2025-03-23T11:06:32","date_gmt":"2025-03-23T11:06:32","guid":{"rendered":"https:\/\/aromasentia.com\/product\/longstone-gem-necklace-moss-agate\/"},"modified":"2025-12-30T18:57:54","modified_gmt":"2025-12-30T18:57:54","slug":"collier-de-pierres-precieuses-unakite","status":"publish","type":"product","link":"https:\/\/aromasentia.com\/fr\/collier-de-pierres-precieuses-unakite\/","title":{"rendered":"Collier de Pierres Pr\u00e9cieuses &#8211; Unakite"},"content":{"rendered":"<p>Nous vous pr\u00e9sentons nos Colliers de Pierres Pr\u00e9cieuses en gros, une fusion \u00e9poustouflante d&rsquo;\u00e9l\u00e9gance et de beaut\u00e9 naturelle qui ne manquera pas de faire chavirer le c\u0153ur de vos clients. &nbsp;&nbsp;<\/p>\n<p>Ces colliers enchanteurs sont con&ccedil;us pour \u00eatre une vitrine des tr\u00e9sors les plus \u00e9tonnants de la nature. Chaque pi\u00e8ce est un m\u00e9lange harmonieux de pierres pr\u00e9cieuses longues et minces, compl\u00e9t\u00e9es par un collier orn\u00e9 d&rsquo;un ensemble de pierres pr\u00e9cieuses rondes plus petites, cr\u00e9ant ainsi une exp\u00e9rience unique et envo\u00fbtante de la joaillerie.&nbsp;<\/p>\n<p>Connectez-vous \u00e0 l&rsquo;essence de la terre gr\u00e2ce \u00e0 notre <strong><span style=\"color: rgb(107, 142, 35);\">Collier de pierres pr\u00e9cieuses Unakite.&nbsp;<\/span><\/strong><\/p>\n<p>La pierre allong\u00e9e en unakite, accompagn\u00e9e d&rsquo;un collier enchanteur de pierres rondes plus petites en unakite, capture la beaut\u00e9 verdoyante d&rsquo;une for\u00eat luxuriante, favorisant l&rsquo;harmonie et la croissance.&nbsp;<\/p>\n<p>On pense que l&rsquo;unakite peut aider \u00e0 \u00e9quilibrer les \u00e9motions, favoriser la gu\u00e9rison \u00e9motionnelle et promouvoir la croissance spirituelle.<\/p>\n","protected":false},"excerpt":{"rendered":"<p>Nous vous pr\u00e9sentons nos Colliers de Pierres Pr\u00e9cieuses en gros, une fusion \u00e9poustouflante d&rsquo;\u00e9l\u00e9gance et de beaut\u00e9 naturelle qui ne manquera pas de faire chavirer le c\u0153ur de vos clients. &nbsp;&nbsp; Ces colliers enchanteurs sont con&ccedil;us pour \u00eatre une vitrine des tr\u00e9sors les plus \u00e9tonnants de la nature. Chaque pi\u00e8ce est un m\u00e9lange harmonieux de [&hellip;]<\/p>\n","protected":false},"featured_media":423867,"comment_status":"closed","ping_status":"open","template":"","meta":[],"product_brand":[],"product_cat":[25536,14520,25218,25226],"product_tag":[],"class_list":{"0":"post-219260","1":"product","2":"type-product","3":"status-publish","4":"has-post-thumbnail","6":"product_cat-agate","7":"product_cat-bijoux-et-accessoires","8":"product_cat-colliers-et-pendentifs","9":"product_cat-pierres-et-mineraux","10":"pa_collection-longstone-gemstone-necklace-fr","11":"pa_made-in-chine","13":"first","14":"instock","15":"purchasable","16":"product-type-simple"},"supplier_id":null,"supplier_sku":"LSNK-04","barcode":null,"atum_controlled":true,"out_stock_date":null,"out_stock_threshold":null,"inheritable":false,"inbound_stock":null,"stock_on_hold":0,"sold_today":0,"sales_last_days":0,"reserved_stock":null,"customer_returns":null,"warehouse_damage":null,"lost_in_post":null,"other_logs":null,"out_stock_days":0,"lost_sales":0,"has_location":null,"update_date":"2026-02-02T14:22:02","atum_locations":[],"atum_stock_status":"instock","restock_status":false,"low_stock_amount":"","sales_update_date":"2026-01-30T01:24:54","calc_backorders":null,"_links":{"self":[{"href":"https:\/\/aromasentia.com\/fr\/wp-json\/wp\/v2\/product\/219260","targetHints":{"allow":["GET"]}}],"collection":[{"href":"https:\/\/aromasentia.com\/fr\/wp-json\/wp\/v2\/product"}],"about":[{"href":"https:\/\/aromasentia.com\/fr\/wp-json\/wp\/v2\/types\/product"}],"replies":[{"embeddable":true,"href":"https:\/\/aromasentia.com\/fr\/wp-json\/wp\/v2\/comments?post=219260"}],"version-history":[{"count":0,"href":"https:\/\/aromasentia.com\/fr\/wp-json\/wp\/v2\/product\/219260\/revisions"}],"wp:featuredmedia":[{"embeddable":true,"href":"https:\/\/aromasentia.com\/fr\/wp-json\/wp\/v2\/media\/423867"}],"wp:attachment":[{"href":"https:\/\/aromasentia.com\/fr\/wp-json\/wp\/v2\/media?parent=219260"}],"wp:term":[{"taxonomy":"product_brand","embeddable":true,"href":"https:\/\/aromasentia.com\/fr\/wp-json\/wp\/v2\/product_brand?post=219260"},{"taxonomy":"product_cat","embeddable":true,"href":"https:\/\/aromasentia.com\/fr\/wp-json\/wp\/v2\/product_cat?post=219260"},{"taxonomy":"product_tag","embeddable":true,"href":"https:\/\/aromasentia.com\/fr\/wp-json\/wp\/v2\/product_tag?post=219260"}],"curies":[{"name":"wp","href":"https:\/\/api.w.org\/{rel}","templated":true}]}}