{"id":219076,"date":"2025-03-23T11:06:40","date_gmt":"2025-03-23T11:06:40","guid":{"rendered":"https:\/\/aromasentia.com\/product\/twentyfour-compartment-display-tray\/"},"modified":"2025-12-30T18:57:22","modified_gmt":"2025-12-30T18:57:22","slug":"plateau-daffichage-a-vingt-quatre-compartiments","status":"publish","type":"product","link":"https:\/\/aromasentia.com\/fr\/plateau-daffichage-a-vingt-quatre-compartiments\/","title":{"rendered":"Plateau d&rsquo;affichage \u00e0 vingt-quatre compartiments"},"content":{"rendered":"<p><strong><span style=\"color: rgb(75, 80, 88);\">Pr\u00e9sentoir \u00e0 bijoux<\/span><\/strong> en gros, fabriqu\u00e9 \u00e0 partir de polyur\u00e9thane naturel, fini \u00e0 la main avec un pr\u00e9sentoir \u00e0 vingt-quatre compartiments, id\u00e9al pour pr\u00e9senter des bijoux et des pierres pr\u00e9cieuses.&nbsp;<\/p>\n<p>Le pr\u00e9sentoir \u00e0 compartiments est parfait pour les comptoirs, les vitrines et autres pr\u00e9sentoirs d&rsquo;atelier.&nbsp;<\/p>\n<p><strong><span style=\"color: rgb(141, 186, 216);\">Commandez aujourd&rsquo;hui pour cr\u00e9er un coin bijoux parfait dans votre magasin.&nbsp;<\/span><\/strong><\/p>\n<p><strong><span style=\"color: rgb(75, 80, 88);\">Tailles : Hauteur 24cm, Largeur 35cm, Longueur 3cm Poids 605g<\/span><\/strong><\/p>\n<p><strong><span style=\"color: rgb(75, 80, 88);\">Dimensions compartiments : 5&#215;5,6 cm<\/span><\/strong><\/p>\n","protected":false},"excerpt":{"rendered":"<p>Pr\u00e9sentoir \u00e0 bijoux en gros, fabriqu\u00e9 \u00e0 partir de polyur\u00e9thane naturel, fini \u00e0 la main avec un pr\u00e9sentoir \u00e0 vingt-quatre compartiments, id\u00e9al pour pr\u00e9senter des bijoux et des pierres pr\u00e9cieuses.&nbsp; Le pr\u00e9sentoir \u00e0 compartiments est parfait pour les comptoirs, les vitrines et autres pr\u00e9sentoirs d&rsquo;atelier.&nbsp; Commandez aujourd&rsquo;hui pour cr\u00e9er un coin bijoux parfait dans votre [&hellip;]<\/p>\n","protected":false},"featured_media":425887,"comment_status":"closed","ping_status":"open","template":"","meta":{"_angie_page":false},"product_brand":[],"product_cat":[14520],"product_tag":[],"class_list":{"0":"post-219076","1":"product","2":"type-product","3":"status-publish","4":"has-post-thumbnail","6":"product_cat-bijoux-et-accessoires","7":"pa_collection-natural-rattan-jewellery-display-stands-fr","8":"pa_made-in-chine","10":"first","11":"instock","12":"purchasable","13":"product-type-simple"},"supplier_id":null,"supplier_sku":"NatJD-14","barcode":null,"atum_controlled":true,"out_stock_date":null,"out_stock_threshold":null,"inheritable":false,"inbound_stock":null,"stock_on_hold":0,"sold_today":0,"sales_last_days":0,"reserved_stock":null,"customer_returns":null,"warehouse_damage":null,"lost_in_post":null,"other_logs":null,"out_stock_days":0,"lost_sales":0,"has_location":null,"update_date":"2026-05-08T05:14:28","atum_locations":[],"atum_stock_status":"instock","restock_status":false,"low_stock_amount":"","sales_update_date":"2025-09-03T00:16:17","calc_backorders":null,"_links":{"self":[{"href":"https:\/\/aromasentia.com\/fr\/wp-json\/wp\/v2\/product\/219076","targetHints":{"allow":["GET"]}}],"collection":[{"href":"https:\/\/aromasentia.com\/fr\/wp-json\/wp\/v2\/product"}],"about":[{"href":"https:\/\/aromasentia.com\/fr\/wp-json\/wp\/v2\/types\/product"}],"replies":[{"embeddable":true,"href":"https:\/\/aromasentia.com\/fr\/wp-json\/wp\/v2\/comments?post=219076"}],"version-history":[{"count":0,"href":"https:\/\/aromasentia.com\/fr\/wp-json\/wp\/v2\/product\/219076\/revisions"}],"wp:featuredmedia":[{"embeddable":true,"href":"https:\/\/aromasentia.com\/fr\/wp-json\/wp\/v2\/media\/425887"}],"wp:attachment":[{"href":"https:\/\/aromasentia.com\/fr\/wp-json\/wp\/v2\/media?parent=219076"}],"wp:term":[{"taxonomy":"product_brand","embeddable":true,"href":"https:\/\/aromasentia.com\/fr\/wp-json\/wp\/v2\/product_brand?post=219076"},{"taxonomy":"product_cat","embeddable":true,"href":"https:\/\/aromasentia.com\/fr\/wp-json\/wp\/v2\/product_cat?post=219076"},{"taxonomy":"product_tag","embeddable":true,"href":"https:\/\/aromasentia.com\/fr\/wp-json\/wp\/v2\/product_tag?post=219076"}],"curies":[{"name":"wp","href":"https:\/\/api.w.org\/{rel}","templated":true}]}}