{"id":219064,"date":"2025-03-23T11:06:40","date_gmt":"2025-03-23T11:06:40","guid":{"rendered":"https:\/\/aromasentia.com\/product\/large-bangle-t-stand-cream\/"},"modified":"2025-12-30T18:57:22","modified_gmt":"2025-12-30T18:57:22","slug":"grand-support-jonc-en-t-creme","status":"publish","type":"product","link":"https:\/\/aromasentia.com\/fr\/grand-support-jonc-en-t-creme\/","title":{"rendered":"Grand support jonc en \u00ab\u00a0T\u00a0\u00bb &#8211; Cr\u00e8me"},"content":{"rendered":"<p><strong><span style=\"color: rgb(75, 80, 88);\">Pr\u00e9sentoirs \u00e0 bracelets pour bijoux<\/span><\/strong> en gros, grand support \u00e0 bracelets en \u00ab\u00a0T\u00a0\u00bb en polyur\u00e9thane naturel, fini \u00e0 la main pour mettre en valeur des bracelets, des bracelets et d&rsquo;autres bijoux fantaisie.&nbsp;<\/p>\n<p>Ces formes en polyur\u00e9thane pinnables sont envelopp\u00e9es \u00e9troitement avec du papier naturel torsad\u00e9 pour donner un effet de rotin naturel \u00e9l\u00e9gant et saisissant qui contraste avec les bijoux pour ajouter du style et de la sophistication.&nbsp;<\/p>\n<p>Disponible en trois tailles et couleurs diff\u00e9rentes pour permettre un potentiel d&rsquo;affichage maximal.&nbsp;<\/p>\n<p>Parfait pour les comptoirs, les vitrines et autres pr\u00e9sentoirs d&rsquo;atelier.<\/p>\n<p><strong><span style=\"color: rgb(141, 186, 216);\">Commandez aujourd&rsquo;hui pour cr\u00e9er un coin bijoux parfait dans votre magasin. <\/span><\/strong><\/p>\n<p><strong><span style=\"color: rgb(75, 80, 88);\">Tailles : Hauteur 25cm, Largeur 24cm, Diam\u00e8tre 5cm, Longueur 14cm Poids 670g<\/span><\/strong><\/p>\n","protected":false},"excerpt":{"rendered":"<p>Pr\u00e9sentoirs \u00e0 bracelets pour bijoux en gros, grand support \u00e0 bracelets en \u00ab\u00a0T\u00a0\u00bb en polyur\u00e9thane naturel, fini \u00e0 la main pour mettre en valeur des bracelets, des bracelets et d&rsquo;autres bijoux fantaisie.&nbsp; Ces formes en polyur\u00e9thane pinnables sont envelopp\u00e9es \u00e9troitement avec du papier naturel torsad\u00e9 pour donner un effet de rotin naturel \u00e9l\u00e9gant et saisissant [&hellip;]<\/p>\n","protected":false},"featured_media":425836,"comment_status":"closed","ping_status":"open","template":"","meta":[],"product_brand":[],"product_cat":[14520],"product_tag":[],"class_list":{"0":"post-219064","1":"product","2":"type-product","3":"status-publish","4":"has-post-thumbnail","6":"product_cat-bijoux-et-accessoires","7":"pa_collection-natural-rattan-jewellery-display-stands-fr","8":"pa_made-in-chine","10":"first","11":"instock","12":"purchasable","13":"product-type-simple"},"supplier_id":null,"supplier_sku":"NatJD-04","barcode":null,"atum_controlled":true,"out_stock_date":null,"out_stock_threshold":null,"inheritable":false,"inbound_stock":null,"stock_on_hold":0,"sold_today":0,"sales_last_days":0,"reserved_stock":null,"customer_returns":null,"warehouse_damage":null,"lost_in_post":null,"other_logs":null,"out_stock_days":0,"lost_sales":0,"has_location":null,"update_date":"2026-01-30T01:24:33","atum_locations":[],"atum_stock_status":"instock","restock_status":false,"low_stock_amount":"","sales_update_date":"2026-01-30T01:24:33","calc_backorders":null,"_links":{"self":[{"href":"https:\/\/aromasentia.com\/fr\/wp-json\/wp\/v2\/product\/219064","targetHints":{"allow":["GET"]}}],"collection":[{"href":"https:\/\/aromasentia.com\/fr\/wp-json\/wp\/v2\/product"}],"about":[{"href":"https:\/\/aromasentia.com\/fr\/wp-json\/wp\/v2\/types\/product"}],"replies":[{"embeddable":true,"href":"https:\/\/aromasentia.com\/fr\/wp-json\/wp\/v2\/comments?post=219064"}],"version-history":[{"count":0,"href":"https:\/\/aromasentia.com\/fr\/wp-json\/wp\/v2\/product\/219064\/revisions"}],"wp:featuredmedia":[{"embeddable":true,"href":"https:\/\/aromasentia.com\/fr\/wp-json\/wp\/v2\/media\/425836"}],"wp:attachment":[{"href":"https:\/\/aromasentia.com\/fr\/wp-json\/wp\/v2\/media?parent=219064"}],"wp:term":[{"taxonomy":"product_brand","embeddable":true,"href":"https:\/\/aromasentia.com\/fr\/wp-json\/wp\/v2\/product_brand?post=219064"},{"taxonomy":"product_cat","embeddable":true,"href":"https:\/\/aromasentia.com\/fr\/wp-json\/wp\/v2\/product_cat?post=219064"},{"taxonomy":"product_tag","embeddable":true,"href":"https:\/\/aromasentia.com\/fr\/wp-json\/wp\/v2\/product_tag?post=219064"}],"curies":[{"name":"wp","href":"https:\/\/api.w.org\/{rel}","templated":true}]}}