{"id":219028,"date":"2025-03-23T11:06:40","date_gmt":"2025-03-23T11:06:40","guid":{"rendered":"https:\/\/aromasentia.com\/product\/magnetic-hematite-shamballa-bracelet-flat-cubes\/"},"modified":"2025-12-30T18:57:14","modified_gmt":"2025-12-30T18:57:14","slug":"bracelets-shamballa-hematite-magnetique-cubes-plats","status":"publish","type":"product","link":"https:\/\/aromasentia.com\/fr\/bracelets-shamballa-hematite-magnetique-cubes-plats\/","title":{"rendered":"Bracelets Shamballa H\u00e9matite Magn\u00e9tique &#8211; Cubes Plats"},"content":{"rendered":"<p>Ces <strong><span style=\"color: rgb(75, 80, 88);\">bracelets Shamballa magn\u00e9tique en h\u00e9matite &#8211; Cubes Plats<\/span><\/strong> est unisexe, taille unique, tout noir, chacun trouvera celui qui lui convient. Ce magnifique bracelet est un type de bijoux g\u00e9n\u00e9ralement fabriqu\u00e9 \u00e0 partir de petites perles d&rsquo;h\u00e9matite, un min\u00e9ral naturellement magn\u00e9tique.&nbsp;<\/p>\n<p>Le bracelet est fabriqu\u00e9 avec un n\u0153ud coulissant en macram\u00e9 pour un ajustement r\u00e9glable qui permet au bracelet de s&rsquo;\u00e9tirer sur la main et de s&rsquo;adapter confortablement au poignet.&nbsp;<\/p>\n<p>Le style shamballa est un symbole bouddhiste traditionnel de la paix int\u00e9rieure et de l&rsquo;illumination, et l&rsquo;h\u00e9matite magn\u00e9tique aurait des propri\u00e9t\u00e9s curatives et favoriserait le bien-\u00eatre g\u00e9n\u00e9ral.&nbsp;<\/p>\n<p><strong><span style=\"color: rgb(141, 186, 216);\">Faites le plein de ces bracelets et regardez-les s&rsquo;envoler de vos \u00e9tag\u00e8res.<\/span><\/strong><\/p>\n","protected":false},"excerpt":{"rendered":"<p>Ces bracelets Shamballa magn\u00e9tique en h\u00e9matite &#8211; Cubes Plats est unisexe, taille unique, tout noir, chacun trouvera celui qui lui convient. Ce magnifique bracelet est un type de bijoux g\u00e9n\u00e9ralement fabriqu\u00e9 \u00e0 partir de petites perles d&rsquo;h\u00e9matite, un min\u00e9ral naturellement magn\u00e9tique.&nbsp; Le bracelet est fabriqu\u00e9 avec un n\u0153ud coulissant en macram\u00e9 pour un ajustement r\u00e9glable [&hellip;]<\/p>\n","protected":false},"featured_media":425611,"comment_status":"closed","ping_status":"open","template":"","meta":{"_angie_page":false},"product_brand":[],"product_cat":[14520,25206,25620,25226],"product_tag":[],"class_list":{"0":"post-219028","1":"product","2":"type-product","3":"status-publish","4":"has-post-thumbnail","6":"product_cat-bijoux-et-accessoires","7":"product_cat-bracelets","8":"product_cat-hematite","9":"product_cat-pierres-et-mineraux","10":"pa_collection-magnetic-hematite-shamballa-bracelet-fr","11":"pa_made-in-chine","13":"first","14":"instock","15":"purchasable","16":"product-type-simple"},"supplier_id":null,"supplier_sku":"MHSB-08","barcode":null,"atum_controlled":true,"out_stock_date":null,"out_stock_threshold":null,"inheritable":false,"inbound_stock":null,"stock_on_hold":0,"sold_today":0,"sales_last_days":0,"reserved_stock":null,"customer_returns":null,"warehouse_damage":null,"lost_in_post":null,"other_logs":null,"out_stock_days":0,"lost_sales":0,"has_location":null,"update_date":"2026-04-27T07:12:59","atum_locations":[],"atum_stock_status":"instock","restock_status":false,"low_stock_amount":"","sales_update_date":"2026-01-30T01:24:37","calc_backorders":null,"_links":{"self":[{"href":"https:\/\/aromasentia.com\/fr\/wp-json\/wp\/v2\/product\/219028","targetHints":{"allow":["GET"]}}],"collection":[{"href":"https:\/\/aromasentia.com\/fr\/wp-json\/wp\/v2\/product"}],"about":[{"href":"https:\/\/aromasentia.com\/fr\/wp-json\/wp\/v2\/types\/product"}],"replies":[{"embeddable":true,"href":"https:\/\/aromasentia.com\/fr\/wp-json\/wp\/v2\/comments?post=219028"}],"version-history":[{"count":0,"href":"https:\/\/aromasentia.com\/fr\/wp-json\/wp\/v2\/product\/219028\/revisions"}],"wp:featuredmedia":[{"embeddable":true,"href":"https:\/\/aromasentia.com\/fr\/wp-json\/wp\/v2\/media\/425611"}],"wp:attachment":[{"href":"https:\/\/aromasentia.com\/fr\/wp-json\/wp\/v2\/media?parent=219028"}],"wp:term":[{"taxonomy":"product_brand","embeddable":true,"href":"https:\/\/aromasentia.com\/fr\/wp-json\/wp\/v2\/product_brand?post=219028"},{"taxonomy":"product_cat","embeddable":true,"href":"https:\/\/aromasentia.com\/fr\/wp-json\/wp\/v2\/product_cat?post=219028"},{"taxonomy":"product_tag","embeddable":true,"href":"https:\/\/aromasentia.com\/fr\/wp-json\/wp\/v2\/product_tag?post=219028"}],"curies":[{"name":"wp","href":"https:\/\/api.w.org\/{rel}","templated":true}]}}