{"id":218736,"date":"2025-03-23T11:06:55","date_gmt":"2025-03-23T11:06:55","guid":{"rendered":"https:\/\/aromasentia.com\/product\/selenite-heart-pendant\/"},"modified":"2025-12-30T18:56:50","modified_gmt":"2025-12-30T18:56:50","slug":"pendentif-coeur-selenite","status":"publish","type":"product","link":"https:\/\/aromasentia.com\/fr\/pendentif-coeur-selenite\/","title":{"rendered":"Pendentif Coeur S\u00e9l\u00e9nite"},"content":{"rendered":"<p><strong><span style=\"color: rgb(75, 80, 88);\">Les pendentifs en s\u00e9l\u00e9nite<\/span><\/strong> sont de merveilleux talismans faits de s\u00e9l\u00e9nite naturelle et brute. D\u00e9licat, l\u00e9ger et beau.&nbsp;<\/p>\n<p>La s\u00e9l\u00e9nite blanche scintille merveilleusement en r\u00e9fl\u00e9chissant la lumi\u00e8re et son \u00e9clat rappelle le clair de lune. Cette pierre est consid\u00e9r\u00e9e comme id\u00e9ale pour la m\u00e9ditation, la relaxation profonde et le calme des nerfs.&nbsp;<\/p>\n<p>Selon la lithoth\u00e9rapie, elle stimule \u00e9galement l&rsquo;intuition et soutient le d\u00e9veloppement spirituel. La lune \u00e9tait le plus souvent associ\u00e9e \u00e0 l&rsquo;\u00e9nergie f\u00e9minine, c&rsquo;est pourquoi nous recommandons les pendentifs en s\u00e9l\u00e9nite principalement aux femmes.&nbsp;<\/p>\n<p>Des formes simples et universelles et des couleurs d\u00e9licates en font un bon ajout \u00e0 presque tous les types de garde-robe. Ce sont de beaux bijoux, gr\u00e2ce auxquels vous pouvez sentir le pouvoir de soutien des pierres.&nbsp;<\/p>\n<p><strong><span style=\"color: rgb(141, 186, 216);\">Commandez d\u00e8s aujourd&rsquo;hui ces pendentifs en s\u00e9l\u00e9nite pour offrir \u00e0 vos clientes les meilleurs bijoux \u00e9sot\u00e9riques, un succ\u00e8s garanti pour votre boutique !<\/span><\/strong><\/p>\n","protected":false},"excerpt":{"rendered":"<p>Les pendentifs en s\u00e9l\u00e9nite sont de merveilleux talismans faits de s\u00e9l\u00e9nite naturelle et brute. D\u00e9licat, l\u00e9ger et beau.&nbsp; La s\u00e9l\u00e9nite blanche scintille merveilleusement en r\u00e9fl\u00e9chissant la lumi\u00e8re et son \u00e9clat rappelle le clair de lune. Cette pierre est consid\u00e9r\u00e9e comme id\u00e9ale pour la m\u00e9ditation, la relaxation profonde et le calme des nerfs.&nbsp; Selon la lithoth\u00e9rapie, [&hellip;]<\/p>\n","protected":false},"featured_media":429169,"comment_status":"closed","ping_status":"open","template":"","meta":{"_angie_page":false},"product_brand":[],"product_cat":[14520,25218,25226,19113],"product_tag":[],"class_list":{"0":"post-218736","1":"product","2":"type-product","3":"status-publish","4":"has-post-thumbnail","6":"product_cat-bijoux-et-accessoires","7":"product_cat-colliers-et-pendentifs","8":"product_cat-pierres-et-mineraux","9":"product_cat-selenite","10":"pa_collection-selenite-pendants-fr","11":"pa_made-in-maroc","13":"first","14":"instock","15":"purchasable","16":"product-type-simple"},"supplier_id":null,"supplier_sku":"SelPen-01","barcode":null,"atum_controlled":true,"out_stock_date":null,"out_stock_threshold":null,"inheritable":false,"inbound_stock":null,"stock_on_hold":0,"sold_today":0,"sales_last_days":0,"reserved_stock":null,"customer_returns":null,"warehouse_damage":null,"lost_in_post":null,"other_logs":null,"out_stock_days":0,"lost_sales":0,"has_location":null,"update_date":"2026-05-04T00:04:58","atum_locations":[],"atum_stock_status":"instock","restock_status":false,"low_stock_amount":"","sales_update_date":"2025-09-03T00:16:00","calc_backorders":null,"_links":{"self":[{"href":"https:\/\/aromasentia.com\/fr\/wp-json\/wp\/v2\/product\/218736","targetHints":{"allow":["GET"]}}],"collection":[{"href":"https:\/\/aromasentia.com\/fr\/wp-json\/wp\/v2\/product"}],"about":[{"href":"https:\/\/aromasentia.com\/fr\/wp-json\/wp\/v2\/types\/product"}],"replies":[{"embeddable":true,"href":"https:\/\/aromasentia.com\/fr\/wp-json\/wp\/v2\/comments?post=218736"}],"version-history":[{"count":0,"href":"https:\/\/aromasentia.com\/fr\/wp-json\/wp\/v2\/product\/218736\/revisions"}],"wp:featuredmedia":[{"embeddable":true,"href":"https:\/\/aromasentia.com\/fr\/wp-json\/wp\/v2\/media\/429169"}],"wp:attachment":[{"href":"https:\/\/aromasentia.com\/fr\/wp-json\/wp\/v2\/media?parent=218736"}],"wp:term":[{"taxonomy":"product_brand","embeddable":true,"href":"https:\/\/aromasentia.com\/fr\/wp-json\/wp\/v2\/product_brand?post=218736"},{"taxonomy":"product_cat","embeddable":true,"href":"https:\/\/aromasentia.com\/fr\/wp-json\/wp\/v2\/product_cat?post=218736"},{"taxonomy":"product_tag","embeddable":true,"href":"https:\/\/aromasentia.com\/fr\/wp-json\/wp\/v2\/product_tag?post=218736"}],"curies":[{"name":"wp","href":"https:\/\/api.w.org\/{rel}","templated":true}]}}