{"id":218700,"date":"2025-03-23T11:06:55","date_gmt":"2025-03-23T11:06:55","guid":{"rendered":"https:\/\/aromasentia.com\/product\/silver-angel-bell-romance-18mm\/"},"modified":"2025-06-23T18:19:20","modified_gmt":"2025-06-23T18:19:20","slug":"clochettes-dange-en-argent-romance-18mm","status":"publish","type":"product","link":"https:\/\/aromasentia.com\/fr\/clochettes-dange-en-argent-romance-18mm\/","title":{"rendered":"Clochettes d&rsquo;ange en argent &#8211; Romance &#8211; 18mm"},"content":{"rendered":"<p>Ces clocheettes en argent sont fabriqu\u00e9es \u00e0 la main avec amour et b\u00e9n\u00e9diction sur les bords de la montagne sacr\u00e9e Ubud, au coeur de Bali. Tout en les portant, vous entendrez le doux son de la clochette.<\/p>\n<p>Le bruit de la petite cloche accompagnera le porteur en \u00e9voquant toujours la pr\u00e9sence \u00e9ventuelle d&apos;anges. Avec une bonne fortune et un c\u0153ur ouvert, on esp\u00e8re que la cloche pourra \u00e9galement attirer l&apos;attention des \u00eatres c\u00e9lestes.<\/p>\n<p>Chaque cloche en argent a re&ccedil;u un nom porteur.<\/p>\n<p>Un cadeau d&apos;une cloche d&apos;ange en argent est vraiment un cadeau du c\u0153ur. Cordons de cou \u00e9galement avec d\u00e9tail et fermoirs en argent.<\/p>\n<p>Les cloches sont faites en laiton, c\u00e9ramique et en r\u00e9sine.<\/p>\n","protected":false},"excerpt":{"rendered":"<p>Ces clocheettes en argent sont fabriqu\u00e9es \u00e0 la main avec amour et b\u00e9n\u00e9diction sur les bords de la montagne sacr\u00e9e Ubud, au coeur de Bali. Tout en les portant, vous entendrez le doux son de la clochette. Le bruit de la petite cloche accompagnera le porteur en \u00e9voquant toujours la pr\u00e9sence \u00e9ventuelle d&apos;anges. Avec une [&hellip;]<\/p>\n","protected":false},"featured_media":428920,"comment_status":"closed","ping_status":"open","template":"","meta":{"_angie_page":false},"product_brand":[],"product_cat":[14520],"product_tag":[],"class_list":{"0":"post-218700","1":"product","2":"type-product","3":"status-publish","4":"has-post-thumbnail","6":"product_cat-bijoux-et-accessoires","7":"pa_collection-925-silver-angel-bells-fr","8":"pa_made-in-indonesie","10":"first","11":"outofstock","12":"purchasable","13":"product-type-simple"},"supplier_id":null,"supplier_sku":"SABall-03","barcode":null,"atum_controlled":true,"out_stock_date":"2025-09-05 14:08:56","out_stock_threshold":null,"inheritable":false,"inbound_stock":null,"stock_on_hold":0,"sold_today":0,"sales_last_days":0,"reserved_stock":null,"customer_returns":null,"warehouse_damage":null,"lost_in_post":null,"other_logs":null,"out_stock_days":0,"lost_sales":0,"has_location":null,"update_date":"2026-04-27T07:20:12","atum_locations":[],"atum_stock_status":"outofstock","restock_status":false,"low_stock_amount":"","sales_update_date":"2025-09-03T00:15:59","calc_backorders":null,"_links":{"self":[{"href":"https:\/\/aromasentia.com\/fr\/wp-json\/wp\/v2\/product\/218700","targetHints":{"allow":["GET"]}}],"collection":[{"href":"https:\/\/aromasentia.com\/fr\/wp-json\/wp\/v2\/product"}],"about":[{"href":"https:\/\/aromasentia.com\/fr\/wp-json\/wp\/v2\/types\/product"}],"replies":[{"embeddable":true,"href":"https:\/\/aromasentia.com\/fr\/wp-json\/wp\/v2\/comments?post=218700"}],"version-history":[{"count":0,"href":"https:\/\/aromasentia.com\/fr\/wp-json\/wp\/v2\/product\/218700\/revisions"}],"wp:featuredmedia":[{"embeddable":true,"href":"https:\/\/aromasentia.com\/fr\/wp-json\/wp\/v2\/media\/428920"}],"wp:attachment":[{"href":"https:\/\/aromasentia.com\/fr\/wp-json\/wp\/v2\/media?parent=218700"}],"wp:term":[{"taxonomy":"product_brand","embeddable":true,"href":"https:\/\/aromasentia.com\/fr\/wp-json\/wp\/v2\/product_brand?post=218700"},{"taxonomy":"product_cat","embeddable":true,"href":"https:\/\/aromasentia.com\/fr\/wp-json\/wp\/v2\/product_cat?post=218700"},{"taxonomy":"product_tag","embeddable":true,"href":"https:\/\/aromasentia.com\/fr\/wp-json\/wp\/v2\/product_tag?post=218700"}],"curies":[{"name":"wp","href":"https:\/\/api.w.org\/{rel}","templated":true}]}}