{"id":218632,"date":"2025-03-23T11:06:55","date_gmt":"2025-03-23T11:06:55","guid":{"rendered":"https:\/\/aromasentia.com\/product\/earrings-festive-fir-leaf-silver\/"},"modified":"2025-06-23T18:19:11","modified_gmt":"2025-06-23T18:19:11","slug":"boucles-doreilles-feuille-de-sapin-festive-en-argent","status":"publish","type":"product","link":"https:\/\/aromasentia.com\/fr\/boucles-doreilles-feuille-de-sapin-festive-en-argent\/","title":{"rendered":"Boucles d&rsquo;oreilles &#8211; Feuille de Sapin Festive en Argent"},"content":{"rendered":"<p>Incroyable vente en gros de <strong><span style=\"color: rgb(75, 80, 88);\">Bijoux en Feuilles V\u00e9ritables<\/span><\/strong> &#8211; Boucles d&rsquo;oreilles &#8211; Feuille de sapin festive &#8211; L&rsquo;argent est fabriqu\u00e9 avec de vraies feuilles, s\u00e9lectionn\u00e9es \u00e0 la main et r\u00e9colt\u00e9es sp\u00e9cialement feuille par feuille.&nbsp;<\/p>\n<p>Ensuite, en utilisant une m\u00e9thode unique de galvanoplastie, les feuilles sont progressivement, comme par magie&#8230; transform\u00e9es en m\u00e9tal. Comme il s&rsquo;agit de vraies feuilles, aucune pi\u00e8ce n&rsquo;est tout \u00e0 fait la m\u00eame, donc chaque pi\u00e8ce achet\u00e9e est unique pour le client !&nbsp;<\/p>\n<p>Un cadeau romantique parfait pour tous ceux qui aiment la nature. Id\u00e9al pour toute boutique de cadeaux, mais ceux des zones rurales peuvent trouver plus d&rsquo;affinit\u00e9 avec cette d\u00e9licieuse gamme de bijoux naturels.&nbsp;<\/p>\n<p><strong><span style=\"color: rgb(75, 80, 88);\">Les dimensions du pendentif de la boucle d&rsquo;oreille sont d&rsquo;environ 4&#215;2 (cm).<\/span><\/strong><\/p>\n","protected":false},"excerpt":{"rendered":"<p>Incroyable vente en gros de Bijoux en Feuilles V\u00e9ritables &#8211; Boucles d&rsquo;oreilles &#8211; Feuille de sapin festive &#8211; L&rsquo;argent est fabriqu\u00e9 avec de vraies feuilles, s\u00e9lectionn\u00e9es \u00e0 la main et r\u00e9colt\u00e9es sp\u00e9cialement feuille par feuille.&nbsp; Ensuite, en utilisant une m\u00e9thode unique de galvanoplastie, les feuilles sont progressivement, comme par magie&#8230; transform\u00e9es en m\u00e9tal. Comme il [&hellip;]<\/p>\n","protected":false},"featured_media":428223,"comment_status":"closed","ping_status":"open","template":"","meta":[],"product_brand":[],"product_cat":[14520],"product_tag":[],"class_list":{"0":"post-218632","1":"product","2":"type-product","3":"status-publish","4":"has-post-thumbnail","6":"product_cat-bijoux-et-accessoires","7":"pa_collection-real-leaf-jewellery-fr","8":"pa_made-in-chine","10":"first","11":"outofstock","12":"purchasable","13":"product-type-simple"},"supplier_id":null,"supplier_sku":"POT-16A","barcode":null,"atum_controlled":true,"out_stock_date":"2025-10-09 11:00:31","out_stock_threshold":null,"inheritable":false,"inbound_stock":null,"stock_on_hold":0,"sold_today":0,"sales_last_days":0,"reserved_stock":null,"customer_returns":null,"warehouse_damage":null,"lost_in_post":null,"other_logs":null,"out_stock_days":112,"lost_sales":0,"has_location":null,"update_date":"2026-01-30T01:25:03","atum_locations":[],"atum_stock_status":"outofstock","restock_status":false,"low_stock_amount":"","sales_update_date":"2026-01-30T01:25:03","calc_backorders":null,"_links":{"self":[{"href":"https:\/\/aromasentia.com\/fr\/wp-json\/wp\/v2\/product\/218632","targetHints":{"allow":["GET"]}}],"collection":[{"href":"https:\/\/aromasentia.com\/fr\/wp-json\/wp\/v2\/product"}],"about":[{"href":"https:\/\/aromasentia.com\/fr\/wp-json\/wp\/v2\/types\/product"}],"replies":[{"embeddable":true,"href":"https:\/\/aromasentia.com\/fr\/wp-json\/wp\/v2\/comments?post=218632"}],"version-history":[{"count":0,"href":"https:\/\/aromasentia.com\/fr\/wp-json\/wp\/v2\/product\/218632\/revisions"}],"wp:featuredmedia":[{"embeddable":true,"href":"https:\/\/aromasentia.com\/fr\/wp-json\/wp\/v2\/media\/428223"}],"wp:attachment":[{"href":"https:\/\/aromasentia.com\/fr\/wp-json\/wp\/v2\/media?parent=218632"}],"wp:term":[{"taxonomy":"product_brand","embeddable":true,"href":"https:\/\/aromasentia.com\/fr\/wp-json\/wp\/v2\/product_brand?post=218632"},{"taxonomy":"product_cat","embeddable":true,"href":"https:\/\/aromasentia.com\/fr\/wp-json\/wp\/v2\/product_cat?post=218632"},{"taxonomy":"product_tag","embeddable":true,"href":"https:\/\/aromasentia.com\/fr\/wp-json\/wp\/v2\/product_tag?post=218632"}],"curies":[{"name":"wp","href":"https:\/\/api.w.org\/{rel}","templated":true}]}}