{"id":218556,"date":"2025-03-23T11:07:03","date_gmt":"2025-03-23T11:07:03","guid":{"rendered":"https:\/\/aromasentia.com\/product\/twelve-compartment-display-tray-35x24cm\/"},"modified":"2025-12-30T18:56:34","modified_gmt":"2025-12-30T18:56:34","slug":"presentoir-a-douze-compartiments-35x24cm","status":"publish","type":"product","link":"https:\/\/aromasentia.com\/fr\/presentoir-a-douze-compartiments-35x24cm\/","title":{"rendered":"Pr\u00e9sentoir \u00e0 Douze Compartiments 35x24cm"},"content":{"rendered":"<p>Ce plateau de pr\u00e9sentation en velours, \u00e9l\u00e9gant et polyvalent, est parfait pour mettre en valeur une grande vari\u00e9t\u00e9 de bijoux.&nbsp;<\/p>\n<p>Il comporte <strong>douze compartiments<\/strong> de m\u00eame taille, ce qui vous permet d&rsquo;organiser et d&rsquo;exposer soigneusement vos boucles d&rsquo;oreilles, bagues, colliers et bracelets.&nbsp;<\/p>\n<p>Le plateau est <strong>doubl\u00e9 de velours sarcelle<\/strong> doux pour prot\u00e9ger les bijoux et ajouter une touche de luxe.&nbsp;<\/p>\n<p>Le cadre en bois naturel apporte une touche chaleureuse et accueillante.&nbsp;<\/p>\n<p><strong>Ce plateau est id\u00e9al pour les bijouteries, les boutiques et la maison. <em>Dimensions : 35 cm x 24 cm : 35cm x 24cm<\/em><\/strong> <\/p>\n","protected":false},"excerpt":{"rendered":"<p>Ce plateau de pr\u00e9sentation en velours, \u00e9l\u00e9gant et polyvalent, est parfait pour mettre en valeur une grande vari\u00e9t\u00e9 de bijoux.&nbsp; Il comporte douze compartiments de m\u00eame taille, ce qui vous permet d&rsquo;organiser et d&rsquo;exposer soigneusement vos boucles d&rsquo;oreilles, bagues, colliers et bracelets.&nbsp; Le plateau est doubl\u00e9 de velours sarcelle doux pour prot\u00e9ger les bijoux et [&hellip;]<\/p>\n","protected":false},"featured_media":431470,"comment_status":"closed","ping_status":"open","template":"","meta":{"_angie_page":false},"product_brand":[],"product_cat":[14520],"product_tag":[],"class_list":{"0":"post-218556","1":"product","2":"type-product","3":"status-publish","4":"has-post-thumbnail","6":"product_cat-bijoux-et-accessoires","7":"pa_collection-velvet-jewellery-displays-fr","8":"pa_made-in-chine","10":"first","11":"instock","12":"purchasable","13":"product-type-simple"},"supplier_id":null,"supplier_sku":"VJD-01","barcode":null,"atum_controlled":true,"out_stock_date":null,"out_stock_threshold":null,"inheritable":false,"inbound_stock":null,"stock_on_hold":0,"sold_today":0,"sales_last_days":0,"reserved_stock":null,"customer_returns":null,"warehouse_damage":null,"lost_in_post":null,"other_logs":null,"out_stock_days":0,"lost_sales":0,"has_location":null,"update_date":"2026-04-27T07:26:25","atum_locations":[],"atum_stock_status":"instock","restock_status":false,"low_stock_amount":"","sales_update_date":"2026-01-20T05:14:33","calc_backorders":null,"_links":{"self":[{"href":"https:\/\/aromasentia.com\/fr\/wp-json\/wp\/v2\/product\/218556","targetHints":{"allow":["GET"]}}],"collection":[{"href":"https:\/\/aromasentia.com\/fr\/wp-json\/wp\/v2\/product"}],"about":[{"href":"https:\/\/aromasentia.com\/fr\/wp-json\/wp\/v2\/types\/product"}],"replies":[{"embeddable":true,"href":"https:\/\/aromasentia.com\/fr\/wp-json\/wp\/v2\/comments?post=218556"}],"version-history":[{"count":0,"href":"https:\/\/aromasentia.com\/fr\/wp-json\/wp\/v2\/product\/218556\/revisions"}],"wp:featuredmedia":[{"embeddable":true,"href":"https:\/\/aromasentia.com\/fr\/wp-json\/wp\/v2\/media\/431470"}],"wp:attachment":[{"href":"https:\/\/aromasentia.com\/fr\/wp-json\/wp\/v2\/media?parent=218556"}],"wp:term":[{"taxonomy":"product_brand","embeddable":true,"href":"https:\/\/aromasentia.com\/fr\/wp-json\/wp\/v2\/product_brand?post=218556"},{"taxonomy":"product_cat","embeddable":true,"href":"https:\/\/aromasentia.com\/fr\/wp-json\/wp\/v2\/product_cat?post=218556"},{"taxonomy":"product_tag","embeddable":true,"href":"https:\/\/aromasentia.com\/fr\/wp-json\/wp\/v2\/product_tag?post=218556"}],"curies":[{"name":"wp","href":"https:\/\/api.w.org\/{rel}","templated":true}]}}