{"id":218552,"date":"2025-03-23T11:07:03","date_gmt":"2025-03-23T11:07:03","guid":{"rendered":"https:\/\/aromasentia.com\/product\/temple-string-bracelet-spiritual-grounding\/"},"modified":"2025-06-23T18:19:00","modified_gmt":"2025-06-23T18:19:00","slug":"bracelet-de-cordes-de-temple-enracinement-spirituel","status":"publish","type":"product","link":"https:\/\/aromasentia.com\/fr\/bracelet-de-cordes-de-temple-enracinement-spirituel\/","title":{"rendered":"Bracelet de Cordes de Temple &#8211; Enracinement Spirituel"},"content":{"rendered":"<p>Entrez dans un monde d\u2019\u00e9merveillement spirituel avec ces <strong><span style=\"color: rgb(75, 80, 88);\">Bracelets \u00e0 cordes de temple en gros.<\/span><\/strong> Ce ne sont pas seulement des accessoires ; ce sont les guides de d\u00e9couverte de soi et d&rsquo;illumination de vos clients, venus directement du c\u0153ur de l&rsquo;Indon\u00e9sie.&nbsp;<\/p>\n<p>Chaque bracelet Temple String est unisexe et de taille unique, gr\u00e2ce \u00e0 un cordon r\u00e9glable qui s&rsquo;adapte confortablement \u00e0 n&rsquo;importe quel poignet. Le charmant emballage en sac en papier pr\u00e9sente une image de temple enchanteresse et le nom du bracelet. De plus, une br\u00e8ve description en anglais vous permet de guider vos clients vers le bracelet parfait pour leurs besoins.&nbsp;<\/p>\n<p><strong><span style=\"color: rgb(0, 0, 0);\">Portez ce bracelet si vous \u00eates d\u00e9termin\u00e9 \u00e0 r\u00e9aliser quelque chose.&nbsp;<\/span><\/strong><\/p>\n<p>Votre bracelet \u00e0 cordon noir symbolise l\u2019ancrage spirituel, l\u2019\u00e9quilibre et la d\u00e9termination. Vous aurez peut-\u00eatre besoin d\u2019une pouss\u00e9e invisible, de quelque chose qui vous permettra d\u2019avancer dans la vie. Avec l&rsquo;aide du &laquo; Spiritual Grounding &raquo;, vous pouvez vous concentrer et emp\u00eacher les pens\u00e9es n\u00e9gatives de ruiner votre chemin vers le succ\u00e8s.&nbsp;<\/p>\n<p>Le bouddhisme enseigne que chacun doit trouver un \u00e9quilibre entre les qualit\u00e9s f\u00e9minines et masculines dans la vie.&nbsp;<\/p>\n<p>Cet \u00e9quilibre a \u00e9veill\u00e9 l\u2019esprit et permet de voir les situations sous un nouveau jour, vous ouvrant \u00e0 la cr\u00e9ativit\u00e9 et \u00e0 la r\u00e9ussite.<\/p>\n","protected":false},"excerpt":{"rendered":"<p>Entrez dans un monde d\u2019\u00e9merveillement spirituel avec ces Bracelets \u00e0 cordes de temple en gros. Ce ne sont pas seulement des accessoires ; ce sont les guides de d\u00e9couverte de soi et d&rsquo;illumination de vos clients, venus directement du c\u0153ur de l&rsquo;Indon\u00e9sie.&nbsp; Chaque bracelet Temple String est unisexe et de taille unique, gr\u00e2ce \u00e0 un [&hellip;]<\/p>\n","protected":false},"featured_media":431429,"comment_status":"closed","ping_status":"open","template":"","meta":[],"product_brand":[],"product_cat":[14520,25206],"product_tag":[],"class_list":{"0":"post-218552","1":"product","2":"type-product","3":"status-publish","4":"has-post-thumbnail","6":"product_cat-bijoux-et-accessoires","7":"product_cat-bracelets","8":"pa_collection-temple-string-bracelet-fr","9":"pa_made-in-indonesie","11":"first","12":"instock","13":"purchasable","14":"product-type-simple"},"supplier_id":null,"supplier_sku":"TSJ-08","barcode":null,"atum_controlled":true,"out_stock_date":null,"out_stock_threshold":null,"inheritable":false,"inbound_stock":null,"stock_on_hold":0,"sold_today":0,"sales_last_days":0,"reserved_stock":null,"customer_returns":null,"warehouse_damage":null,"lost_in_post":null,"other_logs":null,"out_stock_days":0,"lost_sales":0,"has_location":null,"update_date":"2026-02-02T12:54:47","atum_locations":[],"atum_stock_status":"instock","restock_status":false,"low_stock_amount":"","sales_update_date":"2026-01-30T01:24:26","calc_backorders":null,"_links":{"self":[{"href":"https:\/\/aromasentia.com\/fr\/wp-json\/wp\/v2\/product\/218552","targetHints":{"allow":["GET"]}}],"collection":[{"href":"https:\/\/aromasentia.com\/fr\/wp-json\/wp\/v2\/product"}],"about":[{"href":"https:\/\/aromasentia.com\/fr\/wp-json\/wp\/v2\/types\/product"}],"replies":[{"embeddable":true,"href":"https:\/\/aromasentia.com\/fr\/wp-json\/wp\/v2\/comments?post=218552"}],"version-history":[{"count":0,"href":"https:\/\/aromasentia.com\/fr\/wp-json\/wp\/v2\/product\/218552\/revisions"}],"wp:featuredmedia":[{"embeddable":true,"href":"https:\/\/aromasentia.com\/fr\/wp-json\/wp\/v2\/media\/431429"}],"wp:attachment":[{"href":"https:\/\/aromasentia.com\/fr\/wp-json\/wp\/v2\/media?parent=218552"}],"wp:term":[{"taxonomy":"product_brand","embeddable":true,"href":"https:\/\/aromasentia.com\/fr\/wp-json\/wp\/v2\/product_brand?post=218552"},{"taxonomy":"product_cat","embeddable":true,"href":"https:\/\/aromasentia.com\/fr\/wp-json\/wp\/v2\/product_cat?post=218552"},{"taxonomy":"product_tag","embeddable":true,"href":"https:\/\/aromasentia.com\/fr\/wp-json\/wp\/v2\/product_tag?post=218552"}],"curies":[{"name":"wp","href":"https:\/\/api.w.org\/{rel}","templated":true}]}}