{"id":218548,"date":"2025-03-23T11:07:03","date_gmt":"2025-03-23T11:07:03","guid":{"rendered":"https:\/\/aromasentia.com\/product\/temple-string-bracelet-unconditional-love\/"},"modified":"2025-06-23T18:18:59","modified_gmt":"2025-06-23T18:18:59","slug":"bracelet-de-cordes-de-temple-amour-inconditionnel","status":"publish","type":"product","link":"https:\/\/aromasentia.com\/fr\/bracelet-de-cordes-de-temple-amour-inconditionnel\/","title":{"rendered":"Bracelet de Cordes de Temple &#8211; Amour Inconditionnel"},"content":{"rendered":"<p>Entrez dans un monde d\u2019\u00e9merveillement spirituel avec ces <strong><span style=\"color: rgb(75, 80, 88);\">Bracelets \u00e0 cordes de temple en gros<\/span><\/strong>. Ce ne sont pas seulement des accessoires ; ce sont les guides de d\u00e9couverte de soi et d&rsquo;illumination de vos clients, venus directement du c\u0153ur de l&rsquo;Indon\u00e9sie.&nbsp;<\/p>\n<p>Chaque bracelet Temple est unisexe et de taille unique, gr\u00e2ce \u00e0 un cordon r\u00e9glable qui s&rsquo;adapte confortablement \u00e0 n&rsquo;importe quel poignet. Le charmant emballage en sac en papier pr\u00e9sente une image de temple enchanteresse et le nom du bracelet.&nbsp;<\/p>\n<p>De plus, une br\u00e8ve description en anglais vous permet de guider vos clients vers le bracelet parfait pour leurs besoins.&nbsp;<\/p>\n<p><strong><span style=\"color: rgb(226, 80, 65);\">Portez ce bracelet pour c\u00e9l\u00e9brer l&rsquo;amour.<\/span><span style=\"color: rgb(184, 49, 47);\">&nbsp;<\/span><\/strong><\/p>\n<p>Le fil de couleur rouge de votre bracelet est symbolique de l&rsquo;amour. C&rsquo;est le pont entre vous et tout. En nettoyant l&rsquo;esprit de la n\u00e9gativit\u00e9, cette corde de temple peut am\u00e9liorer votre humeur et vous aider \u00e0 entrer en contact avec votre paix int\u00e9rieure.&nbsp;<\/p>\n<p>La signification spirituelle du symbole du c\u0153ur est celle de l&rsquo;amour et de la tendresse, mais combin\u00e9 au fil rouge (symbole de sagesse infinie), ce bracelet est une c\u00e9l\u00e9bration de l&rsquo;amour inconditionnel sans fin.<\/p>\n","protected":false},"excerpt":{"rendered":"<p>Entrez dans un monde d\u2019\u00e9merveillement spirituel avec ces Bracelets \u00e0 cordes de temple en gros. Ce ne sont pas seulement des accessoires ; ce sont les guides de d\u00e9couverte de soi et d&rsquo;illumination de vos clients, venus directement du c\u0153ur de l&rsquo;Indon\u00e9sie.&nbsp; Chaque bracelet Temple est unisexe et de taille unique, gr\u00e2ce \u00e0 un cordon [&hellip;]<\/p>\n","protected":false},"featured_media":431388,"comment_status":"closed","ping_status":"open","template":"","meta":{"_angie_page":false},"product_brand":[],"product_cat":[14520,25206],"product_tag":[],"class_list":{"0":"post-218548","1":"product","2":"type-product","3":"status-publish","4":"has-post-thumbnail","6":"product_cat-bijoux-et-accessoires","7":"product_cat-bracelets","8":"pa_collection-temple-string-bracelet-fr","9":"pa_made-in-indonesie","11":"first","12":"instock","13":"purchasable","14":"product-type-simple"},"supplier_id":null,"supplier_sku":"TSJ-07","barcode":null,"atum_controlled":true,"out_stock_date":null,"out_stock_threshold":null,"inheritable":false,"inbound_stock":null,"stock_on_hold":0,"sold_today":0,"sales_last_days":0,"reserved_stock":null,"customer_returns":null,"warehouse_damage":null,"lost_in_post":null,"other_logs":null,"out_stock_days":0,"lost_sales":0,"has_location":null,"update_date":"2026-04-27T07:25:34","atum_locations":[],"atum_stock_status":"instock","restock_status":false,"low_stock_amount":"","sales_update_date":"2026-01-20T05:14:32","calc_backorders":null,"_links":{"self":[{"href":"https:\/\/aromasentia.com\/fr\/wp-json\/wp\/v2\/product\/218548","targetHints":{"allow":["GET"]}}],"collection":[{"href":"https:\/\/aromasentia.com\/fr\/wp-json\/wp\/v2\/product"}],"about":[{"href":"https:\/\/aromasentia.com\/fr\/wp-json\/wp\/v2\/types\/product"}],"replies":[{"embeddable":true,"href":"https:\/\/aromasentia.com\/fr\/wp-json\/wp\/v2\/comments?post=218548"}],"version-history":[{"count":0,"href":"https:\/\/aromasentia.com\/fr\/wp-json\/wp\/v2\/product\/218548\/revisions"}],"wp:featuredmedia":[{"embeddable":true,"href":"https:\/\/aromasentia.com\/fr\/wp-json\/wp\/v2\/media\/431388"}],"wp:attachment":[{"href":"https:\/\/aromasentia.com\/fr\/wp-json\/wp\/v2\/media?parent=218548"}],"wp:term":[{"taxonomy":"product_brand","embeddable":true,"href":"https:\/\/aromasentia.com\/fr\/wp-json\/wp\/v2\/product_brand?post=218548"},{"taxonomy":"product_cat","embeddable":true,"href":"https:\/\/aromasentia.com\/fr\/wp-json\/wp\/v2\/product_cat?post=218548"},{"taxonomy":"product_tag","embeddable":true,"href":"https:\/\/aromasentia.com\/fr\/wp-json\/wp\/v2\/product_tag?post=218548"}],"curies":[{"name":"wp","href":"https:\/\/api.w.org\/{rel}","templated":true}]}}