{"id":218544,"date":"2025-03-23T11:07:03","date_gmt":"2025-03-23T11:07:03","guid":{"rendered":"https:\/\/aromasentia.com\/product\/temple-string-bracelet-endless-wisdom\/"},"modified":"2025-06-23T18:18:59","modified_gmt":"2025-06-23T18:18:59","slug":"bracelet-de-cordes-de-temple-sagesse-infinie","status":"publish","type":"product","link":"https:\/\/aromasentia.com\/fr\/bracelet-de-cordes-de-temple-sagesse-infinie\/","title":{"rendered":"Bracelet de Cordes de Temple &#8211; Sagesse Infinie"},"content":{"rendered":"<p>Entrez dans un monde d\u2019\u00e9merveillement spirituel avec ces <span style=\"color: rgb(75, 80, 88);\"><strong>Bracelets \u00e0 cordes de temple en gros.<\/strong><\/span> Ce ne sont pas seulement des accessoires ; ce sont les guides de d\u00e9couverte de soi et d&rsquo;illumination de vos clients, venus directement du c\u0153ur de l&rsquo;Indon\u00e9sie.&nbsp;<\/p>\n<p>Chaque bracelet Temple est unisexe et de taille unique, gr\u00e2ce \u00e0 un cordon r\u00e9glable qui s&rsquo;adapte confortablement \u00e0 n&rsquo;importe quel poignet. Le charmant emballage en sac en papier pr\u00e9sente une image de temple enchanteresse et le nom du bracelet.&nbsp;<\/p>\n<p>De plus, une br\u00e8ve description en anglais vous permet de guider vos clients vers le bracelet parfait pour leurs besoins.&nbsp;<\/p>\n<p><strong><span style=\"color: rgb(75, 80, 88);\">Portez ce bracelet pour trouver la sagesse et la protection contre le mal. <\/span><\/strong><\/p>\n<p>Le fil rouge de votre bracelet sert \u00e0 vous prot\u00e9ger et \u00e0 vous aider \u00e0 comprendre la spiritualit\u00e9 et la pleine conscience. Le symbole du n\u0153ud sans fin est un symbole universel de paix et d\u2019illumination.&nbsp;<\/p>\n<p>La ligne entrelac\u00e9e qui se chevauche sans d\u00e9but ni fin repr\u00e9sente la sagesse infinie de Bouddha et symbolise la fa&ccedil;on dont toute la vie sur Terre est connect\u00e9e et li\u00e9e les unes aux autres.<\/p>\n","protected":false},"excerpt":{"rendered":"<p>Entrez dans un monde d\u2019\u00e9merveillement spirituel avec ces Bracelets \u00e0 cordes de temple en gros. Ce ne sont pas seulement des accessoires ; ce sont les guides de d\u00e9couverte de soi et d&rsquo;illumination de vos clients, venus directement du c\u0153ur de l&rsquo;Indon\u00e9sie.&nbsp; Chaque bracelet Temple est unisexe et de taille unique, gr\u00e2ce \u00e0 un cordon [&hellip;]<\/p>\n","protected":false},"featured_media":431347,"comment_status":"closed","ping_status":"open","template":"","meta":[],"product_brand":[],"product_cat":[14520,25206],"product_tag":[],"class_list":{"0":"post-218544","1":"product","2":"type-product","3":"status-publish","4":"has-post-thumbnail","6":"product_cat-bijoux-et-accessoires","7":"product_cat-bracelets","8":"pa_collection-temple-string-bracelet-fr","9":"pa_made-in-indonesie","11":"first","12":"instock","13":"purchasable","14":"product-type-simple"},"supplier_id":null,"supplier_sku":"TSJ-06","barcode":null,"atum_controlled":true,"out_stock_date":null,"out_stock_threshold":null,"inheritable":false,"inbound_stock":null,"stock_on_hold":0,"sold_today":0,"sales_last_days":0,"reserved_stock":null,"customer_returns":null,"warehouse_damage":null,"lost_in_post":null,"other_logs":null,"out_stock_days":0,"lost_sales":0,"has_location":null,"update_date":"2026-02-02T08:32:56","atum_locations":[],"atum_stock_status":"instock","restock_status":false,"low_stock_amount":"","sales_update_date":"2026-01-20T05:13:46","calc_backorders":null,"_links":{"self":[{"href":"https:\/\/aromasentia.com\/fr\/wp-json\/wp\/v2\/product\/218544","targetHints":{"allow":["GET"]}}],"collection":[{"href":"https:\/\/aromasentia.com\/fr\/wp-json\/wp\/v2\/product"}],"about":[{"href":"https:\/\/aromasentia.com\/fr\/wp-json\/wp\/v2\/types\/product"}],"replies":[{"embeddable":true,"href":"https:\/\/aromasentia.com\/fr\/wp-json\/wp\/v2\/comments?post=218544"}],"version-history":[{"count":0,"href":"https:\/\/aromasentia.com\/fr\/wp-json\/wp\/v2\/product\/218544\/revisions"}],"wp:featuredmedia":[{"embeddable":true,"href":"https:\/\/aromasentia.com\/fr\/wp-json\/wp\/v2\/media\/431347"}],"wp:attachment":[{"href":"https:\/\/aromasentia.com\/fr\/wp-json\/wp\/v2\/media?parent=218544"}],"wp:term":[{"taxonomy":"product_brand","embeddable":true,"href":"https:\/\/aromasentia.com\/fr\/wp-json\/wp\/v2\/product_brand?post=218544"},{"taxonomy":"product_cat","embeddable":true,"href":"https:\/\/aromasentia.com\/fr\/wp-json\/wp\/v2\/product_cat?post=218544"},{"taxonomy":"product_tag","embeddable":true,"href":"https:\/\/aromasentia.com\/fr\/wp-json\/wp\/v2\/product_tag?post=218544"}],"curies":[{"name":"wp","href":"https:\/\/api.w.org\/{rel}","templated":true}]}}