{"id":218540,"date":"2025-03-23T11:07:03","date_gmt":"2025-03-23T11:07:03","guid":{"rendered":"https:\/\/aromasentia.com\/product\/temple-string-bracelet-journey-of-life\/"},"modified":"2025-06-23T18:18:58","modified_gmt":"2025-06-23T18:18:58","slug":"bracelet-de-cordes-de-temple-le-chemin-de-la-vie","status":"publish","type":"product","link":"https:\/\/aromasentia.com\/fr\/bracelet-de-cordes-de-temple-le-chemin-de-la-vie\/","title":{"rendered":"Bracelet de Cordes de Temple &#8211; Le Chemin de la Vie"},"content":{"rendered":"<p>Entrez dans un monde d&rsquo;\u00e9merveillement spirituel avec ces <span style=\"color: rgb(75, 80, 88);\"><strong>Bracelets de temple en gros<\/strong><\/span>. Ce ne sont pas de simples accessoires, ce sont les guides de vos clients vers la d\u00e9couverte de soi et l&rsquo;illumination, en provenance directe du c\u0153ur de l&rsquo;Indon\u00e9sie.&nbsp;<\/p>\n<p>Chaque bracelet de Temple est unisexe et de taille unique, gr\u00e2ce \u00e0 un cordon r\u00e9glable qui s&rsquo;adapte confortablement \u00e0 tous les poignets. Le charmant emballage en sac en papier pr\u00e9sente une image enchanteresse du temple et le nom du bracelet. De plus, une br\u00e8ve description en anglais vous permet de guider vos clients vers le bracelet qui r\u00e9pondra parfaitement \u00e0 leurs besoins.&nbsp;<\/p>\n<p><strong><span style=\"color: rgb(75, 80, 88);\">Portez ce bracelet pour vous aider \u00e0 garder les choses en perspective.<\/span><\/strong><\/p>\n<p>&nbsp;Votre bracelet est fabriqu\u00e9 \u00e0 l&rsquo;aide du fil de temple Tri Datu, qui symbolise le lien entre les trois voyages de la vie dans ce monde, \u00e0 savoir la naissance, la vie et la mort.&nbsp;<\/p>\n<p>Tri signifie trois et Datu signifie force, donc le Tri Datu signifie des pouvoirs de trois forces. Les trois pouvoirs du divin dans la cr\u00e9ation par la naissance, le maintien dans la vie et le retour \u00e0 l&rsquo;origine de la nature dans la mort.&nbsp;<\/p>\n<p>Ainsi, en gardant \u00e0 l&rsquo;esprit l&rsquo;ensemble du parcours de la vie, nous pouvons \u00e9viter les pens\u00e9es n\u00e9gatives et penser plus sagement. Dans presque tous les temples de Bali, des fils Tri datu sont donn\u00e9s \u00e0 tous ceux qui souhaitent se souvenir du voyage de la vie.<\/p>\n","protected":false},"excerpt":{"rendered":"<p>Entrez dans un monde d&rsquo;\u00e9merveillement spirituel avec ces Bracelets de temple en gros. Ce ne sont pas de simples accessoires, ce sont les guides de vos clients vers la d\u00e9couverte de soi et l&rsquo;illumination, en provenance directe du c\u0153ur de l&rsquo;Indon\u00e9sie.&nbsp; Chaque bracelet de Temple est unisexe et de taille unique, gr\u00e2ce \u00e0 un cordon [&hellip;]<\/p>\n","protected":false},"featured_media":431298,"comment_status":"closed","ping_status":"open","template":"","meta":{"_angie_page":false},"product_brand":[],"product_cat":[14520,25206],"product_tag":[],"class_list":{"0":"post-218540","1":"product","2":"type-product","3":"status-publish","4":"has-post-thumbnail","6":"product_cat-bijoux-et-accessoires","7":"product_cat-bracelets","8":"pa_collection-temple-string-bracelet-fr","9":"pa_made-in-indonesie","11":"first","12":"instock","13":"purchasable","14":"product-type-simple"},"supplier_id":null,"supplier_sku":"TSJ-05","barcode":null,"atum_controlled":true,"out_stock_date":null,"out_stock_threshold":null,"inheritable":false,"inbound_stock":null,"stock_on_hold":0,"sold_today":0,"sales_last_days":0,"reserved_stock":null,"customer_returns":null,"warehouse_damage":null,"lost_in_post":null,"other_logs":null,"out_stock_days":0,"lost_sales":0,"has_location":null,"update_date":"2026-05-08T05:21:26","atum_locations":[],"atum_stock_status":"instock","restock_status":false,"low_stock_amount":"","sales_update_date":"2026-01-30T01:25:49","calc_backorders":null,"_links":{"self":[{"href":"https:\/\/aromasentia.com\/fr\/wp-json\/wp\/v2\/product\/218540","targetHints":{"allow":["GET"]}}],"collection":[{"href":"https:\/\/aromasentia.com\/fr\/wp-json\/wp\/v2\/product"}],"about":[{"href":"https:\/\/aromasentia.com\/fr\/wp-json\/wp\/v2\/types\/product"}],"replies":[{"embeddable":true,"href":"https:\/\/aromasentia.com\/fr\/wp-json\/wp\/v2\/comments?post=218540"}],"version-history":[{"count":0,"href":"https:\/\/aromasentia.com\/fr\/wp-json\/wp\/v2\/product\/218540\/revisions"}],"wp:featuredmedia":[{"embeddable":true,"href":"https:\/\/aromasentia.com\/fr\/wp-json\/wp\/v2\/media\/431298"}],"wp:attachment":[{"href":"https:\/\/aromasentia.com\/fr\/wp-json\/wp\/v2\/media?parent=218540"}],"wp:term":[{"taxonomy":"product_brand","embeddable":true,"href":"https:\/\/aromasentia.com\/fr\/wp-json\/wp\/v2\/product_brand?post=218540"},{"taxonomy":"product_cat","embeddable":true,"href":"https:\/\/aromasentia.com\/fr\/wp-json\/wp\/v2\/product_cat?post=218540"},{"taxonomy":"product_tag","embeddable":true,"href":"https:\/\/aromasentia.com\/fr\/wp-json\/wp\/v2\/product_tag?post=218540"}],"curies":[{"name":"wp","href":"https:\/\/api.w.org\/{rel}","templated":true}]}}