{"id":218536,"date":"2025-03-23T11:07:03","date_gmt":"2025-03-23T11:07:03","guid":{"rendered":"https:\/\/aromasentia.com\/product\/temple-string-bracelet-om-in-serenity\/"},"modified":"2025-12-30T18:56:34","modified_gmt":"2025-12-30T18:56:34","slug":"bracelet-de-cordes-de-temple-om-en-serenite","status":"publish","type":"product","link":"https:\/\/aromasentia.com\/fr\/bracelet-de-cordes-de-temple-om-en-serenite\/","title":{"rendered":"Bracelet de Cordes de Temple -Om en S\u00e9r\u00e9nit\u00e9"},"content":{"rendered":"<p>Entrez dans un monde d&rsquo;\u00e9merveillement spirituel avec ces<strong><span style=\"color: rgb(75, 80, 88);\">&nbsp;Bracelets de temple en gros.<\/span><\/strong> Ce ne sont pas de simples accessoires, ce sont les guides de vos clients vers la d\u00e9couverte de soi et l&rsquo;illumination, en provenance directe du c\u0153ur de l&rsquo;Indon\u00e9sie.&nbsp;<\/p>\n<p>Chaque bracelet du Temple est unisexe et de taille unique, gr\u00e2ce \u00e0 un cordon r\u00e9glable qui s&rsquo;adapte confortablement \u00e0 tous les poignets. Le charmant emballage en sac en papier pr\u00e9sente une image enchanteresse du temple et le nom du bracelet.&nbsp;<\/p>\n<p>De plus, une br\u00e8ve description en anglais vous permet de guider vos clients vers le bracelet qui r\u00e9pondra parfaitement \u00e0 leurs besoins.&nbsp;<\/p>\n<p><strong><span style=\"color: rgb(75, 80, 88);\">Portez ce bracelet pour trouver la pleine conscience et la s\u00e9r\u00e9nit\u00e9 \u00e0 chaque instant. <\/span><\/strong><\/p>\n<p>Votre bracelet est compos\u00e9 de neuf couleurs \u00e9troitement li\u00e9es \u00e0 la c\u00e9r\u00e9monie du Temple M\u00e8re et de la D\u00e9esse Dewa, gardienne des neuf directions cardinales. Le symbole OM repr\u00e9sente le son de la s\u00e9r\u00e9nit\u00e9, c&rsquo;est-\u00e0-dire la pleine conscience elle-m\u00eame et la paix totale de l&rsquo;esprit. Il est d\u00e9connect\u00e9 du pass\u00e9 et \u00e9loign\u00e9 du futur.&nbsp;<\/p>\n<p>Synonyme du moment pr\u00e9sent, le Om vous aide \u00e0 ressentir la sensation de l&rsquo;instant pr\u00e9sent.&nbsp;<\/p>\n<p>Ce n&rsquo;est qu&rsquo;en \u00e9tant connect\u00e9 au pr\u00e9sent que l&rsquo;on peut r\u00e9aliser ses r\u00eaves et r\u00e9sister aux obstacles de la vie.<\/p>\n","protected":false},"excerpt":{"rendered":"<p>Entrez dans un monde d&rsquo;\u00e9merveillement spirituel avec ces&nbsp;Bracelets de temple en gros. Ce ne sont pas de simples accessoires, ce sont les guides de vos clients vers la d\u00e9couverte de soi et l&rsquo;illumination, en provenance directe du c\u0153ur de l&rsquo;Indon\u00e9sie.&nbsp; Chaque bracelet du Temple est unisexe et de taille unique, gr\u00e2ce \u00e0 un cordon r\u00e9glable [&hellip;]<\/p>\n","protected":false},"featured_media":431257,"comment_status":"closed","ping_status":"open","template":"","meta":[],"product_brand":[],"product_cat":[14520,25206],"product_tag":[],"class_list":{"0":"post-218536","1":"product","2":"type-product","3":"status-publish","4":"has-post-thumbnail","6":"product_cat-bijoux-et-accessoires","7":"product_cat-bracelets","8":"pa_collection-temple-string-bracelet-fr","9":"pa_made-in-indonesie","11":"first","12":"instock","13":"purchasable","14":"product-type-simple"},"supplier_id":null,"supplier_sku":"TSJ-04","barcode":null,"atum_controlled":true,"out_stock_date":null,"out_stock_threshold":null,"inheritable":false,"inbound_stock":null,"stock_on_hold":0,"sold_today":0,"sales_last_days":0,"reserved_stock":null,"customer_returns":null,"warehouse_damage":null,"lost_in_post":null,"other_logs":null,"out_stock_days":0,"lost_sales":0,"has_location":null,"update_date":"2026-02-06T00:00:48","atum_locations":[],"atum_stock_status":"instock","restock_status":false,"low_stock_amount":"","sales_update_date":"2026-02-06T00:00:48","calc_backorders":null,"_links":{"self":[{"href":"https:\/\/aromasentia.com\/fr\/wp-json\/wp\/v2\/product\/218536","targetHints":{"allow":["GET"]}}],"collection":[{"href":"https:\/\/aromasentia.com\/fr\/wp-json\/wp\/v2\/product"}],"about":[{"href":"https:\/\/aromasentia.com\/fr\/wp-json\/wp\/v2\/types\/product"}],"replies":[{"embeddable":true,"href":"https:\/\/aromasentia.com\/fr\/wp-json\/wp\/v2\/comments?post=218536"}],"version-history":[{"count":0,"href":"https:\/\/aromasentia.com\/fr\/wp-json\/wp\/v2\/product\/218536\/revisions"}],"wp:featuredmedia":[{"embeddable":true,"href":"https:\/\/aromasentia.com\/fr\/wp-json\/wp\/v2\/media\/431257"}],"wp:attachment":[{"href":"https:\/\/aromasentia.com\/fr\/wp-json\/wp\/v2\/media?parent=218536"}],"wp:term":[{"taxonomy":"product_brand","embeddable":true,"href":"https:\/\/aromasentia.com\/fr\/wp-json\/wp\/v2\/product_brand?post=218536"},{"taxonomy":"product_cat","embeddable":true,"href":"https:\/\/aromasentia.com\/fr\/wp-json\/wp\/v2\/product_cat?post=218536"},{"taxonomy":"product_tag","embeddable":true,"href":"https:\/\/aromasentia.com\/fr\/wp-json\/wp\/v2\/product_tag?post=218536"}],"curies":[{"name":"wp","href":"https:\/\/api.w.org\/{rel}","templated":true}]}}