{"id":218528,"date":"2025-03-23T11:07:03","date_gmt":"2025-03-23T11:07:03","guid":{"rendered":"https:\/\/aromasentia.com\/product\/temple-string-bracelet-balance-of-nature\/"},"modified":"2025-12-30T18:56:34","modified_gmt":"2025-12-30T18:56:34","slug":"bracelet-de-cordes-de-temple-equilibre-de-la-nature","status":"publish","type":"product","link":"https:\/\/aromasentia.com\/fr\/bracelet-de-cordes-de-temple-equilibre-de-la-nature\/","title":{"rendered":"Bracelet de Cordes de Temple &#8211; \u00c9quilibre de la Nature"},"content":{"rendered":"<p>Entrez dans un monde d&rsquo;\u00e9merveillement spirituel avec ces <strong><span style=\"color: rgb(75, 80, 88);\">Bracelets de Temple en gros.<\/span><\/strong> Ce ne sont pas de simples accessoires, ce sont les guides de vos clients vers la d\u00e9couverte de soi et l&rsquo;illumination, en provenance directe du c\u0153ur de l&rsquo;Indon\u00e9sie.&nbsp;<\/p>\n<p>Chaque Bracelet du Temple est unisexe et de taille unique, gr\u00e2ce \u00e0 un cordon r\u00e9glable qui s&rsquo;adapte confortablement \u00e0 tous les poignets. Le charmant emballage en sac en papier pr\u00e9sente une image enchanteresse du temple et le nom du bracelet.&nbsp;<\/p>\n<p>De plus, une br\u00e8ve description en anglais vous permet de guider vos clients vers le bracelet qui r\u00e9pondra parfaitement \u00e0 leurs besoins. Portez ce bracelet pour comprendre l&rsquo;\u00e9quilibre mystique entre le bien et le mal.<\/p>\n<p><strong><span style=\"color: rgb(75, 80, 88);\">L&rsquo;alternance des couleurs noire et blanche sur votre bracelet est le symbole de Rwa Bhineda, \u00e0 savoir l&rsquo;\u00e9quilibre de la nature. <\/span><\/strong><\/p>\n<p>Dans ce monde, il doit y avoir du noir et du blanc, du bon et du mauvais, des choses oppos\u00e9es mais n\u00e9cessaires \u00e0 l&rsquo;\u00e9quilibre et \u00e0 l&rsquo;harmonie de la nature.&nbsp;<\/p>\n<p>Cette philosophie enseigne que diff\u00e9rentes choses ne peuvent \u00eatre s\u00e9par\u00e9es, comme le bien et le mal, le jour et la nuit, le chaud et le froid et ce fil blanc et noir. Il est appel\u00e9 Poleng, symbole de l&rsquo;\u00e9quilibre naturel entre le bien et le mal, la prosp\u00e9rit\u00e9 sera cr\u00e9\u00e9e dans la vie.<\/p>\n","protected":false},"excerpt":{"rendered":"<p>Entrez dans un monde d&rsquo;\u00e9merveillement spirituel avec ces Bracelets de Temple en gros. Ce ne sont pas de simples accessoires, ce sont les guides de vos clients vers la d\u00e9couverte de soi et l&rsquo;illumination, en provenance directe du c\u0153ur de l&rsquo;Indon\u00e9sie.&nbsp; Chaque Bracelet du Temple est unisexe et de taille unique, gr\u00e2ce \u00e0 un cordon [&hellip;]<\/p>\n","protected":false},"featured_media":431175,"comment_status":"closed","ping_status":"open","template":"","meta":[],"product_brand":[],"product_cat":[14520,25206],"product_tag":[],"class_list":{"0":"post-218528","1":"product","2":"type-product","3":"status-publish","4":"has-post-thumbnail","6":"product_cat-bijoux-et-accessoires","7":"product_cat-bracelets","8":"pa_collection-temple-string-bracelet-fr","9":"pa_made-in-indonesie","11":"first","12":"instock","13":"purchasable","14":"product-type-simple"},"supplier_id":null,"supplier_sku":"TSJ-02","barcode":null,"atum_controlled":true,"out_stock_date":null,"out_stock_threshold":null,"inheritable":false,"inbound_stock":null,"stock_on_hold":0,"sold_today":0,"sales_last_days":0,"reserved_stock":null,"customer_returns":null,"warehouse_damage":null,"lost_in_post":null,"other_logs":null,"out_stock_days":0,"lost_sales":0,"has_location":null,"update_date":"2026-02-02T08:32:53","atum_locations":[],"atum_stock_status":"instock","restock_status":false,"low_stock_amount":"","sales_update_date":"2026-01-30T01:25:52","calc_backorders":null,"_links":{"self":[{"href":"https:\/\/aromasentia.com\/fr\/wp-json\/wp\/v2\/product\/218528","targetHints":{"allow":["GET"]}}],"collection":[{"href":"https:\/\/aromasentia.com\/fr\/wp-json\/wp\/v2\/product"}],"about":[{"href":"https:\/\/aromasentia.com\/fr\/wp-json\/wp\/v2\/types\/product"}],"replies":[{"embeddable":true,"href":"https:\/\/aromasentia.com\/fr\/wp-json\/wp\/v2\/comments?post=218528"}],"version-history":[{"count":0,"href":"https:\/\/aromasentia.com\/fr\/wp-json\/wp\/v2\/product\/218528\/revisions"}],"wp:featuredmedia":[{"embeddable":true,"href":"https:\/\/aromasentia.com\/fr\/wp-json\/wp\/v2\/media\/431175"}],"wp:attachment":[{"href":"https:\/\/aromasentia.com\/fr\/wp-json\/wp\/v2\/media?parent=218528"}],"wp:term":[{"taxonomy":"product_brand","embeddable":true,"href":"https:\/\/aromasentia.com\/fr\/wp-json\/wp\/v2\/product_brand?post=218528"},{"taxonomy":"product_cat","embeddable":true,"href":"https:\/\/aromasentia.com\/fr\/wp-json\/wp\/v2\/product_cat?post=218528"},{"taxonomy":"product_tag","embeddable":true,"href":"https:\/\/aromasentia.com\/fr\/wp-json\/wp\/v2\/product_tag?post=218528"}],"curies":[{"name":"wp","href":"https:\/\/api.w.org\/{rel}","templated":true}]}}