{"id":218524,"date":"2025-03-23T11:07:03","date_gmt":"2025-03-23T11:07:03","guid":{"rendered":"https:\/\/aromasentia.com\/product\/temple-string-bracelet-power-of-belief\/"},"modified":"2025-06-23T18:18:56","modified_gmt":"2025-06-23T18:18:56","slug":"bracelet-de-cordes-de-temple-le-pouvoir-de-la-croyance","status":"publish","type":"product","link":"https:\/\/aromasentia.com\/fr\/bracelet-de-cordes-de-temple-le-pouvoir-de-la-croyance\/","title":{"rendered":"Bracelet de Cordes de Temple &#8211; Le Pouvoir de la Croyance"},"content":{"rendered":"<p>Entrez dans un monde d&rsquo;\u00e9merveillement spirituel avec ces <span style=\"color: rgb(75, 80, 88);\"><strong>Bracelets de temple en gros<\/strong><\/span>. Ce ne sont pas de simples accessoires, ce sont les guides de vos clients vers la d\u00e9couverte de soi et l&rsquo;illumination, en provenance directe du c\u0153ur de l&rsquo;Indon\u00e9sie.&nbsp;<\/p>\n<p>Chaque Bracelet en Cordes du Temple est unisexe et de taille unique, gr\u00e2ce \u00e0 un cordon r\u00e9glable qui s&rsquo;adapte confortablement \u00e0 tous les poignets. Le charmant emballage en sachet de papier pr\u00e9sente une image enchanteresse du temple et le nom du bracelet. De plus, une br\u00e8ve description en anglais vous permet de guider vos clients vers le bracelet qui r\u00e9pondra parfaitement \u00e0 leurs besoins. Portez le bracelet pour retrouver votre foi et votre amour de la vie.<\/p>\n<p>Votre Bracelet en Cordes du Temple &nbsp;est inspir\u00e9 du Pane Datu de la philosophie hindoue. Il signifie le pouvoir de cinq croyances qui sont symbolis\u00e9es par cinq couleurs : jaune, rouge, noir, vert et blanc.&nbsp;<\/p>\n<p><strong><span style=\"color: rgb(247, 218, 100);\">Le jaune<\/span><\/strong> symbolise le bonheur.&nbsp;<\/p>\n<p><strong><span style=\"color: rgb(184, 49, 47);\">Le rouge<\/span><\/strong> l&rsquo;amour et l&rsquo;\u00e9motion.&nbsp;<\/p>\n<p><strong><span style=\"color: rgb(0, 0, 0);\">Le fil noir<\/span><\/strong> symbolise le mal mais aussi la protection.&nbsp;<\/p>\n<p><strong><span style=\"color: rgb(26, 188, 156);\">Le vert<\/span><\/strong> repr\u00e9sente les couleurs de la terre et indique donc la paix, la simplicit\u00e9 et la perfection.&nbsp;<\/p>\n<p>Ces couleurs de base sont g\u00e9n\u00e9ralement utilis\u00e9es comme fondement pour poser la premi\u00e8re pierre lors de la construction d&rsquo;un temple (avec les cinq m\u00e9taux diff\u00e9rents), ce qui permet au temple d&rsquo;\u00eatre officiellement utilis\u00e9 pour la pri\u00e8re.<\/p>\n","protected":false},"excerpt":{"rendered":"<p>Entrez dans un monde d&rsquo;\u00e9merveillement spirituel avec ces Bracelets de temple en gros. Ce ne sont pas de simples accessoires, ce sont les guides de vos clients vers la d\u00e9couverte de soi et l&rsquo;illumination, en provenance directe du c\u0153ur de l&rsquo;Indon\u00e9sie.&nbsp; Chaque Bracelet en Cordes du Temple est unisexe et de taille unique, gr\u00e2ce \u00e0 [&hellip;]<\/p>\n","protected":false},"featured_media":431134,"comment_status":"closed","ping_status":"open","template":"","meta":[],"product_brand":[],"product_cat":[14520,25206],"product_tag":[],"class_list":{"0":"post-218524","1":"product","2":"type-product","3":"status-publish","4":"has-post-thumbnail","6":"product_cat-bijoux-et-accessoires","7":"product_cat-bracelets","8":"pa_collection-temple-string-bracelet-fr","9":"pa_made-in-indonesie","11":"first","12":"instock","13":"purchasable","14":"product-type-simple"},"supplier_id":null,"supplier_sku":"TSJ-01","barcode":null,"atum_controlled":true,"out_stock_date":null,"out_stock_threshold":null,"inheritable":false,"inbound_stock":null,"stock_on_hold":0,"sold_today":0,"sales_last_days":0,"reserved_stock":null,"customer_returns":null,"warehouse_damage":null,"lost_in_post":null,"other_logs":null,"out_stock_days":0,"lost_sales":0,"has_location":null,"update_date":"2026-02-02T08:35:56","atum_locations":[],"atum_stock_status":"instock","restock_status":false,"low_stock_amount":"","sales_update_date":"2026-01-30T01:25:48","calc_backorders":null,"_links":{"self":[{"href":"https:\/\/aromasentia.com\/fr\/wp-json\/wp\/v2\/product\/218524","targetHints":{"allow":["GET"]}}],"collection":[{"href":"https:\/\/aromasentia.com\/fr\/wp-json\/wp\/v2\/product"}],"about":[{"href":"https:\/\/aromasentia.com\/fr\/wp-json\/wp\/v2\/types\/product"}],"replies":[{"embeddable":true,"href":"https:\/\/aromasentia.com\/fr\/wp-json\/wp\/v2\/comments?post=218524"}],"version-history":[{"count":0,"href":"https:\/\/aromasentia.com\/fr\/wp-json\/wp\/v2\/product\/218524\/revisions"}],"wp:featuredmedia":[{"embeddable":true,"href":"https:\/\/aromasentia.com\/fr\/wp-json\/wp\/v2\/media\/431134"}],"wp:attachment":[{"href":"https:\/\/aromasentia.com\/fr\/wp-json\/wp\/v2\/media?parent=218524"}],"wp:term":[{"taxonomy":"product_brand","embeddable":true,"href":"https:\/\/aromasentia.com\/fr\/wp-json\/wp\/v2\/product_brand?post=218524"},{"taxonomy":"product_cat","embeddable":true,"href":"https:\/\/aromasentia.com\/fr\/wp-json\/wp\/v2\/product_cat?post=218524"},{"taxonomy":"product_tag","embeddable":true,"href":"https:\/\/aromasentia.com\/fr\/wp-json\/wp\/v2\/product_tag?post=218524"}],"curies":[{"name":"wp","href":"https:\/\/api.w.org\/{rel}","templated":true}]}}