{"id":218488,"date":"2025-03-23T11:07:03","date_gmt":"2025-03-23T11:07:03","guid":{"rendered":"https:\/\/aromasentia.com\/product\/tree-of-life-silver-pendent-30mm-coral-effect\/"},"modified":"2025-06-23T18:18:52","modified_gmt":"2025-06-23T18:18:52","slug":"pendentif-argent-arbre-de-vie-30mm-effet-corail","status":"publish","type":"product","link":"https:\/\/aromasentia.com\/fr\/pendentif-argent-arbre-de-vie-30mm-effet-corail\/","title":{"rendered":"Pendentif Argent Arbre de Vie 30mm &#8211; Effet Corail"},"content":{"rendered":"<p>Jetez un coup d&rsquo;\u0153il aux bijoux en argent symboliques Arbre de Vie, un cadeau \u00e9motif pour quelqu&rsquo;un qui adore les bijoux insolites et \u00e9th\u00e9r\u00e9s, qui racontent une histoire.&nbsp;<\/p>\n<p><strong>L&rsquo;Arbre de Vie<\/strong> est un symbole universel que l&rsquo;on retrouve dans de nombreuses traditions spirituelles et mythologiques \u00e0 travers le monde. Il repr\u00e9sente beaucoup de choses, y compris la gu\u00e9rison, la protection, la force, la g\u00e9n\u00e9rosit\u00e9 et la beaut\u00e9.&nbsp;<\/p>\n<p><strong><span style=\"color: rgb(141, 186, 216);\">Commandez maintenant cette pi\u00e8ce audacieusement diff\u00e9rente de tout ce que l&rsquo;on trouve sur le march\u00e9.<\/span><\/strong><\/p>\n","protected":false},"excerpt":{"rendered":"<p>Jetez un coup d&rsquo;\u0153il aux bijoux en argent symboliques Arbre de Vie, un cadeau \u00e9motif pour quelqu&rsquo;un qui adore les bijoux insolites et \u00e9th\u00e9r\u00e9s, qui racontent une histoire.&nbsp; L&rsquo;Arbre de Vie est un symbole universel que l&rsquo;on retrouve dans de nombreuses traditions spirituelles et mythologiques \u00e0 travers le monde. Il repr\u00e9sente beaucoup de choses, y [&hellip;]<\/p>\n","protected":false},"featured_media":430821,"comment_status":"closed","ping_status":"open","template":"","meta":{"_angie_page":false},"product_brand":[],"product_cat":[14520],"product_tag":[],"class_list":{"0":"post-218488","1":"product","2":"type-product","3":"status-publish","4":"has-post-thumbnail","6":"product_cat-bijoux-et-accessoires","7":"pa_collection-tree-of-life-925-silver-jewellery-fr","8":"pa_made-in-indonesie","10":"first","11":"instock","12":"purchasable","13":"product-type-simple"},"supplier_id":null,"supplier_sku":"TOLSP-01","barcode":null,"atum_controlled":true,"out_stock_date":null,"out_stock_threshold":null,"inheritable":false,"inbound_stock":null,"stock_on_hold":0,"sold_today":0,"sales_last_days":0,"reserved_stock":null,"customer_returns":null,"warehouse_damage":null,"lost_in_post":null,"other_logs":null,"out_stock_days":0,"lost_sales":0,"has_location":null,"update_date":"2026-04-27T07:25:10","atum_locations":[],"atum_stock_status":"instock","restock_status":false,"low_stock_amount":"","sales_update_date":"2026-01-30T01:25:54","calc_backorders":null,"_links":{"self":[{"href":"https:\/\/aromasentia.com\/fr\/wp-json\/wp\/v2\/product\/218488","targetHints":{"allow":["GET"]}}],"collection":[{"href":"https:\/\/aromasentia.com\/fr\/wp-json\/wp\/v2\/product"}],"about":[{"href":"https:\/\/aromasentia.com\/fr\/wp-json\/wp\/v2\/types\/product"}],"replies":[{"embeddable":true,"href":"https:\/\/aromasentia.com\/fr\/wp-json\/wp\/v2\/comments?post=218488"}],"version-history":[{"count":0,"href":"https:\/\/aromasentia.com\/fr\/wp-json\/wp\/v2\/product\/218488\/revisions"}],"wp:featuredmedia":[{"embeddable":true,"href":"https:\/\/aromasentia.com\/fr\/wp-json\/wp\/v2\/media\/430821"}],"wp:attachment":[{"href":"https:\/\/aromasentia.com\/fr\/wp-json\/wp\/v2\/media?parent=218488"}],"wp:term":[{"taxonomy":"product_brand","embeddable":true,"href":"https:\/\/aromasentia.com\/fr\/wp-json\/wp\/v2\/product_brand?post=218488"},{"taxonomy":"product_cat","embeddable":true,"href":"https:\/\/aromasentia.com\/fr\/wp-json\/wp\/v2\/product_cat?post=218488"},{"taxonomy":"product_tag","embeddable":true,"href":"https:\/\/aromasentia.com\/fr\/wp-json\/wp\/v2\/product_tag?post=218488"}],"curies":[{"name":"wp","href":"https:\/\/api.w.org\/{rel}","templated":true}]}}