{"id":218440,"date":"2025-03-23T11:53:37","date_gmt":"2025-03-23T11:53:37","guid":{"rendered":"https:\/\/aromasentia.com\/product\/hand-crafted-angel-wing-30cm\/"},"modified":"2025-06-23T18:18:44","modified_gmt":"2025-06-23T18:18:44","slug":"aile-dange-artisanale-30cm","status":"publish","type":"product","link":"https:\/\/aromasentia.com\/fr\/aile-dange-artisanale-30cm\/","title":{"rendered":"Aile d\u2019ange artisanale &#8211; 30cm"},"content":{"rendered":"<p>Ces ailes d\u2019ange vintages uniques sont sculpt\u00e9es \u00e0 la main \u00e0 partir du bois durable d&rsquo;Albesia et fini avec un effet blanchi._x000D_<br \/>\n <br \/>_x000D_<br \/>\nCes jolies ailes d&rsquo;ange font un beau cadeau ou une belle d\u00e9coration de  maison, et seraient tr\u00e8s esth\u00e9tiques accroch\u00e9es au  mur ou sur une porte; ou m\u00eame pos\u00e9es sur une \u00e9tag\u00e8re. Elles pourraient \u00eatre aussi utilis\u00e9es pour d\u00e9corer une table de No\u00ebl. Id\u00e9ales pour un bapt\u00eame ou comme cadeau pour une naissance._x000D_<br \/>\n <br \/>_x000D_<br \/>\nA l\u2019arri\u00e8re, les ailes sont peintes avec de la peinture \u00e0 tableau noir pour que votre client\u00e8le puisse utiliser des craies pour y \u00e9crire des messages.<\/p>\n","protected":false},"excerpt":{"rendered":"<p>Ces ailes d\u2019ange vintages uniques sont sculpt\u00e9es \u00e0 la main \u00e0 partir du bois durable d&rsquo;Albesia et fini avec un effet blanchi._x000D_ _x000D_ Ces jolies ailes d&rsquo;ange font un beau cadeau ou une belle d\u00e9coration de maison, et seraient tr\u00e8s esth\u00e9tiques accroch\u00e9es au mur ou sur une porte; ou m\u00eame pos\u00e9es sur une \u00e9tag\u00e8re. Elles [&hellip;]<\/p>\n","protected":false},"featured_media":433609,"comment_status":"closed","ping_status":"open","template":"","meta":{"_angie_page":false},"product_brand":[],"product_cat":[14054,14189],"product_tag":[],"class_list":{"0":"post-218440","1":"product","2":"type-product","3":"status-publish","4":"has-post-thumbnail","6":"product_cat-cadeaux-vintage-et-souvenirs","7":"product_cat-figurines","8":"pa_collection-hand-crafted-angel-wings-fr","9":"pa_made-in-indonesie","11":"first","12":"instock","13":"purchasable","14":"product-type-simple"},"supplier_id":8144,"supplier_sku":"AWL-01","barcode":null,"atum_controlled":true,"out_stock_date":null,"out_stock_threshold":null,"inheritable":false,"inbound_stock":null,"stock_on_hold":0,"sold_today":0,"sales_last_days":0,"reserved_stock":null,"customer_returns":null,"warehouse_damage":null,"lost_in_post":null,"other_logs":null,"out_stock_days":0,"lost_sales":0,"has_location":null,"update_date":"2026-04-27T06:52:28","atum_locations":[],"atum_stock_status":"instock","restock_status":false,"low_stock_amount":"","sales_update_date":"2026-01-30T01:26:12","calc_backorders":null,"_links":{"self":[{"href":"https:\/\/aromasentia.com\/fr\/wp-json\/wp\/v2\/product\/218440","targetHints":{"allow":["GET"]}}],"collection":[{"href":"https:\/\/aromasentia.com\/fr\/wp-json\/wp\/v2\/product"}],"about":[{"href":"https:\/\/aromasentia.com\/fr\/wp-json\/wp\/v2\/types\/product"}],"replies":[{"embeddable":true,"href":"https:\/\/aromasentia.com\/fr\/wp-json\/wp\/v2\/comments?post=218440"}],"version-history":[{"count":0,"href":"https:\/\/aromasentia.com\/fr\/wp-json\/wp\/v2\/product\/218440\/revisions"}],"wp:featuredmedia":[{"embeddable":true,"href":"https:\/\/aromasentia.com\/fr\/wp-json\/wp\/v2\/media\/433609"}],"wp:attachment":[{"href":"https:\/\/aromasentia.com\/fr\/wp-json\/wp\/v2\/media?parent=218440"}],"wp:term":[{"taxonomy":"product_brand","embeddable":true,"href":"https:\/\/aromasentia.com\/fr\/wp-json\/wp\/v2\/product_brand?post=218440"},{"taxonomy":"product_cat","embeddable":true,"href":"https:\/\/aromasentia.com\/fr\/wp-json\/wp\/v2\/product_cat?post=218440"},{"taxonomy":"product_tag","embeddable":true,"href":"https:\/\/aromasentia.com\/fr\/wp-json\/wp\/v2\/product_tag?post=218440"}],"curies":[{"name":"wp","href":"https:\/\/api.w.org\/{rel}","templated":true}]}}