{"id":218432,"date":"2025-03-23T11:55:38","date_gmt":"2025-03-23T11:55:38","guid":{"rendered":"https:\/\/aromasentia.com\/product\/set-of-3-lucky-elephants-asst-sizes\/"},"modified":"2025-06-23T18:18:43","modified_gmt":"2025-06-23T18:18:43","slug":"set-de-3-elephants-heureux-asst-sizes","status":"publish","type":"product","link":"https:\/\/aromasentia.com\/fr\/set-de-3-elephants-heureux-asst-sizes\/","title":{"rendered":"Set de 3 &#8211; Elephants Heureux (asst sizes)"},"content":{"rendered":"<p>Apportez joie et bonheur chez vos clients avec ces magnifiques objets feng shui en laiton en gros. Cela cr\u00e9era \u00e9galement un affichage magnifique et accrocheur dans votre magasin.<br \/>Ces ornements d&rsquo;inspiration extr\u00eame-orientale repr\u00e9sentent le Fengshui traditionnel dans un design \u00e9l\u00e9gant.<br \/>Les objets en laiton Fengshui prolongeront la sensation de paix et de tranquillit\u00e9 dans les maisons de vos clients et leurs tons doux et neutres iront bien avec n&rsquo;importe quel d\u00e9cor de maison existant.  Ils donnent \u00e9galement aux ext\u00e9rieurs une sensation de s\u00e9r\u00e9nit\u00e9 et d<\/p>\n","protected":false},"excerpt":{"rendered":"<p>Apportez joie et bonheur chez vos clients avec ces magnifiques objets feng shui en laiton en gros. Cela cr\u00e9era \u00e9galement un affichage magnifique et accrocheur dans votre magasin.Ces ornements d&rsquo;inspiration extr\u00eame-orientale repr\u00e9sentent le Fengshui traditionnel dans un design \u00e9l\u00e9gant.Les objets en laiton Fengshui prolongeront la sensation de paix et de tranquillit\u00e9 dans les maisons de [&hellip;]<\/p>\n","protected":false},"featured_media":434595,"comment_status":"closed","ping_status":"open","template":"","meta":[],"product_brand":[],"product_cat":[14054,14404],"product_tag":[],"class_list":{"0":"post-218432","1":"product","2":"type-product","3":"status-publish","4":"has-post-thumbnail","6":"product_cat-cadeaux-vintage-et-souvenirs","7":"product_cat-feng-shui-et-collection-tibetaine","8":"pa_collection-brass-fengshui-objects-fr","9":"pa_made-in-indonesie","11":"first","12":"instock","13":"purchasable","14":"product-type-simple"},"supplier_id":null,"supplier_sku":"BFF-24","barcode":null,"atum_controlled":true,"out_stock_date":null,"out_stock_threshold":null,"inheritable":false,"inbound_stock":null,"stock_on_hold":0,"sold_today":0,"sales_last_days":0,"reserved_stock":null,"customer_returns":null,"warehouse_damage":null,"lost_in_post":null,"other_logs":null,"out_stock_days":0,"lost_sales":0,"has_location":null,"update_date":"2026-02-10T03:16:20","atum_locations":[],"atum_stock_status":"instock","restock_status":false,"low_stock_amount":"","sales_update_date":"2026-01-30T01:24:43","calc_backorders":null,"_links":{"self":[{"href":"https:\/\/aromasentia.com\/fr\/wp-json\/wp\/v2\/product\/218432","targetHints":{"allow":["GET"]}}],"collection":[{"href":"https:\/\/aromasentia.com\/fr\/wp-json\/wp\/v2\/product"}],"about":[{"href":"https:\/\/aromasentia.com\/fr\/wp-json\/wp\/v2\/types\/product"}],"replies":[{"embeddable":true,"href":"https:\/\/aromasentia.com\/fr\/wp-json\/wp\/v2\/comments?post=218432"}],"version-history":[{"count":0,"href":"https:\/\/aromasentia.com\/fr\/wp-json\/wp\/v2\/product\/218432\/revisions"}],"wp:featuredmedia":[{"embeddable":true,"href":"https:\/\/aromasentia.com\/fr\/wp-json\/wp\/v2\/media\/434595"}],"wp:attachment":[{"href":"https:\/\/aromasentia.com\/fr\/wp-json\/wp\/v2\/media?parent=218432"}],"wp:term":[{"taxonomy":"product_brand","embeddable":true,"href":"https:\/\/aromasentia.com\/fr\/wp-json\/wp\/v2\/product_brand?post=218432"},{"taxonomy":"product_cat","embeddable":true,"href":"https:\/\/aromasentia.com\/fr\/wp-json\/wp\/v2\/product_cat?post=218432"},{"taxonomy":"product_tag","embeddable":true,"href":"https:\/\/aromasentia.com\/fr\/wp-json\/wp\/v2\/product_tag?post=218432"}],"curies":[{"name":"wp","href":"https:\/\/api.w.org\/{rel}","templated":true}]}}