{"id":218412,"date":"2025-03-23T11:55:38","date_gmt":"2025-03-23T11:55:38","guid":{"rendered":"https:\/\/aromasentia.com\/product\/bali-dreamcatchers-med-multi-pyramid\/"},"modified":"2025-12-30T18:56:27","modified_gmt":"2025-12-30T18:56:27","slug":"attrape-reve-de-bali-med-pyramide-multi","status":"publish","type":"product","link":"https:\/\/aromasentia.com\/fr\/attrape-reve-de-bali-med-pyramide-multi\/","title":{"rendered":"Attrape R\u00eave de Bali &#8211; Med Pyramide Multi"},"content":{"rendered":"<p><strong><span style=\"color: rgb(75, 80, 88);\">Attrape-r\u00eaves<\/span><\/strong> en gros. Probablement la meilleure qualit\u00e9 et la meilleure valeur sur le march\u00e9. Famille faite pour AW \u00e0 Bali, livr\u00e9e directement chez vous.&nbsp;<\/p>\n<p>Emball\u00e9s avec une mini \u00e9tiquette d&rsquo;information, fabriqu\u00e9s avec des mat\u00e9riaux de qualit\u00e9, ils se vendent rapidement avec un bon affichage. S&rsquo;il vous pla\u00eet ne confondez pas avec les versions moins ch\u00e8res.&nbsp;<\/p>\n<p>Les Am\u00e9rindiens croient que la nuit apporte de bons et de mauvais r\u00eaves. L&rsquo;attrape-r\u00eaves lorsqu&rsquo;il est accroch\u00e9 pr\u00e8s de votre lit attrape les r\u00eaves. Les bons r\u00eaves savent passer \u00e0 travers l&rsquo;attrape-r\u00eaves, les mauvais r\u00eaves ne sachant pas le chemin s&#8217;emm\u00ealent dans l&rsquo;attrape-r\u00eaves et p\u00e9rissent aux premi\u00e8res lueurs de l&rsquo;aube.&nbsp;<\/p>\n<p>A Bali, les habitants sont tr\u00e8s en contact avec le monde des esprits et ont adopt\u00e9 l&rsquo;attrape-r\u00eaves et renouvel\u00e9 son pouvoir. Ce capteur de r\u00eaves est fait avec amour et b\u00e9n\u00e9dictions. Beaux r\u00eaves.&nbsp;<\/p>\n<p><strong><span style=\"color: rgb(75, 80, 88);\">Dimensions des attrape-r\u00eaves : H : 90 cm l : 2 cm L : 36 cm Tailles cadre : H30cm D:36cm Tailles plumes 15cm<\/span><\/strong><\/p>\n","protected":false},"excerpt":{"rendered":"<p>Attrape-r\u00eaves en gros. Probablement la meilleure qualit\u00e9 et la meilleure valeur sur le march\u00e9. Famille faite pour AW \u00e0 Bali, livr\u00e9e directement chez vous.&nbsp; Emball\u00e9s avec une mini \u00e9tiquette d&rsquo;information, fabriqu\u00e9s avec des mat\u00e9riaux de qualit\u00e9, ils se vendent rapidement avec un bon affichage. S&rsquo;il vous pla\u00eet ne confondez pas avec les versions moins ch\u00e8res.&nbsp; [&hellip;]<\/p>\n","protected":false},"featured_media":434414,"comment_status":"closed","ping_status":"open","template":"","meta":{"_angie_page":false},"product_brand":[],"product_cat":[14054,14447,14446],"product_tag":[],"class_list":{"0":"post-218412","1":"product","2":"type-product","3":"status-publish","4":"has-post-thumbnail","6":"product_cat-cadeaux-vintage-et-souvenirs","7":"product_cat-macrames-et-capteur-de-reves","8":"product_cat-maison-et-jardin","9":"pa_collection-bali-dream-catcher-fr","10":"pa_made-in-indonesie","12":"first","13":"instock","14":"purchasable","15":"product-type-simple"},"supplier_id":null,"supplier_sku":"BDC-17","barcode":null,"atum_controlled":true,"out_stock_date":null,"out_stock_threshold":null,"inheritable":false,"inbound_stock":null,"stock_on_hold":0,"sold_today":0,"sales_last_days":0,"reserved_stock":null,"customer_returns":null,"warehouse_damage":null,"lost_in_post":null,"other_logs":null,"out_stock_days":0,"lost_sales":0,"has_location":null,"update_date":"2026-05-08T05:05:00","atum_locations":[],"atum_stock_status":"instock","restock_status":false,"low_stock_amount":"","sales_update_date":"2026-02-06T00:02:13","calc_backorders":null,"_links":{"self":[{"href":"https:\/\/aromasentia.com\/fr\/wp-json\/wp\/v2\/product\/218412","targetHints":{"allow":["GET"]}}],"collection":[{"href":"https:\/\/aromasentia.com\/fr\/wp-json\/wp\/v2\/product"}],"about":[{"href":"https:\/\/aromasentia.com\/fr\/wp-json\/wp\/v2\/types\/product"}],"replies":[{"embeddable":true,"href":"https:\/\/aromasentia.com\/fr\/wp-json\/wp\/v2\/comments?post=218412"}],"version-history":[{"count":0,"href":"https:\/\/aromasentia.com\/fr\/wp-json\/wp\/v2\/product\/218412\/revisions"}],"wp:featuredmedia":[{"embeddable":true,"href":"https:\/\/aromasentia.com\/fr\/wp-json\/wp\/v2\/media\/434414"}],"wp:attachment":[{"href":"https:\/\/aromasentia.com\/fr\/wp-json\/wp\/v2\/media?parent=218412"}],"wp:term":[{"taxonomy":"product_brand","embeddable":true,"href":"https:\/\/aromasentia.com\/fr\/wp-json\/wp\/v2\/product_brand?post=218412"},{"taxonomy":"product_cat","embeddable":true,"href":"https:\/\/aromasentia.com\/fr\/wp-json\/wp\/v2\/product_cat?post=218412"},{"taxonomy":"product_tag","embeddable":true,"href":"https:\/\/aromasentia.com\/fr\/wp-json\/wp\/v2\/product_tag?post=218412"}],"curies":[{"name":"wp","href":"https:\/\/api.w.org\/{rel}","templated":true}]}}