{"id":218404,"date":"2025-03-23T11:55:38","date_gmt":"2025-03-23T11:55:38","guid":{"rendered":"https:\/\/aromasentia.com\/product\/bali-dreamcatcher-xlarge-round-cream-coffee-choc\/"},"modified":"2025-12-30T18:56:27","modified_gmt":"2025-12-30T18:56:27","slug":"extra-grands-cercles-cafecreme-et-chocolat","status":"publish","type":"product","link":"https:\/\/aromasentia.com\/fr\/extra-grands-cercles-cafecreme-et-chocolat\/","title":{"rendered":"Extra Grands Cercles &#8211; Caf\u00e9,Cr\u00e8me et Chocolat"},"content":{"rendered":"<p>Capteurs de r\u00eave con\u00e7us \u00e0 la main_x000D_<br \/>\n<br \/>_x000D_<br \/>\nAssortiment de 3 couleurs diff\u00e9rentes_x000D_<br \/>\n<br \/>_x000D_<br \/>\n32 cm en diam\u00e8tre du cercle en bois couvert en 3 couleurs diff\u00e9rentes_x000D_<br \/>\n<br \/>_x000D_<br \/>\n115 cm en longueur totale_x000D_<br \/>\n<br \/>_x000D_<br \/>\nAccompagn\u00e9e d&rsquo;une petite carte expliquant la l\u00e9gende des capteurs de r\u00eave<\/p>\n","protected":false},"excerpt":{"rendered":"<p>Capteurs de r\u00eave con\u00e7us \u00e0 la main_x000D_ _x000D_ Assortiment de 3 couleurs diff\u00e9rentes_x000D_ _x000D_ 32 cm en diam\u00e8tre du cercle en bois couvert en 3 couleurs diff\u00e9rentes_x000D_ _x000D_ 115 cm en longueur totale_x000D_ _x000D_ Accompagn\u00e9e d&rsquo;une petite carte expliquant la l\u00e9gende des capteurs de r\u00eave<\/p>\n","protected":false},"featured_media":434308,"comment_status":"closed","ping_status":"open","template":"","meta":[],"product_brand":[],"product_cat":[14054,14447,14446],"product_tag":[],"class_list":{"0":"post-218404","1":"product","2":"type-product","3":"status-publish","4":"has-post-thumbnail","6":"product_cat-cadeaux-vintage-et-souvenirs","7":"product_cat-macrames-et-capteur-de-reves","8":"product_cat-maison-et-jardin","9":"pa_collection-bali-dream-catcher-fr","10":"pa_made-in-indonesie","12":"first","13":"instock","14":"purchasable","15":"product-type-simple"},"supplier_id":null,"supplier_sku":"BDC-15","barcode":null,"atum_controlled":true,"out_stock_date":null,"out_stock_threshold":null,"inheritable":false,"inbound_stock":null,"stock_on_hold":0,"sold_today":0,"sales_last_days":0,"reserved_stock":null,"customer_returns":null,"warehouse_damage":null,"lost_in_post":null,"other_logs":null,"out_stock_days":0,"lost_sales":0,"has_location":null,"update_date":"2026-02-10T22:34:49","atum_locations":[],"atum_stock_status":"instock","restock_status":false,"low_stock_amount":"","sales_update_date":"2025-10-09T03:26:14","calc_backorders":null,"_links":{"self":[{"href":"https:\/\/aromasentia.com\/fr\/wp-json\/wp\/v2\/product\/218404","targetHints":{"allow":["GET"]}}],"collection":[{"href":"https:\/\/aromasentia.com\/fr\/wp-json\/wp\/v2\/product"}],"about":[{"href":"https:\/\/aromasentia.com\/fr\/wp-json\/wp\/v2\/types\/product"}],"replies":[{"embeddable":true,"href":"https:\/\/aromasentia.com\/fr\/wp-json\/wp\/v2\/comments?post=218404"}],"version-history":[{"count":0,"href":"https:\/\/aromasentia.com\/fr\/wp-json\/wp\/v2\/product\/218404\/revisions"}],"wp:featuredmedia":[{"embeddable":true,"href":"https:\/\/aromasentia.com\/fr\/wp-json\/wp\/v2\/media\/434308"}],"wp:attachment":[{"href":"https:\/\/aromasentia.com\/fr\/wp-json\/wp\/v2\/media?parent=218404"}],"wp:term":[{"taxonomy":"product_brand","embeddable":true,"href":"https:\/\/aromasentia.com\/fr\/wp-json\/wp\/v2\/product_brand?post=218404"},{"taxonomy":"product_cat","embeddable":true,"href":"https:\/\/aromasentia.com\/fr\/wp-json\/wp\/v2\/product_cat?post=218404"},{"taxonomy":"product_tag","embeddable":true,"href":"https:\/\/aromasentia.com\/fr\/wp-json\/wp\/v2\/product_tag?post=218404"}],"curies":[{"name":"wp","href":"https:\/\/api.w.org\/{rel}","templated":true}]}}