{"id":218388,"date":"2025-03-23T11:55:38","date_gmt":"2025-03-23T11:55:38","guid":{"rendered":"https:\/\/aromasentia.com\/product\/bali-dreamcatcher-large-round-black-white-red\/"},"modified":"2025-06-23T18:18:36","modified_gmt":"2025-06-23T18:18:36","slug":"grands-cercles-noir-blanc-et-rouge","status":"publish","type":"product","link":"https:\/\/aromasentia.com\/fr\/grands-cercles-noir-blanc-et-rouge\/","title":{"rendered":"Grands Cercles &#8211; Noir ,Blanc et Rouge"},"content":{"rendered":"<p><strong><span style=\"color: rgb(75, 80, 88);\">Capteurs de r\u00eave<\/span><\/strong> con&ccedil;us \u00e0 la main<\/p>\n<p>Assortiment de 3 couleurs diff\u00e9rentes<\/p>\n<p>17 cm en diam\u00e8tre du cercle en bois couvert en 3 couleurs diff\u00e9rentes<\/p>\n<p>55 cm en longueur totale<\/p>\n<p><strong><span style=\"color: rgb(141, 186, 216);\">Accompagn\u00e9e d&rsquo;une petite carte expliquant la l\u00e9gende des capteurs de r\u00eave<\/span><\/strong><\/p>\n","protected":false},"excerpt":{"rendered":"<p>Capteurs de r\u00eave con&ccedil;us \u00e0 la main Assortiment de 3 couleurs diff\u00e9rentes 17 cm en diam\u00e8tre du cercle en bois couvert en 3 couleurs diff\u00e9rentes 55 cm en longueur totale Accompagn\u00e9e d&rsquo;une petite carte expliquant la l\u00e9gende des capteurs de r\u00eave<\/p>\n","protected":false},"featured_media":434184,"comment_status":"closed","ping_status":"open","template":"","meta":{"_angie_page":false},"product_brand":[],"product_cat":[14054,14447,14446],"product_tag":[],"class_list":{"0":"post-218388","1":"product","2":"type-product","3":"status-publish","4":"has-post-thumbnail","6":"product_cat-cadeaux-vintage-et-souvenirs","7":"product_cat-macrames-et-capteur-de-reves","8":"product_cat-maison-et-jardin","9":"pa_collection-bali-dream-catcher-fr","10":"pa_made-in-indonesie","12":"first","13":"outofstock","14":"purchasable","15":"product-type-simple"},"supplier_id":null,"supplier_sku":"BDC-11","barcode":null,"atum_controlled":true,"out_stock_date":"2026-04-25 16:41:16","out_stock_threshold":null,"inheritable":false,"inbound_stock":null,"stock_on_hold":0,"sold_today":0,"sales_last_days":0,"reserved_stock":null,"customer_returns":null,"warehouse_damage":null,"lost_in_post":null,"other_logs":null,"out_stock_days":0,"lost_sales":0,"has_location":null,"update_date":"2026-04-27T06:54:47","atum_locations":[],"atum_stock_status":"outofstock","restock_status":false,"low_stock_amount":"","sales_update_date":"2026-01-20T05:13:59","calc_backorders":null,"_links":{"self":[{"href":"https:\/\/aromasentia.com\/fr\/wp-json\/wp\/v2\/product\/218388","targetHints":{"allow":["GET"]}}],"collection":[{"href":"https:\/\/aromasentia.com\/fr\/wp-json\/wp\/v2\/product"}],"about":[{"href":"https:\/\/aromasentia.com\/fr\/wp-json\/wp\/v2\/types\/product"}],"replies":[{"embeddable":true,"href":"https:\/\/aromasentia.com\/fr\/wp-json\/wp\/v2\/comments?post=218388"}],"version-history":[{"count":0,"href":"https:\/\/aromasentia.com\/fr\/wp-json\/wp\/v2\/product\/218388\/revisions"}],"wp:featuredmedia":[{"embeddable":true,"href":"https:\/\/aromasentia.com\/fr\/wp-json\/wp\/v2\/media\/434184"}],"wp:attachment":[{"href":"https:\/\/aromasentia.com\/fr\/wp-json\/wp\/v2\/media?parent=218388"}],"wp:term":[{"taxonomy":"product_brand","embeddable":true,"href":"https:\/\/aromasentia.com\/fr\/wp-json\/wp\/v2\/product_brand?post=218388"},{"taxonomy":"product_cat","embeddable":true,"href":"https:\/\/aromasentia.com\/fr\/wp-json\/wp\/v2\/product_cat?post=218388"},{"taxonomy":"product_tag","embeddable":true,"href":"https:\/\/aromasentia.com\/fr\/wp-json\/wp\/v2\/product_tag?post=218388"}],"curies":[{"name":"wp","href":"https:\/\/api.w.org\/{rel}","templated":true}]}}