{"id":218344,"date":"2025-03-23T11:58:30","date_gmt":"2025-03-23T11:58:30","guid":{"rendered":"https:\/\/aromasentia.com\/product\/art-elephant-set-of-3\/"},"modified":"2025-12-30T18:56:20","modified_gmt":"2025-12-30T18:56:20","slug":"ensemble-de-3-elephants-dart","status":"publish","type":"product","link":"https:\/\/aromasentia.com\/fr\/ensemble-de-3-elephants-dart\/","title":{"rendered":"Ensemble de 3 El\u00e9phants d&rsquo;Art"},"content":{"rendered":"<p><strong><span style=\"color: rgb(75, 80, 88);\">Dimensions approximatives :<\/span><\/strong>&nbsp;<\/p>\n<p>Grand \u00e9l\u00e9phant : 8&#215;4,5x8cm&nbsp;<\/p>\n<p>El\u00e9phant moyen : 5,5x6x3cm&nbsp;<\/p>\n<p>Petit \u00e9l\u00e9phant : 4x4x2cm<\/p>\n","protected":false},"excerpt":{"rendered":"<p>Dimensions approximatives :&nbsp; Grand \u00e9l\u00e9phant : 8&#215;4,5x8cm&nbsp; El\u00e9phant moyen : 5,5x6x3cm&nbsp; Petit \u00e9l\u00e9phant : 4x4x2cm<\/p>\n","protected":false},"featured_media":434928,"comment_status":"closed","ping_status":"open","template":"","meta":[],"product_brand":[],"product_cat":[14054,14404],"product_tag":[],"class_list":{"0":"post-218344","1":"product","2":"type-product","3":"status-publish","4":"has-post-thumbnail","6":"product_cat-cadeaux-vintage-et-souvenirs","7":"product_cat-feng-shui-et-collection-tibetaine","8":"pa_collection-brass-fengshui-objects-fr","9":"pa_made-in-indonesie","11":"first","12":"instock","13":"purchasable","14":"product-type-simple"},"supplier_id":null,"supplier_sku":"BFF-33","barcode":null,"atum_controlled":true,"out_stock_date":null,"out_stock_threshold":null,"inheritable":false,"inbound_stock":null,"stock_on_hold":0,"sold_today":0,"sales_last_days":0,"reserved_stock":null,"customer_returns":null,"warehouse_damage":null,"lost_in_post":null,"other_logs":null,"out_stock_days":0,"lost_sales":0,"has_location":null,"update_date":"2026-02-06T00:00:46","atum_locations":[],"atum_stock_status":"instock","restock_status":false,"low_stock_amount":"","sales_update_date":"2026-02-06T00:00:46","calc_backorders":null,"_links":{"self":[{"href":"https:\/\/aromasentia.com\/fr\/wp-json\/wp\/v2\/product\/218344","targetHints":{"allow":["GET"]}}],"collection":[{"href":"https:\/\/aromasentia.com\/fr\/wp-json\/wp\/v2\/product"}],"about":[{"href":"https:\/\/aromasentia.com\/fr\/wp-json\/wp\/v2\/types\/product"}],"replies":[{"embeddable":true,"href":"https:\/\/aromasentia.com\/fr\/wp-json\/wp\/v2\/comments?post=218344"}],"version-history":[{"count":0,"href":"https:\/\/aromasentia.com\/fr\/wp-json\/wp\/v2\/product\/218344\/revisions"}],"wp:featuredmedia":[{"embeddable":true,"href":"https:\/\/aromasentia.com\/fr\/wp-json\/wp\/v2\/media\/434928"}],"wp:attachment":[{"href":"https:\/\/aromasentia.com\/fr\/wp-json\/wp\/v2\/media?parent=218344"}],"wp:term":[{"taxonomy":"product_brand","embeddable":true,"href":"https:\/\/aromasentia.com\/fr\/wp-json\/wp\/v2\/product_brand?post=218344"},{"taxonomy":"product_cat","embeddable":true,"href":"https:\/\/aromasentia.com\/fr\/wp-json\/wp\/v2\/product_cat?post=218344"},{"taxonomy":"product_tag","embeddable":true,"href":"https:\/\/aromasentia.com\/fr\/wp-json\/wp\/v2\/product_tag?post=218344"}],"curies":[{"name":"wp","href":"https:\/\/api.w.org\/{rel}","templated":true}]}}