{"id":218340,"date":"2025-03-23T11:58:30","date_gmt":"2025-03-23T11:58:30","guid":{"rendered":"https:\/\/aromasentia.com\/product\/large-art-elephant-candle-incense-holder\/"},"modified":"2025-12-30T18:56:20","modified_gmt":"2025-12-30T18:56:20","slug":"grande-bougie-elephant-dart-porte-encens","status":"publish","type":"product","link":"https:\/\/aromasentia.com\/fr\/grande-bougie-elephant-dart-porte-encens\/","title":{"rendered":"Grande Bougie \u00c9l\u00e9phant d&rsquo;Art \/ Porte-Encens"},"content":{"rendered":"<p>Cette grande figurine d&rsquo;\u00e9l\u00e9phant artistique, qui sert \u00e0 la fois de bougie et de porte-encens, fait sensation. Son design complexe et sa taille imposante en font un point focal captivant pour votre d\u00e9cor.<\/p>\n","protected":false},"excerpt":{"rendered":"<p>Cette grande figurine d&rsquo;\u00e9l\u00e9phant artistique, qui sert \u00e0 la fois de bougie et de porte-encens, fait sensation. Son design complexe et sa taille imposante en font un point focal captivant pour votre d\u00e9cor.<\/p>\n","protected":false},"featured_media":434879,"comment_status":"closed","ping_status":"open","template":"","meta":[],"product_brand":[],"product_cat":[14054,14404],"product_tag":[],"class_list":{"0":"post-218340","1":"product","2":"type-product","3":"status-publish","4":"has-post-thumbnail","6":"product_cat-cadeaux-vintage-et-souvenirs","7":"product_cat-feng-shui-et-collection-tibetaine","8":"pa_collection-brass-fengshui-objects-fr","9":"pa_made-in-indonesie","11":"first","12":"instock","13":"purchasable","14":"product-type-simple"},"supplier_id":null,"supplier_sku":"BFF-30","barcode":null,"atum_controlled":true,"out_stock_date":null,"out_stock_threshold":null,"inheritable":false,"inbound_stock":null,"stock_on_hold":0,"sold_today":0,"sales_last_days":0,"reserved_stock":null,"customer_returns":null,"warehouse_damage":null,"lost_in_post":null,"other_logs":null,"out_stock_days":0,"lost_sales":0,"has_location":null,"update_date":"2026-01-30T01:26:37","atum_locations":[],"atum_stock_status":"instock","restock_status":false,"low_stock_amount":"","sales_update_date":"2026-01-30T01:26:37","calc_backorders":null,"_links":{"self":[{"href":"https:\/\/aromasentia.com\/fr\/wp-json\/wp\/v2\/product\/218340","targetHints":{"allow":["GET"]}}],"collection":[{"href":"https:\/\/aromasentia.com\/fr\/wp-json\/wp\/v2\/product"}],"about":[{"href":"https:\/\/aromasentia.com\/fr\/wp-json\/wp\/v2\/types\/product"}],"replies":[{"embeddable":true,"href":"https:\/\/aromasentia.com\/fr\/wp-json\/wp\/v2\/comments?post=218340"}],"version-history":[{"count":0,"href":"https:\/\/aromasentia.com\/fr\/wp-json\/wp\/v2\/product\/218340\/revisions"}],"wp:featuredmedia":[{"embeddable":true,"href":"https:\/\/aromasentia.com\/fr\/wp-json\/wp\/v2\/media\/434879"}],"wp:attachment":[{"href":"https:\/\/aromasentia.com\/fr\/wp-json\/wp\/v2\/media?parent=218340"}],"wp:term":[{"taxonomy":"product_brand","embeddable":true,"href":"https:\/\/aromasentia.com\/fr\/wp-json\/wp\/v2\/product_brand?post=218340"},{"taxonomy":"product_cat","embeddable":true,"href":"https:\/\/aromasentia.com\/fr\/wp-json\/wp\/v2\/product_cat?post=218340"},{"taxonomy":"product_tag","embeddable":true,"href":"https:\/\/aromasentia.com\/fr\/wp-json\/wp\/v2\/product_tag?post=218340"}],"curies":[{"name":"wp","href":"https:\/\/api.w.org\/{rel}","templated":true}]}}