{"id":218336,"date":"2025-03-23T11:58:30","date_gmt":"2025-03-23T11:58:30","guid":{"rendered":"https:\/\/aromasentia.com\/product\/big-goat-head-knocker\/"},"modified":"2025-12-30T18:56:20","modified_gmt":"2025-12-30T18:56:20","slug":"heurtoir-a-grosse-tete-de-chevre","status":"publish","type":"product","link":"https:\/\/aromasentia.com\/fr\/heurtoir-a-grosse-tete-de-chevre\/","title":{"rendered":"Heurtoir \u00e0 grosse t\u00eate de ch\u00e8vre"},"content":{"rendered":"<p>Ajoutez une touche de charme rustique et de caract\u00e8re \u00e0 votre porte avec ce heurtoir \u00e0 grosse t\u00eate de ch\u00e8vre. Fabriqu\u00e9e avec des d\u00e9tails complexes, cette pi\u00e8ce unique ne manquera pas de faire une premi\u00e8re impression m\u00e9morable.<\/p>\n","protected":false},"excerpt":{"rendered":"<p>Ajoutez une touche de charme rustique et de caract\u00e8re \u00e0 votre porte avec ce heurtoir \u00e0 grosse t\u00eate de ch\u00e8vre. Fabriqu\u00e9e avec des d\u00e9tails complexes, cette pi\u00e8ce unique ne manquera pas de faire une premi\u00e8re impression m\u00e9morable.<\/p>\n","protected":false},"featured_media":434854,"comment_status":"closed","ping_status":"open","template":"","meta":[],"product_brand":[],"product_cat":[14054,14404],"product_tag":[],"class_list":{"0":"post-218336","1":"product","2":"type-product","3":"status-publish","4":"has-post-thumbnail","6":"product_cat-cadeaux-vintage-et-souvenirs","7":"product_cat-feng-shui-et-collection-tibetaine","8":"pa_collection-brass-fengshui-objects-fr","9":"pa_made-in-indonesie","11":"first","12":"instock","13":"purchasable","14":"product-type-simple"},"supplier_id":null,"supplier_sku":"BFF-29","barcode":null,"atum_controlled":true,"out_stock_date":null,"out_stock_threshold":null,"inheritable":false,"inbound_stock":null,"stock_on_hold":0,"sold_today":0,"sales_last_days":0,"reserved_stock":null,"customer_returns":null,"warehouse_damage":null,"lost_in_post":null,"other_logs":null,"out_stock_days":0,"lost_sales":0,"has_location":null,"update_date":"2026-01-30T01:25:23","atum_locations":[],"atum_stock_status":"instock","restock_status":false,"low_stock_amount":"","sales_update_date":"2026-01-30T01:25:23","calc_backorders":null,"_links":{"self":[{"href":"https:\/\/aromasentia.com\/fr\/wp-json\/wp\/v2\/product\/218336","targetHints":{"allow":["GET"]}}],"collection":[{"href":"https:\/\/aromasentia.com\/fr\/wp-json\/wp\/v2\/product"}],"about":[{"href":"https:\/\/aromasentia.com\/fr\/wp-json\/wp\/v2\/types\/product"}],"replies":[{"embeddable":true,"href":"https:\/\/aromasentia.com\/fr\/wp-json\/wp\/v2\/comments?post=218336"}],"version-history":[{"count":0,"href":"https:\/\/aromasentia.com\/fr\/wp-json\/wp\/v2\/product\/218336\/revisions"}],"wp:featuredmedia":[{"embeddable":true,"href":"https:\/\/aromasentia.com\/fr\/wp-json\/wp\/v2\/media\/434854"}],"wp:attachment":[{"href":"https:\/\/aromasentia.com\/fr\/wp-json\/wp\/v2\/media?parent=218336"}],"wp:term":[{"taxonomy":"product_brand","embeddable":true,"href":"https:\/\/aromasentia.com\/fr\/wp-json\/wp\/v2\/product_brand?post=218336"},{"taxonomy":"product_cat","embeddable":true,"href":"https:\/\/aromasentia.com\/fr\/wp-json\/wp\/v2\/product_cat?post=218336"},{"taxonomy":"product_tag","embeddable":true,"href":"https:\/\/aromasentia.com\/fr\/wp-json\/wp\/v2\/product_tag?post=218336"}],"curies":[{"name":"wp","href":"https:\/\/api.w.org\/{rel}","templated":true}]}}