{"id":218328,"date":"2025-03-23T11:58:30","date_gmt":"2025-03-23T11:58:30","guid":{"rendered":"https:\/\/aromasentia.com\/product\/small-elephant-candle-incense-holder\/"},"modified":"2025-12-30T18:56:20","modified_gmt":"2025-12-30T18:56:20","slug":"petite-bougie-elephant-porte-encens","status":"publish","type":"product","link":"https:\/\/aromasentia.com\/fr\/petite-bougie-elephant-porte-encens\/","title":{"rendered":"Petite Bougie \u00c9l\u00e9phant \/ Porte-Encens"},"content":{"rendered":"<p>Apportez une touche de charme fantaisiste \u00e0 votre espace avec cette petite figurine d&rsquo;\u00e9l\u00e9phant qui sert \u00e0 la fois de bougie et de porte-encens. Sa taille compacte et son design adorable en font un ajout charmant \u00e0 n&rsquo;importe quelle pi\u00e8ce.<\/p>\n","protected":false},"excerpt":{"rendered":"<p>Apportez une touche de charme fantaisiste \u00e0 votre espace avec cette petite figurine d&rsquo;\u00e9l\u00e9phant qui sert \u00e0 la fois de bougie et de porte-encens. Sa taille compacte et son design adorable en font un ajout charmant \u00e0 n&rsquo;importe quelle pi\u00e8ce.<\/p>\n","protected":false},"featured_media":434796,"comment_status":"closed","ping_status":"open","template":"","meta":[],"product_brand":[],"product_cat":[14054,14404],"product_tag":[],"class_list":{"0":"post-218328","1":"product","2":"type-product","3":"status-publish","4":"has-post-thumbnail","6":"product_cat-cadeaux-vintage-et-souvenirs","7":"product_cat-feng-shui-et-collection-tibetaine","8":"pa_collection-brass-fengshui-objects-fr","9":"pa_made-in-indonesie","11":"first","12":"instock","13":"purchasable","14":"product-type-simple"},"supplier_id":null,"supplier_sku":"BFF-32","barcode":null,"atum_controlled":true,"out_stock_date":null,"out_stock_threshold":null,"inheritable":false,"inbound_stock":null,"stock_on_hold":0,"sold_today":0,"sales_last_days":0,"reserved_stock":null,"customer_returns":null,"warehouse_damage":null,"lost_in_post":null,"other_logs":null,"out_stock_days":0,"lost_sales":0,"has_location":null,"update_date":"2026-02-02T10:24:18","atum_locations":[],"atum_stock_status":"instock","restock_status":false,"low_stock_amount":"","sales_update_date":"2026-01-20T05:14:23","calc_backorders":null,"_links":{"self":[{"href":"https:\/\/aromasentia.com\/fr\/wp-json\/wp\/v2\/product\/218328","targetHints":{"allow":["GET"]}}],"collection":[{"href":"https:\/\/aromasentia.com\/fr\/wp-json\/wp\/v2\/product"}],"about":[{"href":"https:\/\/aromasentia.com\/fr\/wp-json\/wp\/v2\/types\/product"}],"replies":[{"embeddable":true,"href":"https:\/\/aromasentia.com\/fr\/wp-json\/wp\/v2\/comments?post=218328"}],"version-history":[{"count":0,"href":"https:\/\/aromasentia.com\/fr\/wp-json\/wp\/v2\/product\/218328\/revisions"}],"wp:featuredmedia":[{"embeddable":true,"href":"https:\/\/aromasentia.com\/fr\/wp-json\/wp\/v2\/media\/434796"}],"wp:attachment":[{"href":"https:\/\/aromasentia.com\/fr\/wp-json\/wp\/v2\/media?parent=218328"}],"wp:term":[{"taxonomy":"product_brand","embeddable":true,"href":"https:\/\/aromasentia.com\/fr\/wp-json\/wp\/v2\/product_brand?post=218328"},{"taxonomy":"product_cat","embeddable":true,"href":"https:\/\/aromasentia.com\/fr\/wp-json\/wp\/v2\/product_cat?post=218328"},{"taxonomy":"product_tag","embeddable":true,"href":"https:\/\/aromasentia.com\/fr\/wp-json\/wp\/v2\/product_tag?post=218328"}],"curies":[{"name":"wp","href":"https:\/\/api.w.org\/{rel}","templated":true}]}}