{"id":218300,"date":"2025-03-23T11:59:32","date_gmt":"2025-03-23T11:59:32","guid":{"rendered":"https:\/\/aromasentia.com\/product\/medium-ceramic-glazed-wood-box-15x10x6cm-white\/"},"modified":"2025-12-30T18:56:12","modified_gmt":"2025-12-30T18:56:12","slug":"boite-moyenne-en-bois-recouverte-de-ceramique-15x10x6cm-blanc","status":"publish","type":"product","link":"https:\/\/aromasentia.com\/fr\/boite-moyenne-en-bois-recouverte-de-ceramique-15x10x6cm-blanc\/","title":{"rendered":"Bo\u00eete Moyenne en Bois Recouverte de C\u00e9ramique &#8211; 15x10x6cm &#8211; Blanc"},"content":{"rendered":"<p>Nous vous pr\u00e9sentons notre \u00e9l\u00e9gante <strong><span style=\"color: rgb(75, 80, 88);\">Bo\u00eete Moyenne en Bois Recouverte de C\u00e9ramique &#8211; Blanche<\/span><\/strong>, une addition intemporelle et polyvalente \u00e0 tout espace.&nbsp;<\/p>\n<p><strong><span style=\"color: rgb(75, 80, 88);\">Mesurant 15x10x6cm<\/span><\/strong>, cette bo\u00eete combine le charme naturel du bois avec la sophistication de la c\u00e9ramique \u00e9maill\u00e9e, offrant \u00e0 la fois style et fonctionnalit\u00e9. Le design minimaliste en blanc classique fait de cette bo\u00eete un compl\u00e9ment parfait \u00e0 divers styles de d\u00e9coration, s&rsquo;int\u00e9grant parfaitement \u00e0 tout environnement.&nbsp;<\/p>\n<p>De taille moyenne, elle est id\u00e9ale pour ranger de petits objets, des bibelots ou des bijoux, tout en constituant un \u00e9l\u00e9ment d\u00e9coratif de bon go\u00fbt sur une \u00e9tag\u00e8re, une table ou un bureau.&nbsp;<\/p>\n<p>Fabriqu\u00e9e avec soin, cette bo\u00eete est un t\u00e9moignage de qualit\u00e9 et de simplicit\u00e9. En tant que grossiste en cadeaux, vous pouvez proposer cette bo\u00eete \u00e0 vos clients en toute confiance, sachant qu&rsquo;elle pla\u00eet \u00e0 ceux qui appr\u00e9cient l&rsquo;\u00e9l\u00e9gance discr\u00e8te et l&rsquo;esth\u00e9tique \u00e9pur\u00e9e.&nbsp;<\/p>\n<p><strong><span style=\"color: rgb(141, 186, 216);\">R\u00e9haussez votre gamme de produits avec la bo\u00eete moyenne en c\u00e9ramique \u00e9maill\u00e9e &#8211; blanche, une pi\u00e8ce polyvalente et intemporelle qui allie sans effort l&rsquo;aspect pratique et le style raffin\u00e9.<\/span><\/strong><\/p>\n","protected":false},"excerpt":{"rendered":"<p>Nous vous pr\u00e9sentons notre \u00e9l\u00e9gante Bo\u00eete Moyenne en Bois Recouverte de C\u00e9ramique &#8211; Blanche, une addition intemporelle et polyvalente \u00e0 tout espace.&nbsp; Mesurant 15x10x6cm, cette bo\u00eete combine le charme naturel du bois avec la sophistication de la c\u00e9ramique \u00e9maill\u00e9e, offrant \u00e0 la fois style et fonctionnalit\u00e9. Le design minimaliste en blanc classique fait de cette [&hellip;]<\/p>\n","protected":false},"featured_media":435116,"comment_status":"closed","ping_status":"open","template":"","meta":{"_angie_page":false},"product_brand":[],"product_cat":[14137,14138],"product_tag":[],"class_list":{"0":"post-218300","1":"product","2":"type-product","3":"status-publish","4":"has-post-thumbnail","6":"product_cat-emballages-boites-et-sacs-cadeau","7":"product_cat-rangement-coffrets-et-boites-cadeaux","8":"pa_collection-ceramic-glazed-wooden-boxes-fr","9":"pa_made-in-inde","11":"first","12":"instock","13":"purchasable","14":"product-type-simple"},"supplier_id":null,"supplier_sku":"CGIBox-03","barcode":null,"atum_controlled":true,"out_stock_date":null,"out_stock_threshold":null,"inheritable":false,"inbound_stock":null,"stock_on_hold":0,"sold_today":0,"sales_last_days":0,"reserved_stock":null,"customer_returns":null,"warehouse_damage":null,"lost_in_post":null,"other_logs":null,"out_stock_days":0,"lost_sales":0,"has_location":null,"update_date":"2026-05-08T05:06:08","atum_locations":[],"atum_stock_status":"instock","restock_status":false,"low_stock_amount":"","sales_update_date":"2026-01-30T01:25:39","calc_backorders":null,"_links":{"self":[{"href":"https:\/\/aromasentia.com\/fr\/wp-json\/wp\/v2\/product\/218300","targetHints":{"allow":["GET"]}}],"collection":[{"href":"https:\/\/aromasentia.com\/fr\/wp-json\/wp\/v2\/product"}],"about":[{"href":"https:\/\/aromasentia.com\/fr\/wp-json\/wp\/v2\/types\/product"}],"replies":[{"embeddable":true,"href":"https:\/\/aromasentia.com\/fr\/wp-json\/wp\/v2\/comments?post=218300"}],"version-history":[{"count":0,"href":"https:\/\/aromasentia.com\/fr\/wp-json\/wp\/v2\/product\/218300\/revisions"}],"wp:featuredmedia":[{"embeddable":true,"href":"https:\/\/aromasentia.com\/fr\/wp-json\/wp\/v2\/media\/435116"}],"wp:attachment":[{"href":"https:\/\/aromasentia.com\/fr\/wp-json\/wp\/v2\/media?parent=218300"}],"wp:term":[{"taxonomy":"product_brand","embeddable":true,"href":"https:\/\/aromasentia.com\/fr\/wp-json\/wp\/v2\/product_brand?post=218300"},{"taxonomy":"product_cat","embeddable":true,"href":"https:\/\/aromasentia.com\/fr\/wp-json\/wp\/v2\/product_cat?post=218300"},{"taxonomy":"product_tag","embeddable":true,"href":"https:\/\/aromasentia.com\/fr\/wp-json\/wp\/v2\/product_tag?post=218300"}],"curies":[{"name":"wp","href":"https:\/\/api.w.org\/{rel}","templated":true}]}}