{"id":218296,"date":"2025-03-23T11:59:32","date_gmt":"2025-03-23T11:59:32","guid":{"rendered":"https:\/\/aromasentia.com\/product\/medium-ceramic-glazed-wood-box-15x10x6cm-trad-pattern\/"},"modified":"2025-12-30T18:56:12","modified_gmt":"2025-12-30T18:56:12","slug":"boite-moyenne-en-bois-recouverte-de-ceramique-15x10x6cm-motif-traditionnel","status":"publish","type":"product","link":"https:\/\/aromasentia.com\/fr\/boite-moyenne-en-bois-recouverte-de-ceramique-15x10x6cm-motif-traditionnel\/","title":{"rendered":"Bo\u00eete Moyenne en Bois Recouverte de C\u00e9ramique &#8211; 15x10x6cm &#8211; Motif Traditionnel"},"content":{"rendered":"<p>Notre <strong><span style=\"color: rgb(75, 80, 88);\">Bo\u00eete Moyenne en Bois Recouverte de C\u00e9ramique &#8211; Motif Traditionnel&nbsp;<\/span><\/strong>est un m\u00e9lange harmonieux de tradition et de style contemporain.&nbsp;<\/p>\n<p>Cette bo\u00eete de <strong><span style=\"color: rgb(75, 80, 88);\">15x10x6 cm<\/span><\/strong> pr\u00e9sente un motif trad intemporel, qui ajoute une touche de richesse culturelle \u00e0 n&rsquo;importe quel espace. Fabriqu\u00e9e avec soin et dans le souci du d\u00e9tail, cette bo\u00eete allie la durabilit\u00e9 du bois \u00e0 l&rsquo;\u00e9l\u00e9gance de la c\u00e9ramique \u00e9maill\u00e9e, cr\u00e9ant ainsi une \u0153uvre d&rsquo;art fonctionnelle.&nbsp;<\/p>\n<p>De taille moyenne, elle se pr\u00eate \u00e0 diverses utilisations, qu&rsquo;il s&rsquo;agisse de ranger des bibelots et des bijoux ou de servir d&rsquo;\u00e9l\u00e9ment d\u00e9coratif sur une \u00e9tag\u00e8re ou une table.&nbsp;<\/p>\n<p>Fi\u00e8rement fabriqu\u00e9 en Inde, ce produit refl\u00e8te le riche patrimoine artistique du pays. Le motif rend hommage aux motifs traditionnels, ce qui en fait un choix id\u00e9al pour ceux qui appr\u00e9cient l&rsquo;esth\u00e9tique culturelle. L&rsquo;artisanat m\u00e9ticuleux garantit que chaque pi\u00e8ce est une addition unique et exquise \u00e0 votre offre de produits.&nbsp;<\/p>\n<p><strong><span style=\"color: rgb(141, 186, 216);\">Am\u00e9liorez l&rsquo;attrait de votre gamme de produits avec la bo\u00eete en bois \u00e9maill\u00e9 en c\u00e9ramique moyenne &#8211; motif trad, une c\u00e9l\u00e9bration de l&rsquo;art culturel sous une forme fonctionnelle et \u00e9l\u00e9gante.<\/span><\/strong><\/p>\n","protected":false},"excerpt":{"rendered":"<p>Notre Bo\u00eete Moyenne en Bois Recouverte de C\u00e9ramique &#8211; Motif Traditionnel&nbsp;est un m\u00e9lange harmonieux de tradition et de style contemporain.&nbsp; Cette bo\u00eete de 15x10x6 cm pr\u00e9sente un motif trad intemporel, qui ajoute une touche de richesse culturelle \u00e0 n&rsquo;importe quel espace. Fabriqu\u00e9e avec soin et dans le souci du d\u00e9tail, cette bo\u00eete allie la durabilit\u00e9 [&hellip;]<\/p>\n","protected":false},"featured_media":435107,"comment_status":"closed","ping_status":"open","template":"","meta":{"_angie_page":false},"product_brand":[],"product_cat":[14137,14138],"product_tag":[],"class_list":{"0":"post-218296","1":"product","2":"type-product","3":"status-publish","4":"has-post-thumbnail","6":"product_cat-emballages-boites-et-sacs-cadeau","7":"product_cat-rangement-coffrets-et-boites-cadeaux","8":"pa_collection-ceramic-glazed-wooden-boxes-fr","9":"pa_made-in-inde","11":"first","12":"instock","13":"purchasable","14":"product-type-simple"},"supplier_id":null,"supplier_sku":"CGIBox-02","barcode":null,"atum_controlled":true,"out_stock_date":null,"out_stock_threshold":null,"inheritable":false,"inbound_stock":null,"stock_on_hold":0,"sold_today":0,"sales_last_days":0,"reserved_stock":null,"customer_returns":null,"warehouse_damage":null,"lost_in_post":null,"other_logs":null,"out_stock_days":34,"lost_sales":0,"has_location":null,"update_date":"2026-05-08T05:06:08","atum_locations":[],"atum_stock_status":"instock","restock_status":false,"low_stock_amount":"","sales_update_date":"2025-10-09T03:27:35","calc_backorders":null,"_links":{"self":[{"href":"https:\/\/aromasentia.com\/fr\/wp-json\/wp\/v2\/product\/218296","targetHints":{"allow":["GET"]}}],"collection":[{"href":"https:\/\/aromasentia.com\/fr\/wp-json\/wp\/v2\/product"}],"about":[{"href":"https:\/\/aromasentia.com\/fr\/wp-json\/wp\/v2\/types\/product"}],"replies":[{"embeddable":true,"href":"https:\/\/aromasentia.com\/fr\/wp-json\/wp\/v2\/comments?post=218296"}],"version-history":[{"count":0,"href":"https:\/\/aromasentia.com\/fr\/wp-json\/wp\/v2\/product\/218296\/revisions"}],"wp:featuredmedia":[{"embeddable":true,"href":"https:\/\/aromasentia.com\/fr\/wp-json\/wp\/v2\/media\/435107"}],"wp:attachment":[{"href":"https:\/\/aromasentia.com\/fr\/wp-json\/wp\/v2\/media?parent=218296"}],"wp:term":[{"taxonomy":"product_brand","embeddable":true,"href":"https:\/\/aromasentia.com\/fr\/wp-json\/wp\/v2\/product_brand?post=218296"},{"taxonomy":"product_cat","embeddable":true,"href":"https:\/\/aromasentia.com\/fr\/wp-json\/wp\/v2\/product_cat?post=218296"},{"taxonomy":"product_tag","embeddable":true,"href":"https:\/\/aromasentia.com\/fr\/wp-json\/wp\/v2\/product_tag?post=218296"}],"curies":[{"name":"wp","href":"https:\/\/api.w.org\/{rel}","templated":true}]}}