{"id":218272,"date":"2025-03-23T11:59:32","date_gmt":"2025-03-23T11:59:32","guid":{"rendered":"https:\/\/aromasentia.com\/product\/cotton-bound-notebooks-20x15cm-96-pages-teal-elephants\/"},"modified":"2025-12-30T18:56:12","modified_gmt":"2025-12-30T18:56:12","slug":"carnets-relies-en-coton-20x15cm-96-pages-elephants-sarcelle","status":"publish","type":"product","link":"https:\/\/aromasentia.com\/fr\/carnets-relies-en-coton-20x15cm-96-pages-elephants-sarcelle\/","title":{"rendered":"Carnets Reli\u00e9s en Coton 20x15cm &#8211; 96 pages &#8211; \u00c9l\u00e9phants Sarcelle"},"content":{"rendered":"<p>D\u00e9couvrez le charme et la durabilit\u00e9 de nos <strong>carnets reli\u00e9s en coton<\/strong>, parfaits pour noter vos pens\u00e9es et vos inspirations lors de vos d\u00e9placements.&nbsp;<\/p>\n<p>Ils sont fabriqu\u00e9s \u00e0 partir de<strong>&nbsp;papier fait main 100 % recycl\u00e9 et fabriqu\u00e9s \u00e0 la main avec du tissu indien <\/strong>imprim\u00e9 \u00e0 la main. Les 96 pages non lign\u00e9es offrent une exp\u00e9rience d&rsquo;\u00e9criture fluide.&nbsp;<\/p>\n<p><strong>Dimensions: 20x15cm<\/strong><\/p>\n","protected":false},"excerpt":{"rendered":"<p>D\u00e9couvrez le charme et la durabilit\u00e9 de nos carnets reli\u00e9s en coton, parfaits pour noter vos pens\u00e9es et vos inspirations lors de vos d\u00e9placements.&nbsp; Ils sont fabriqu\u00e9s \u00e0 partir de&nbsp;papier fait main 100 % recycl\u00e9 et fabriqu\u00e9s \u00e0 la main avec du tissu indien imprim\u00e9 \u00e0 la main. Les 96 pages non lign\u00e9es offrent une [&hellip;]<\/p>\n","protected":false},"featured_media":435037,"comment_status":"closed","ping_status":"open","template":"","meta":{"_angie_page":false},"product_brand":[],"product_cat":[14054,14053],"product_tag":[],"class_list":{"0":"post-218272","1":"product","2":"type-product","3":"status-publish","4":"has-post-thumbnail","6":"product_cat-cadeaux-vintage-et-souvenirs","7":"product_cat-carnets-et-cashiers","8":"pa_collection-cotton-bound-notebooks-fr","9":"pa_made-in-inde","11":"first","12":"instock","13":"purchasable","14":"product-type-simple"},"supplier_id":null,"supplier_sku":"CBN-05","barcode":null,"atum_controlled":true,"out_stock_date":null,"out_stock_threshold":null,"inheritable":false,"inbound_stock":null,"stock_on_hold":0,"sold_today":0,"sales_last_days":0,"reserved_stock":null,"customer_returns":null,"warehouse_damage":null,"lost_in_post":null,"other_logs":null,"out_stock_days":0,"lost_sales":0,"has_location":null,"update_date":"2026-04-27T06:56:03","atum_locations":[],"atum_stock_status":"instock","restock_status":false,"low_stock_amount":"","sales_update_date":"2026-01-30T01:25:59","calc_backorders":null,"_links":{"self":[{"href":"https:\/\/aromasentia.com\/fr\/wp-json\/wp\/v2\/product\/218272","targetHints":{"allow":["GET"]}}],"collection":[{"href":"https:\/\/aromasentia.com\/fr\/wp-json\/wp\/v2\/product"}],"about":[{"href":"https:\/\/aromasentia.com\/fr\/wp-json\/wp\/v2\/types\/product"}],"replies":[{"embeddable":true,"href":"https:\/\/aromasentia.com\/fr\/wp-json\/wp\/v2\/comments?post=218272"}],"version-history":[{"count":0,"href":"https:\/\/aromasentia.com\/fr\/wp-json\/wp\/v2\/product\/218272\/revisions"}],"wp:featuredmedia":[{"embeddable":true,"href":"https:\/\/aromasentia.com\/fr\/wp-json\/wp\/v2\/media\/435037"}],"wp:attachment":[{"href":"https:\/\/aromasentia.com\/fr\/wp-json\/wp\/v2\/media?parent=218272"}],"wp:term":[{"taxonomy":"product_brand","embeddable":true,"href":"https:\/\/aromasentia.com\/fr\/wp-json\/wp\/v2\/product_brand?post=218272"},{"taxonomy":"product_cat","embeddable":true,"href":"https:\/\/aromasentia.com\/fr\/wp-json\/wp\/v2\/product_cat?post=218272"},{"taxonomy":"product_tag","embeddable":true,"href":"https:\/\/aromasentia.com\/fr\/wp-json\/wp\/v2\/product_tag?post=218272"}],"curies":[{"name":"wp","href":"https:\/\/api.w.org\/{rel}","templated":true}]}}