{"id":218260,"date":"2025-03-23T12:00:07","date_gmt":"2025-03-23T12:00:07","guid":{"rendered":"https:\/\/aromasentia.com\/product\/handmade-wide-top-djembe-drum-30cm\/"},"modified":"2025-12-30T18:56:05","modified_gmt":"2025-12-30T18:56:05","slug":"djembe-large-fait-main-30cm","status":"publish","type":"product","link":"https:\/\/aromasentia.com\/fr\/djembe-large-fait-main-30cm\/","title":{"rendered":"Djemb\u00e9 Large Fait Main &#8211; 30cm"},"content":{"rendered":"<p><strong><span style=\"color: rgb(75, 80, 88);\">Le tambour djemb\u00e9 de 30 cm de large avec harmonie des chakras : un pont entre culture et spiritualit\u00e9 <\/span><\/strong><\/p>\n<p>Cet instrument de percussion captivant unit harmonieusement l\u2019h\u00e9ritage vibrant des tambours ouest-africains au profond symbolisme des chakras, les centres \u00e9nerg\u00e9tiques li\u00e9s aux diverses facettes de la spiritualit\u00e9 et du bien-\u00eatre.&nbsp;<\/p>\n<p><strong><span style=\"color: rgb(75, 80, 88);\">Le design Chakra ornant la peau du tambour insuffle une dimension spirituellement r\u00e9sonnante \u00e0 cet instrument remarquable.<\/span><\/strong> Les chakras, centres \u00e9nerg\u00e9tiques essentiels dans certaines traditions spirituelles, correspondent \u00e0 divers aspects de l&rsquo;\u00e9quilibre physique, mental et \u00e9motionnel d&rsquo;une personne. Notre gros tambour djemb\u00e9 \u00e0 plateau large, orn\u00e9 du motif Chakra, cr\u00e9e une fusion unique des traditions de percussions ouest-africaines et du profond symbolisme des chakras.&nbsp;<\/p>\n<p>C&rsquo;est un instrument de musique enchanteur, parfait pour les spectacles et les rassemblements culturels. De plus, il sert de pi\u00e8ce symbolique repr\u00e9sentant le m\u00e9lange harmonieux des dimensions culturelles et spirituelles de la vie.&nbsp;<\/p>\n<p><strong><em><span style=\"color: rgb(75, 80, 88);\">Diam\u00e8tre : 17 cm Hauteur : 30cm<\/span><\/em><\/strong><\/p>\n","protected":false},"excerpt":{"rendered":"<p>Le tambour djemb\u00e9 de 30 cm de large avec harmonie des chakras : un pont entre culture et spiritualit\u00e9 Cet instrument de percussion captivant unit harmonieusement l\u2019h\u00e9ritage vibrant des tambours ouest-africains au profond symbolisme des chakras, les centres \u00e9nerg\u00e9tiques li\u00e9s aux diverses facettes de la spiritualit\u00e9 et du bien-\u00eatre.&nbsp; Le design Chakra ornant la peau [&hellip;]<\/p>\n","protected":false},"featured_media":435503,"comment_status":"closed","ping_status":"open","template":"","meta":{"_angie_page":false},"product_brand":[],"product_cat":[14054,14235],"product_tag":[],"class_list":{"0":"post-218260","1":"product","2":"type-product","3":"status-publish","4":"has-post-thumbnail","6":"product_cat-cadeaux-vintage-et-souvenirs","7":"product_cat-instruments-de-musique","8":"pa_collection-shamanic-djembe-drums-fr","9":"pa_made-in-indonesie","11":"first","12":"instock","13":"purchasable","14":"product-type-simple"},"supplier_id":null,"supplier_sku":"DD-04","barcode":null,"atum_controlled":true,"out_stock_date":null,"out_stock_threshold":null,"inheritable":false,"inbound_stock":null,"stock_on_hold":0,"sold_today":0,"sales_last_days":0,"reserved_stock":null,"customer_returns":null,"warehouse_damage":null,"lost_in_post":null,"other_logs":null,"out_stock_days":34,"lost_sales":0,"has_location":null,"update_date":"2026-04-27T06:59:03","atum_locations":[],"atum_stock_status":"instock","restock_status":false,"low_stock_amount":"","sales_update_date":"2026-02-06T00:01:06","calc_backorders":null,"_links":{"self":[{"href":"https:\/\/aromasentia.com\/fr\/wp-json\/wp\/v2\/product\/218260","targetHints":{"allow":["GET"]}}],"collection":[{"href":"https:\/\/aromasentia.com\/fr\/wp-json\/wp\/v2\/product"}],"about":[{"href":"https:\/\/aromasentia.com\/fr\/wp-json\/wp\/v2\/types\/product"}],"replies":[{"embeddable":true,"href":"https:\/\/aromasentia.com\/fr\/wp-json\/wp\/v2\/comments?post=218260"}],"version-history":[{"count":0,"href":"https:\/\/aromasentia.com\/fr\/wp-json\/wp\/v2\/product\/218260\/revisions"}],"wp:featuredmedia":[{"embeddable":true,"href":"https:\/\/aromasentia.com\/fr\/wp-json\/wp\/v2\/media\/435503"}],"wp:attachment":[{"href":"https:\/\/aromasentia.com\/fr\/wp-json\/wp\/v2\/media?parent=218260"}],"wp:term":[{"taxonomy":"product_brand","embeddable":true,"href":"https:\/\/aromasentia.com\/fr\/wp-json\/wp\/v2\/product_brand?post=218260"},{"taxonomy":"product_cat","embeddable":true,"href":"https:\/\/aromasentia.com\/fr\/wp-json\/wp\/v2\/product_cat?post=218260"},{"taxonomy":"product_tag","embeddable":true,"href":"https:\/\/aromasentia.com\/fr\/wp-json\/wp\/v2\/product_tag?post=218260"}],"curies":[{"name":"wp","href":"https:\/\/api.w.org\/{rel}","templated":true}]}}