{"id":218208,"date":"2025-03-23T12:00:07","date_gmt":"2025-03-23T12:00:07","guid":{"rendered":"https:\/\/aromasentia.com\/product\/medium-ceramic-glazed-wood-box-15x10x6cm-blue-stars\/"},"modified":"2025-12-30T18:55:58","modified_gmt":"2025-12-30T18:55:58","slug":"boite-moyenne-en-bois-recouverte-de-ceramique-15x10x6cm-etoiles-bleues","status":"publish","type":"product","link":"https:\/\/aromasentia.com\/fr\/boite-moyenne-en-bois-recouverte-de-ceramique-15x10x6cm-etoiles-bleues\/","title":{"rendered":"Bo\u00eete Moyenne en Bois Recouverte de C\u00e9ramique &#8211; 15x10x6cm &#8211; \u00c9toiles Bleues"},"content":{"rendered":"<p><strong><span style=\"color: rgb(75, 80, 88);\">Bo\u00eete Moyenne en Bois Recouverte de C\u00e9ramique &#8211; \u00e9toiles Bleues&nbsp;<\/span><\/strong>est une pi\u00e8ce charmante et fonctionnelle qui allie harmonieusement l&rsquo;art et la praticit\u00e9.&nbsp;<\/p>\n<p>Cette magnifique bo\u00eete,<strong><span style=\"color: rgb(75, 80, 88);\">&nbsp;mesurant 15x10x6cm<\/span><\/strong>, est orn\u00e9e d&rsquo;un fascinant motif d&rsquo;\u00e9toiles bleues, ajoutant une touche d&rsquo;\u00e9l\u00e9gance c\u00e9leste \u00e0 n&rsquo;importe quel espace.&nbsp;<\/p>\n<p>Fabriqu\u00e9e avec pr\u00e9cision en Inde, cette bo\u00eete en c\u00e9ramique et bois t\u00e9moigne de la richesse du patrimoine et de l&rsquo;artisanat de la r\u00e9gion. La fusion des mat\u00e9riaux c\u00e9ramique et bois cr\u00e9e une esth\u00e9tique unique, combinant la chaleur du bois avec la finition brillante de la c\u00e9ramique \u00e9maill\u00e9e.&nbsp;<\/p>\n<p>Parfaitement dimensionn\u00e9e pour une vari\u00e9t\u00e9 d&rsquo;utilisations, cette bo\u00eete constitue une solution de rangement id\u00e9ale pour les bibelots, les bijoux ou les petits souvenirs. Ses dimensions moyennes la rendent suffisamment polyvalente pour rehausser les tables et les \u00e9tag\u00e8res, ajoutant une touche de couleur et de sophistication \u00e0 votre pr\u00e9sentation.&nbsp;<\/p>\n<p><strong><span style=\"color: rgb(141, 186, 216);\">Embrassez l&rsquo;art de l&rsquo;Inde avec cette cr\u00e9ation distinctive et fonctionnelle, v\u00e9ritable incarnation de l&rsquo;artisanat qui ajoute une touche de culture et de style \u00e0 n&rsquo;importe quel environnement.<\/span><\/strong><\/p>\n","protected":false},"excerpt":{"rendered":"<p>Bo\u00eete Moyenne en Bois Recouverte de C\u00e9ramique &#8211; \u00e9toiles Bleues&nbsp;est une pi\u00e8ce charmante et fonctionnelle qui allie harmonieusement l&rsquo;art et la praticit\u00e9.&nbsp; Cette magnifique bo\u00eete,&nbsp;mesurant 15x10x6cm, est orn\u00e9e d&rsquo;un fascinant motif d&rsquo;\u00e9toiles bleues, ajoutant une touche d&rsquo;\u00e9l\u00e9gance c\u00e9leste \u00e0 n&rsquo;importe quel espace.&nbsp; Fabriqu\u00e9e avec pr\u00e9cision en Inde, cette bo\u00eete en c\u00e9ramique et bois t\u00e9moigne de [&hellip;]<\/p>\n","protected":false},"featured_media":435194,"comment_status":"closed","ping_status":"open","template":"","meta":{"_angie_page":false},"product_brand":[],"product_cat":[14137,14138],"product_tag":[],"class_list":{"0":"post-218208","1":"product","2":"type-product","3":"status-publish","4":"has-post-thumbnail","6":"product_cat-emballages-boites-et-sacs-cadeau","7":"product_cat-rangement-coffrets-et-boites-cadeaux","8":"pa_collection-ceramic-glazed-wooden-boxes-fr","9":"pa_made-in-inde","11":"first","12":"instock","13":"purchasable","14":"product-type-simple"},"supplier_id":null,"supplier_sku":"CGIBox-01","barcode":null,"atum_controlled":true,"out_stock_date":null,"out_stock_threshold":null,"inheritable":false,"inbound_stock":null,"stock_on_hold":0,"sold_today":0,"sales_last_days":0,"reserved_stock":null,"customer_returns":null,"warehouse_damage":null,"lost_in_post":null,"other_logs":null,"out_stock_days":0,"lost_sales":0,"has_location":null,"update_date":"2026-05-11T01:55:50","atum_locations":[],"atum_stock_status":"instock","restock_status":false,"low_stock_amount":"","sales_update_date":"2026-01-30T01:24:46","calc_backorders":null,"_links":{"self":[{"href":"https:\/\/aromasentia.com\/fr\/wp-json\/wp\/v2\/product\/218208","targetHints":{"allow":["GET"]}}],"collection":[{"href":"https:\/\/aromasentia.com\/fr\/wp-json\/wp\/v2\/product"}],"about":[{"href":"https:\/\/aromasentia.com\/fr\/wp-json\/wp\/v2\/types\/product"}],"replies":[{"embeddable":true,"href":"https:\/\/aromasentia.com\/fr\/wp-json\/wp\/v2\/comments?post=218208"}],"version-history":[{"count":0,"href":"https:\/\/aromasentia.com\/fr\/wp-json\/wp\/v2\/product\/218208\/revisions"}],"wp:featuredmedia":[{"embeddable":true,"href":"https:\/\/aromasentia.com\/fr\/wp-json\/wp\/v2\/media\/435194"}],"wp:attachment":[{"href":"https:\/\/aromasentia.com\/fr\/wp-json\/wp\/v2\/media?parent=218208"}],"wp:term":[{"taxonomy":"product_brand","embeddable":true,"href":"https:\/\/aromasentia.com\/fr\/wp-json\/wp\/v2\/product_brand?post=218208"},{"taxonomy":"product_cat","embeddable":true,"href":"https:\/\/aromasentia.com\/fr\/wp-json\/wp\/v2\/product_cat?post=218208"},{"taxonomy":"product_tag","embeddable":true,"href":"https:\/\/aromasentia.com\/fr\/wp-json\/wp\/v2\/product_tag?post=218208"}],"curies":[{"name":"wp","href":"https:\/\/api.w.org\/{rel}","templated":true}]}}