{"id":217940,"date":"2025-03-23T12:05:40","date_gmt":"2025-03-23T12:05:40","guid":{"rendered":"https:\/\/aromasentia.com\/product\/med-steel-tongue-happy-drums-om-mandala-engraved-22x15cm\/"},"modified":"2025-12-30T18:55:28","modified_gmt":"2025-12-30T18:55:28","slug":"tambour-a-langue-en-acier-happy-moyen-om-mandala-grave-22x15cm","status":"publish","type":"product","link":"https:\/\/aromasentia.com\/fr\/tambour-a-langue-en-acier-happy-moyen-om-mandala-grave-22x15cm\/","title":{"rendered":"Tambour \u00e0 Langue en Acier Happy Moyen Om Mandala Grav\u00e9- 22x15cm"},"content":{"rendered":"<p>Pr\u00e9sentez \u00e0 vos clients l&rsquo;univers apaisant et cr\u00e9atif du <strong>Tambour \u00e0 Langue en Acier Happy<\/strong><strong>&nbsp;avec Gravure Om Mandala<\/strong>, un instrument \u00e0 8 notes en acier, polyvalent et id\u00e9al pour la th\u00e9rapie sonore, la m\u00e9ditation et les pratiques de gu\u00e9rison.&nbsp;<\/p>\n<p>Cet instrument unique est extr\u00eamement facile \u00e0 prendre en main et tr\u00e8s amusant \u00e0 jouer &mdash; aucune comp\u00e9tence musicale n&rsquo;est requise ! Il suffit de commencer \u00e0 improviser et d&rsquo;explorer des rythmes intuitifs accessibles \u00e0 tous.&nbsp;<\/p>\n<p>Chaque tambour a des<strong>&nbsp;dimensions de 22 x 15 cm<\/strong> et est<strong>&nbsp;livr\u00e9 avec une paire de baguettes en bois ainsi qu&rsquo;un sac de transport solide<\/strong>, le rendant pratique pour une utilisation \u00e0 domicile ou en d\u00e9placement.&nbsp;<\/p>\n<p>Le Tambour \u00e0 Langue en Acier Happy est bien plus qu&rsquo;un simple objet d\u00e9coratif &mdash; c&rsquo;est un outil efficace pour la relaxation, la pleine conscience et l&rsquo;expression cr\u00e9ative.&nbsp;<\/p>\n<p><strong>Offrez \u00e0 vos clients un produit de qualit\u00e9 sup\u00e9rieure qui encourage la paix, la cr\u00e9ativit\u00e9 et le bien-\u00eatre gr\u00e2ce au Tambour \u00e0 Langue en Acier Happy.<\/strong><\/p>\n","protected":false},"excerpt":{"rendered":"<p>Pr\u00e9sentez \u00e0 vos clients l&rsquo;univers apaisant et cr\u00e9atif du Tambour \u00e0 Langue en Acier Happy&nbsp;avec Gravure Om Mandala, un instrument \u00e0 8 notes en acier, polyvalent et id\u00e9al pour la th\u00e9rapie sonore, la m\u00e9ditation et les pratiques de gu\u00e9rison.&nbsp; Cet instrument unique est extr\u00eamement facile \u00e0 prendre en main et tr\u00e8s amusant \u00e0 jouer &mdash; [&hellip;]<\/p>\n","protected":false},"featured_media":437010,"comment_status":"closed","ping_status":"open","template":"","meta":{"_angie_page":false},"product_brand":[],"product_cat":[14054,14235],"product_tag":[],"class_list":{"0":"post-217940","1":"product","2":"type-product","3":"status-publish","4":"has-post-thumbnail","6":"product_cat-cadeaux-vintage-et-souvenirs","7":"product_cat-instruments-de-musique","8":"pa_collection-steel-tongue-happy-drums-fr","9":"pa_made-in-inde","11":"first","12":"outofstock","13":"purchasable","14":"product-type-simple"},"supplier_id":null,"supplier_sku":"Hapi-13","barcode":null,"atum_controlled":true,"out_stock_date":"2025-09-04 23:52:32","out_stock_threshold":null,"inheritable":false,"inbound_stock":null,"stock_on_hold":0,"sold_today":0,"sales_last_days":0,"reserved_stock":null,"customer_returns":null,"warehouse_damage":null,"lost_in_post":null,"other_logs":null,"out_stock_days":0,"lost_sales":0,"has_location":null,"update_date":"2026-04-27T07:06:38","atum_locations":[],"atum_stock_status":"outofstock","restock_status":false,"low_stock_amount":"","sales_update_date":"2025-09-03T00:15:21","calc_backorders":null,"_links":{"self":[{"href":"https:\/\/aromasentia.com\/fr\/wp-json\/wp\/v2\/product\/217940","targetHints":{"allow":["GET"]}}],"collection":[{"href":"https:\/\/aromasentia.com\/fr\/wp-json\/wp\/v2\/product"}],"about":[{"href":"https:\/\/aromasentia.com\/fr\/wp-json\/wp\/v2\/types\/product"}],"replies":[{"embeddable":true,"href":"https:\/\/aromasentia.com\/fr\/wp-json\/wp\/v2\/comments?post=217940"}],"version-history":[{"count":0,"href":"https:\/\/aromasentia.com\/fr\/wp-json\/wp\/v2\/product\/217940\/revisions"}],"wp:featuredmedia":[{"embeddable":true,"href":"https:\/\/aromasentia.com\/fr\/wp-json\/wp\/v2\/media\/437010"}],"wp:attachment":[{"href":"https:\/\/aromasentia.com\/fr\/wp-json\/wp\/v2\/media?parent=217940"}],"wp:term":[{"taxonomy":"product_brand","embeddable":true,"href":"https:\/\/aromasentia.com\/fr\/wp-json\/wp\/v2\/product_brand?post=217940"},{"taxonomy":"product_cat","embeddable":true,"href":"https:\/\/aromasentia.com\/fr\/wp-json\/wp\/v2\/product_cat?post=217940"},{"taxonomy":"product_tag","embeddable":true,"href":"https:\/\/aromasentia.com\/fr\/wp-json\/wp\/v2\/product_tag?post=217940"}],"curies":[{"name":"wp","href":"https:\/\/api.w.org\/{rel}","templated":true}]}}