{"id":217936,"date":"2025-03-23T12:05:40","date_gmt":"2025-03-23T12:05:40","guid":{"rendered":"https:\/\/aromasentia.com\/product\/med-steel-tongue-happy-drums-blue-sky-22x18cm\/"},"modified":"2025-12-30T18:55:28","modified_gmt":"2025-12-30T18:55:28","slug":"tambour-a-langue-en-acier-happy-moyen-bleu-ciel-22x18cm","status":"publish","type":"product","link":"https:\/\/aromasentia.com\/fr\/tambour-a-langue-en-acier-happy-moyen-bleu-ciel-22x18cm\/","title":{"rendered":"Tambour \u00e0 Langue en Acier Happy Moyen  Bleu Ciel- 22x18cm"},"content":{"rendered":"<p>Faites d\u00e9couvrir \u00e0 vos clients l&rsquo;univers apaisant et cr\u00e9atif du <strong>Tambour \u00e0 Langue en Acier Happy<\/strong> <strong>en Design Ciel Bleu<\/strong>, un instrument \u00e0 8 tons en acier, polyvalent et id\u00e9al pour la th\u00e9rapie sonore, la m\u00e9ditation et les pratiques de gu\u00e9rison.&nbsp;<\/p>\n<p>Ce tambour unique est tr\u00e8s simple \u00e0 apprendre et offre un v\u00e9ritable plaisir \u00e0 jouer &mdash; aucune connaissance musicale n&rsquo;est n\u00e9cessaire !&nbsp;<\/p>\n<p>Il suffit de se lancer et d&rsquo;explorer des rythmes intuitifs \u00e0 la port\u00e9e de tous. Chaque tambour <strong>mesure 22 x 18 cm&nbsp;<\/strong>et est <strong>fourni avec une paire de baguettes en bois ainsi qu&rsquo;un sac de transport robuste<\/strong>, le rendant facile \u00e0 emporter, que ce soit pour un usage domestique ou en d\u00e9placement.&nbsp;<\/p>\n<p>Le Tambour \u00e0 Langue en Acier Happy n&rsquo;est pas seulement un \u00e9l\u00e9ment d\u00e9coratif &mdash; c&rsquo;est un outil puissant pour la relaxation, la pleine conscience et l&rsquo;expression cr\u00e9ative.&nbsp;<\/p>\n<p><strong>Proposez \u00e0 vos clients un produit de haute qualit\u00e9 qui favorise la paix int\u00e9rieure, la cr\u00e9ativit\u00e9 et le bien-\u00eatre gr\u00e2ce au Tambour \u00e0 Langue en Acier Happy.<\/strong><\/p>\n","protected":false},"excerpt":{"rendered":"<p>Faites d\u00e9couvrir \u00e0 vos clients l&rsquo;univers apaisant et cr\u00e9atif du Tambour \u00e0 Langue en Acier Happy en Design Ciel Bleu, un instrument \u00e0 8 tons en acier, polyvalent et id\u00e9al pour la th\u00e9rapie sonore, la m\u00e9ditation et les pratiques de gu\u00e9rison.&nbsp; Ce tambour unique est tr\u00e8s simple \u00e0 apprendre et offre un v\u00e9ritable plaisir \u00e0 [&hellip;]<\/p>\n","protected":false},"featured_media":436977,"comment_status":"closed","ping_status":"open","template":"","meta":{"_angie_page":false},"product_brand":[],"product_cat":[14054,14235],"product_tag":[],"class_list":{"0":"post-217936","1":"product","2":"type-product","3":"status-publish","4":"has-post-thumbnail","6":"product_cat-cadeaux-vintage-et-souvenirs","7":"product_cat-instruments-de-musique","8":"pa_collection-steel-tongue-happy-drums-fr","9":"pa_made-in-inde","11":"first","12":"instock","13":"purchasable","14":"product-type-simple"},"supplier_id":null,"supplier_sku":"Hapi-12","barcode":null,"atum_controlled":true,"out_stock_date":null,"out_stock_threshold":null,"inheritable":false,"inbound_stock":null,"stock_on_hold":0,"sold_today":0,"sales_last_days":0,"reserved_stock":null,"customer_returns":null,"warehouse_damage":null,"lost_in_post":null,"other_logs":null,"out_stock_days":0,"lost_sales":0,"has_location":null,"update_date":"2026-04-27T07:06:38","atum_locations":[],"atum_stock_status":"instock","restock_status":false,"low_stock_amount":"","sales_update_date":"2026-02-06T00:02:01","calc_backorders":null,"_links":{"self":[{"href":"https:\/\/aromasentia.com\/fr\/wp-json\/wp\/v2\/product\/217936","targetHints":{"allow":["GET"]}}],"collection":[{"href":"https:\/\/aromasentia.com\/fr\/wp-json\/wp\/v2\/product"}],"about":[{"href":"https:\/\/aromasentia.com\/fr\/wp-json\/wp\/v2\/types\/product"}],"replies":[{"embeddable":true,"href":"https:\/\/aromasentia.com\/fr\/wp-json\/wp\/v2\/comments?post=217936"}],"version-history":[{"count":0,"href":"https:\/\/aromasentia.com\/fr\/wp-json\/wp\/v2\/product\/217936\/revisions"}],"wp:featuredmedia":[{"embeddable":true,"href":"https:\/\/aromasentia.com\/fr\/wp-json\/wp\/v2\/media\/436977"}],"wp:attachment":[{"href":"https:\/\/aromasentia.com\/fr\/wp-json\/wp\/v2\/media?parent=217936"}],"wp:term":[{"taxonomy":"product_brand","embeddable":true,"href":"https:\/\/aromasentia.com\/fr\/wp-json\/wp\/v2\/product_brand?post=217936"},{"taxonomy":"product_cat","embeddable":true,"href":"https:\/\/aromasentia.com\/fr\/wp-json\/wp\/v2\/product_cat?post=217936"},{"taxonomy":"product_tag","embeddable":true,"href":"https:\/\/aromasentia.com\/fr\/wp-json\/wp\/v2\/product_tag?post=217936"}],"curies":[{"name":"wp","href":"https:\/\/api.w.org\/{rel}","templated":true}]}}