{"id":217928,"date":"2025-03-23T12:05:40","date_gmt":"2025-03-23T12:05:40","guid":{"rendered":"https:\/\/aromasentia.com\/product\/med-steel-tongue-happy-drums-marble-17x13cm\/"},"modified":"2025-12-30T18:55:28","modified_gmt":"2025-12-30T18:55:28","slug":"tambour-a-langue-en-acier-happy-moyen-marbre-17x13cm","status":"publish","type":"product","link":"https:\/\/aromasentia.com\/fr\/tambour-a-langue-en-acier-happy-moyen-marbre-17x13cm\/","title":{"rendered":"Tambour \u00e0 Langue en Acier Happy Moyen Marbre &#8211; 17x13cm"},"content":{"rendered":"<p>Invitez vos clients \u00e0 d\u00e9couvrir le monde apaisant et cr\u00e9atif du <strong>Tambour \u00e0 Langue en Acier Happy<\/strong><strong>&nbsp;en Design Marbr\u00e9<\/strong>, un instrument \u00e0 8 tons en acier, polyvalent et id\u00e9al pour la th\u00e9rapie sonore, la m\u00e9ditation et les pratiques de gu\u00e9rison.&nbsp;<\/p>\n<p>Ce tambour unique est tr\u00e8s simple \u00e0 prendre en main et offre un plaisir imm\u00e9diat &mdash; aucune formation musicale n&rsquo;est requise ! Commencez \u00e0 jouer et explorez des rythmes intuitifs que chacun peut ma\u00eetriser. Chaque tambour <strong>mesure 17 x 13 cm<\/strong> et est <strong>fourni avec une paire de baguettes en bois ainsi qu\u2019un sac de transport r\u00e9sistant<\/strong>, le rendant facile \u00e0 transporter, que ce soit pour un usage domestique ou en d\u00e9placement.<\/p>\n<p>Le Tambour \u00e0 Langue en Acier Happy n\u2019est pas qu\u2019un objet de d\u00e9coration &mdash; c\u2019est un v\u00e9ritable outil pour cultiver la d\u00e9tente, la pleine conscience et l\u2019expression cr\u00e9ative.&nbsp;<\/p>\n<p><strong>Offrez \u00e0 vos clients un produit de qualit\u00e9 qui favorise la paix int\u00e9rieure, la cr\u00e9ativit\u00e9 et le bien-\u00eatre avec le Tambour \u00e0 Langue en Acier Happy.<\/strong><\/p>\n","protected":false},"excerpt":{"rendered":"<p>Invitez vos clients \u00e0 d\u00e9couvrir le monde apaisant et cr\u00e9atif du Tambour \u00e0 Langue en Acier Happy&nbsp;en Design Marbr\u00e9, un instrument \u00e0 8 tons en acier, polyvalent et id\u00e9al pour la th\u00e9rapie sonore, la m\u00e9ditation et les pratiques de gu\u00e9rison.&nbsp; Ce tambour unique est tr\u00e8s simple \u00e0 prendre en main et offre un plaisir imm\u00e9diat [&hellip;]<\/p>\n","protected":false},"featured_media":436919,"comment_status":"closed","ping_status":"open","template":"","meta":{"_angie_page":false},"product_brand":[],"product_cat":[14054,14235],"product_tag":[],"class_list":{"0":"post-217928","1":"product","2":"type-product","3":"status-publish","4":"has-post-thumbnail","6":"product_cat-cadeaux-vintage-et-souvenirs","7":"product_cat-instruments-de-musique","8":"pa_collection-steel-tongue-happy-drums-fr","9":"pa_made-in-inde","11":"first","12":"instock","13":"purchasable","14":"product-type-simple"},"supplier_id":null,"supplier_sku":"Hapi-10","barcode":null,"atum_controlled":true,"out_stock_date":null,"out_stock_threshold":null,"inheritable":false,"inbound_stock":null,"stock_on_hold":0,"sold_today":0,"sales_last_days":0,"reserved_stock":null,"customer_returns":null,"warehouse_damage":null,"lost_in_post":null,"other_logs":null,"out_stock_days":0,"lost_sales":0,"has_location":null,"update_date":"2026-05-08T05:10:47","atum_locations":[],"atum_stock_status":"instock","restock_status":false,"low_stock_amount":"","sales_update_date":"2026-01-30T01:25:50","calc_backorders":null,"_links":{"self":[{"href":"https:\/\/aromasentia.com\/fr\/wp-json\/wp\/v2\/product\/217928","targetHints":{"allow":["GET"]}}],"collection":[{"href":"https:\/\/aromasentia.com\/fr\/wp-json\/wp\/v2\/product"}],"about":[{"href":"https:\/\/aromasentia.com\/fr\/wp-json\/wp\/v2\/types\/product"}],"replies":[{"embeddable":true,"href":"https:\/\/aromasentia.com\/fr\/wp-json\/wp\/v2\/comments?post=217928"}],"version-history":[{"count":0,"href":"https:\/\/aromasentia.com\/fr\/wp-json\/wp\/v2\/product\/217928\/revisions"}],"wp:featuredmedia":[{"embeddable":true,"href":"https:\/\/aromasentia.com\/fr\/wp-json\/wp\/v2\/media\/436919"}],"wp:attachment":[{"href":"https:\/\/aromasentia.com\/fr\/wp-json\/wp\/v2\/media?parent=217928"}],"wp:term":[{"taxonomy":"product_brand","embeddable":true,"href":"https:\/\/aromasentia.com\/fr\/wp-json\/wp\/v2\/product_brand?post=217928"},{"taxonomy":"product_cat","embeddable":true,"href":"https:\/\/aromasentia.com\/fr\/wp-json\/wp\/v2\/product_cat?post=217928"},{"taxonomy":"product_tag","embeddable":true,"href":"https:\/\/aromasentia.com\/fr\/wp-json\/wp\/v2\/product_tag?post=217928"}],"curies":[{"name":"wp","href":"https:\/\/api.w.org\/{rel}","templated":true}]}}