{"id":217896,"date":"2025-03-23T12:06:49","date_gmt":"2025-03-23T12:06:49","guid":{"rendered":"https:\/\/aromasentia.com\/product\/big-square-box-15x17-5x8cm-hop-hare-2\/"},"modified":"2025-12-30T18:55:28","modified_gmt":"2025-12-30T18:55:28","slug":"grande-boite-carree-15x17-5x8cm-hop-hare","status":"publish","type":"product","link":"https:\/\/aromasentia.com\/fr\/grande-boite-carree-15x17-5x8cm-hop-hare\/","title":{"rendered":"Grande Bo\u00eete Carr\u00e9e 15&#215;17.5x8cm &#8211; HOP HARE"},"content":{"rendered":"<p>\u2705 Vente incitative avec des articles compl\u00e9mentaires &ndash; Pr\u00e9sentez-vous avec des cristaux, des bijoux ou des pierres pr\u00e9cieuses&nbsp;<\/p>\n<p><strong>Dimensions: 15&#215;17,5&#215;8 cm<\/strong><\/p>\n","protected":false},"excerpt":{"rendered":"<p>\u2705 Vente incitative avec des articles compl\u00e9mentaires &ndash; Pr\u00e9sentez-vous avec des cristaux, des bijoux ou des pierres pr\u00e9cieuses&nbsp; Dimensions: 15&#215;17,5&#215;8 cm<\/p>\n","protected":false},"featured_media":437601,"comment_status":"closed","ping_status":"open","template":"","meta":{"_angie_page":false},"product_brand":[27113],"product_cat":[14137,14138],"product_tag":[],"class_list":{"0":"post-217896","1":"product","2":"type-product","3":"status-publish","4":"has-post-thumbnail","6":"product_brand-hop-hare","7":"product_cat-emballages-boites-et-sacs-cadeau","8":"product_cat-rangement-coffrets-et-boites-cadeaux","9":"pa_collection-enamelled-wooden-trays-and-boxes-fr","10":"pa_made-in-inde","12":"first","13":"instock","14":"purchasable","15":"product-type-simple"},"supplier_id":null,"supplier_sku":"HHENBT-06","barcode":null,"atum_controlled":true,"out_stock_date":null,"out_stock_threshold":null,"inheritable":false,"inbound_stock":null,"stock_on_hold":0,"sold_today":0,"sales_last_days":0,"reserved_stock":null,"customer_returns":null,"warehouse_damage":null,"lost_in_post":null,"other_logs":null,"out_stock_days":0,"lost_sales":0,"has_location":null,"update_date":"2026-04-27T07:07:19","atum_locations":[],"atum_stock_status":"instock","restock_status":false,"low_stock_amount":"","sales_update_date":"2026-02-06T00:00:47","calc_backorders":null,"_links":{"self":[{"href":"https:\/\/aromasentia.com\/fr\/wp-json\/wp\/v2\/product\/217896","targetHints":{"allow":["GET"]}}],"collection":[{"href":"https:\/\/aromasentia.com\/fr\/wp-json\/wp\/v2\/product"}],"about":[{"href":"https:\/\/aromasentia.com\/fr\/wp-json\/wp\/v2\/types\/product"}],"replies":[{"embeddable":true,"href":"https:\/\/aromasentia.com\/fr\/wp-json\/wp\/v2\/comments?post=217896"}],"version-history":[{"count":0,"href":"https:\/\/aromasentia.com\/fr\/wp-json\/wp\/v2\/product\/217896\/revisions"}],"wp:featuredmedia":[{"embeddable":true,"href":"https:\/\/aromasentia.com\/fr\/wp-json\/wp\/v2\/media\/437601"}],"wp:attachment":[{"href":"https:\/\/aromasentia.com\/fr\/wp-json\/wp\/v2\/media?parent=217896"}],"wp:term":[{"taxonomy":"product_brand","embeddable":true,"href":"https:\/\/aromasentia.com\/fr\/wp-json\/wp\/v2\/product_brand?post=217896"},{"taxonomy":"product_cat","embeddable":true,"href":"https:\/\/aromasentia.com\/fr\/wp-json\/wp\/v2\/product_cat?post=217896"},{"taxonomy":"product_tag","embeddable":true,"href":"https:\/\/aromasentia.com\/fr\/wp-json\/wp\/v2\/product_tag?post=217896"}],"curies":[{"name":"wp","href":"https:\/\/api.w.org\/{rel}","templated":true}]}}