{"id":217888,"date":"2025-03-23T12:06:49","date_gmt":"2025-03-23T12:06:49","guid":{"rendered":"https:\/\/aromasentia.com\/product\/med-square-box-13-5x13-5x6cm-hop-hare-2\/"},"modified":"2025-12-30T18:55:21","modified_gmt":"2025-12-30T18:55:21","slug":"boite-carree-med-13-5x13-5x6cm-hop-hare","status":"publish","type":"product","link":"https:\/\/aromasentia.com\/fr\/boite-carree-med-13-5x13-5x6cm-hop-hare\/","title":{"rendered":"Bo\u00eete Carr\u00e9e Med 13.5&#215;13.5x6cm -HOP HARE"},"content":{"rendered":"<p>\u2728 Parfait pour les cartes de tarot, les huiles essentielles ou les souvenirs sentimentaux.&nbsp;<\/p>\n<p>? Parfait pour les magasins spirituels, les magasins de d\u00e9coration boh\u00e8me et les d\u00e9taillants d\u2019accessoires haut de gamme.&nbsp;<\/p>\n<p><strong>Dimensions: 13,5 x 13,5 x 6 cm<\/strong><\/p>\n","protected":false},"excerpt":{"rendered":"<p>\u2728 Parfait pour les cartes de tarot, les huiles essentielles ou les souvenirs sentimentaux.&nbsp; ? Parfait pour les magasins spirituels, les magasins de d\u00e9coration boh\u00e8me et les d\u00e9taillants d\u2019accessoires haut de gamme.&nbsp; Dimensions: 13,5 x 13,5 x 6 cm<\/p>\n","protected":false},"featured_media":437567,"comment_status":"closed","ping_status":"open","template":"","meta":[],"product_brand":[27113],"product_cat":[14137,14138],"product_tag":[],"class_list":{"0":"post-217888","1":"product","2":"type-product","3":"status-publish","4":"has-post-thumbnail","6":"product_brand-hop-hare","7":"product_cat-emballages-boites-et-sacs-cadeau","8":"product_cat-rangement-coffrets-et-boites-cadeaux","9":"pa_collection-enamelled-wooden-trays-and-boxes-fr","10":"pa_made-in-inde","12":"first","13":"instock","14":"purchasable","15":"product-type-simple"},"supplier_id":null,"supplier_sku":"HHENBT-04","barcode":null,"atum_controlled":true,"out_stock_date":null,"out_stock_threshold":null,"inheritable":false,"inbound_stock":null,"stock_on_hold":0,"sold_today":0,"sales_last_days":0,"reserved_stock":null,"customer_returns":null,"warehouse_damage":null,"lost_in_post":null,"other_logs":null,"out_stock_days":0,"lost_sales":0,"has_location":null,"update_date":"2026-01-30T01:24:31","atum_locations":[],"atum_stock_status":"instock","restock_status":false,"low_stock_amount":"","sales_update_date":"2026-01-30T01:24:31","calc_backorders":null,"_links":{"self":[{"href":"https:\/\/aromasentia.com\/fr\/wp-json\/wp\/v2\/product\/217888","targetHints":{"allow":["GET"]}}],"collection":[{"href":"https:\/\/aromasentia.com\/fr\/wp-json\/wp\/v2\/product"}],"about":[{"href":"https:\/\/aromasentia.com\/fr\/wp-json\/wp\/v2\/types\/product"}],"replies":[{"embeddable":true,"href":"https:\/\/aromasentia.com\/fr\/wp-json\/wp\/v2\/comments?post=217888"}],"version-history":[{"count":0,"href":"https:\/\/aromasentia.com\/fr\/wp-json\/wp\/v2\/product\/217888\/revisions"}],"wp:featuredmedia":[{"embeddable":true,"href":"https:\/\/aromasentia.com\/fr\/wp-json\/wp\/v2\/media\/437567"}],"wp:attachment":[{"href":"https:\/\/aromasentia.com\/fr\/wp-json\/wp\/v2\/media?parent=217888"}],"wp:term":[{"taxonomy":"product_brand","embeddable":true,"href":"https:\/\/aromasentia.com\/fr\/wp-json\/wp\/v2\/product_brand?post=217888"},{"taxonomy":"product_cat","embeddable":true,"href":"https:\/\/aromasentia.com\/fr\/wp-json\/wp\/v2\/product_cat?post=217888"},{"taxonomy":"product_tag","embeddable":true,"href":"https:\/\/aromasentia.com\/fr\/wp-json\/wp\/v2\/product_tag?post=217888"}],"curies":[{"name":"wp","href":"https:\/\/api.w.org\/{rel}","templated":true}]}}