{"id":217876,"date":"2025-03-23T12:06:49","date_gmt":"2025-03-23T12:06:49","guid":{"rendered":"https:\/\/aromasentia.com\/product\/small-enameled-square-box-10x10x4-2cm-hop-hare\/"},"modified":"2025-12-30T18:55:21","modified_gmt":"2025-12-30T18:55:21","slug":"petite-boite-carree-emaillee-10x10x4-2cm-hop-hare","status":"publish","type":"product","link":"https:\/\/aromasentia.com\/fr\/petite-boite-carree-emaillee-10x10x4-2cm-hop-hare\/","title":{"rendered":"Petite Bo\u00eete Carr\u00e9e \u00c9maill\u00e9e 10x10x4.2cm -HOP HARE"},"content":{"rendered":"<p>? Id\u00e9al pour les bijoux, les petits bibelots, les souvenirs ou comme \u00e9l\u00e9gant coffret cadeau.&nbsp;<\/p>\n<p>Id\u00e9al pour les bijouteries, les boutiques de cadeaux et les d\u00e9taillants d&rsquo;articles m\u00e9nagers.&nbsp;<\/p>\n<p>Attirez les acheteurs impulsifs &ndash; Placez-le pr\u00e8s des zones de paiement comme article facile \u00e0 r\u00e9cup\u00e9rer.&nbsp;<\/p>\n<p><strong>Dimensions: 10 x 10 x 4,2 cm<\/strong><\/p>\n","protected":false},"excerpt":{"rendered":"<p>? Id\u00e9al pour les bijoux, les petits bibelots, les souvenirs ou comme \u00e9l\u00e9gant coffret cadeau.&nbsp; Id\u00e9al pour les bijouteries, les boutiques de cadeaux et les d\u00e9taillants d&rsquo;articles m\u00e9nagers.&nbsp; Attirez les acheteurs impulsifs &ndash; Placez-le pr\u00e8s des zones de paiement comme article facile \u00e0 r\u00e9cup\u00e9rer.&nbsp; Dimensions: 10 x 10 x 4,2 cm<\/p>\n","protected":false},"featured_media":437516,"comment_status":"closed","ping_status":"open","template":"","meta":{"_angie_page":false},"product_brand":[27113],"product_cat":[14137,14138],"product_tag":[],"class_list":{"0":"post-217876","1":"product","2":"type-product","3":"status-publish","4":"has-post-thumbnail","6":"product_brand-hop-hare","7":"product_cat-emballages-boites-et-sacs-cadeau","8":"product_cat-rangement-coffrets-et-boites-cadeaux","9":"pa_collection-enamelled-wooden-trays-and-boxes-fr","10":"pa_made-in-inde","12":"first","13":"instock","14":"purchasable","15":"product-type-simple"},"supplier_id":null,"supplier_sku":"HHENBT-01","barcode":null,"atum_controlled":true,"out_stock_date":null,"out_stock_threshold":null,"inheritable":false,"inbound_stock":null,"stock_on_hold":0,"sold_today":0,"sales_last_days":0,"reserved_stock":null,"customer_returns":null,"warehouse_damage":null,"lost_in_post":null,"other_logs":null,"out_stock_days":0,"lost_sales":0,"has_location":null,"update_date":"2026-04-27T07:07:11","atum_locations":[],"atum_stock_status":"instock","restock_status":false,"low_stock_amount":"","sales_update_date":"2026-01-30T01:26:28","calc_backorders":null,"_links":{"self":[{"href":"https:\/\/aromasentia.com\/fr\/wp-json\/wp\/v2\/product\/217876","targetHints":{"allow":["GET"]}}],"collection":[{"href":"https:\/\/aromasentia.com\/fr\/wp-json\/wp\/v2\/product"}],"about":[{"href":"https:\/\/aromasentia.com\/fr\/wp-json\/wp\/v2\/types\/product"}],"replies":[{"embeddable":true,"href":"https:\/\/aromasentia.com\/fr\/wp-json\/wp\/v2\/comments?post=217876"}],"version-history":[{"count":0,"href":"https:\/\/aromasentia.com\/fr\/wp-json\/wp\/v2\/product\/217876\/revisions"}],"wp:featuredmedia":[{"embeddable":true,"href":"https:\/\/aromasentia.com\/fr\/wp-json\/wp\/v2\/media\/437516"}],"wp:attachment":[{"href":"https:\/\/aromasentia.com\/fr\/wp-json\/wp\/v2\/media?parent=217876"}],"wp:term":[{"taxonomy":"product_brand","embeddable":true,"href":"https:\/\/aromasentia.com\/fr\/wp-json\/wp\/v2\/product_brand?post=217876"},{"taxonomy":"product_cat","embeddable":true,"href":"https:\/\/aromasentia.com\/fr\/wp-json\/wp\/v2\/product_cat?post=217876"},{"taxonomy":"product_tag","embeddable":true,"href":"https:\/\/aromasentia.com\/fr\/wp-json\/wp\/v2\/product_tag?post=217876"}],"curies":[{"name":"wp","href":"https:\/\/api.w.org\/{rel}","templated":true}]}}