{"id":217860,"date":"2025-03-23T12:06:49","date_gmt":"2025-03-23T12:06:49","guid":{"rendered":"https:\/\/aromasentia.com\/product\/hati-hati-angel-magic-box-love\/"},"modified":"2025-12-30T18:55:21","modified_gmt":"2025-12-30T18:55:21","slug":"boite-magique-ange-hati-hati-amour","status":"publish","type":"product","link":"https:\/\/aromasentia.com\/fr\/boite-magique-ange-hati-hati-amour\/","title":{"rendered":"Bo\u00eete Magique Ange Hati-Hati &#8211; Amour"},"content":{"rendered":"<p>Vente en gros <strong><span style=\"color: rgb(75, 80, 88);\">Bo\u00eete Magique Ange Hati-Hati &#8211; Amour<\/span><\/strong>, un v\u00e9ritable chef-d&rsquo;\u0153uvre sculpt\u00e9 \u00e0 la main dans des villages de montagne sereins \u00e0 partir du meilleur bois de Suar.&nbsp;<\/p>\n<p>Cette bo\u00eete enchanteresse incarne l&rsquo;essence de l&rsquo;amour, ce qui en fait un ajout sinc\u00e8re et significatif \u00e0 votre collection. Cette bo\u00eete exquise n\u2019est pas seulement une pi\u00e8ce d\u00e9corative mais aussi fonctionnelle. Son int\u00e9rieur offre un espace s\u00fbr et sacr\u00e9 pour ranger des souvenirs pr\u00e9cieux, des bijoux ou des notes sp\u00e9ciales.<\/p>\n<p>C&rsquo;est un cadeau parfait pour ceux qui c\u00e9l\u00e8brent l&rsquo;amour, les anniversaires ou toute autre occasion qui m\u00e9rite une touche d&rsquo;\u00e9l\u00e9gance et de sentiment. La Bo\u00eete Magique Ange Hati-Hati &#8211; Amour est plus qu&rsquo;un simple produit ; c&rsquo;est une \u0153uvre d&rsquo;art qui porte l&rsquo;essence de l&rsquo;amour.&nbsp;<\/p>\n<p><strong><span style=\"color: rgb(141, 186, 216);\">Ajoutez cette bo\u00eete enchanteresse \u00e0 votre inventaire et laissez-la enchanter le c\u0153ur de vos clients par sa beaut\u00e9 intemporelle et l&rsquo;amour qu&rsquo;elle repr\u00e9sente.<\/span><\/strong><\/p>\n","protected":false},"excerpt":{"rendered":"<p>Vente en gros Bo\u00eete Magique Ange Hati-Hati &#8211; Amour, un v\u00e9ritable chef-d&rsquo;\u0153uvre sculpt\u00e9 \u00e0 la main dans des villages de montagne sereins \u00e0 partir du meilleur bois de Suar.&nbsp; Cette bo\u00eete enchanteresse incarne l&rsquo;essence de l&rsquo;amour, ce qui en fait un ajout sinc\u00e8re et significatif \u00e0 votre collection. Cette bo\u00eete exquise n\u2019est pas seulement une [&hellip;]<\/p>\n","protected":false},"featured_media":437392,"comment_status":"closed","ping_status":"open","template":"","meta":{"_angie_page":false},"product_brand":[],"product_cat":[14054,14189],"product_tag":[],"class_list":{"0":"post-217860","1":"product","2":"type-product","3":"status-publish","4":"has-post-thumbnail","6":"product_cat-cadeaux-vintage-et-souvenirs","7":"product_cat-figurines","8":"pa_collection-hati-hati-angels-fr","9":"pa_made-in-indonesie","11":"first","12":"instock","13":"purchasable","14":"product-type-simple"},"supplier_id":null,"supplier_sku":"HatiA-20","barcode":null,"atum_controlled":true,"out_stock_date":null,"out_stock_threshold":null,"inheritable":false,"inbound_stock":null,"stock_on_hold":0,"sold_today":0,"sales_last_days":0,"reserved_stock":null,"customer_returns":null,"warehouse_damage":null,"lost_in_post":null,"other_logs":null,"out_stock_days":0,"lost_sales":0,"has_location":null,"update_date":"2026-05-08T05:10:48","atum_locations":[],"atum_stock_status":"instock","restock_status":false,"low_stock_amount":"","sales_update_date":"2026-01-30T01:24:52","calc_backorders":null,"_links":{"self":[{"href":"https:\/\/aromasentia.com\/fr\/wp-json\/wp\/v2\/product\/217860","targetHints":{"allow":["GET"]}}],"collection":[{"href":"https:\/\/aromasentia.com\/fr\/wp-json\/wp\/v2\/product"}],"about":[{"href":"https:\/\/aromasentia.com\/fr\/wp-json\/wp\/v2\/types\/product"}],"replies":[{"embeddable":true,"href":"https:\/\/aromasentia.com\/fr\/wp-json\/wp\/v2\/comments?post=217860"}],"version-history":[{"count":0,"href":"https:\/\/aromasentia.com\/fr\/wp-json\/wp\/v2\/product\/217860\/revisions"}],"wp:featuredmedia":[{"embeddable":true,"href":"https:\/\/aromasentia.com\/fr\/wp-json\/wp\/v2\/media\/437392"}],"wp:attachment":[{"href":"https:\/\/aromasentia.com\/fr\/wp-json\/wp\/v2\/media?parent=217860"}],"wp:term":[{"taxonomy":"product_brand","embeddable":true,"href":"https:\/\/aromasentia.com\/fr\/wp-json\/wp\/v2\/product_brand?post=217860"},{"taxonomy":"product_cat","embeddable":true,"href":"https:\/\/aromasentia.com\/fr\/wp-json\/wp\/v2\/product_cat?post=217860"},{"taxonomy":"product_tag","embeddable":true,"href":"https:\/\/aromasentia.com\/fr\/wp-json\/wp\/v2\/product_tag?post=217860"}],"curies":[{"name":"wp","href":"https:\/\/api.w.org\/{rel}","templated":true}]}}