{"id":217844,"date":"2025-03-23T12:06:49","date_gmt":"2025-03-23T12:06:49","guid":{"rendered":"https:\/\/aromasentia.com\/product\/new-hati-hati-angel-peace-20cm\/"},"modified":"2025-06-23T18:17:20","modified_gmt":"2025-06-23T18:17:20","slug":"anges-hati-hati-paix-20cm","status":"publish","type":"product","link":"https:\/\/aromasentia.com\/fr\/anges-hati-hati-paix-20cm\/","title":{"rendered":"Anges Hati Hati &#8211; Paix &#8211; 20cm"},"content":{"rendered":"<p><strong><span style=\"color: rgb(75, 80, 88);\">Hati-Hati Anges &#8211; Paix &#8211; 20 cm<\/span><\/strong> est sculpt\u00e9 \u00e0 la main dans les villages de montagne \u00e0 partir de bois de Suar, un bois dur durable. Ce bois est utilis\u00e9 pour cr\u00e9er de belles images souvent sacr\u00e9es.&nbsp;<\/p>\n<p>Cet ange a \u00e9t\u00e9 soigneusement sculpt\u00e9 \u00e0 la main, s\u00e9ch\u00e9 au soleil, fini, poli et peint par des artisans des zones rurales. Hat-hati est un mot indon\u00e9sien courant qui signifie prendre soin de soi.&nbsp;<\/p>\n<p>Cet ange est donc con&ccedil;u pour apporter de l&rsquo;amour et de l&rsquo;attention \u00e0 tous ceux qui le portent. Les anges Hati-Hati font de beaux cadeaux culturels et attentionn\u00e9s.&nbsp;<\/p>\n<p>Votre client adorera les collectionner.&nbsp;<\/p>\n<p><strong><span style=\"color: rgb(141, 186, 216);\">Rappelez-vous que lorsque vous passez cet ange, souriez et dites \u00ab\u00a0Hati-Hati!\u00a0\u00bb.<\/span><\/strong><\/p>\n","protected":false},"excerpt":{"rendered":"<p>Hati-Hati Anges &#8211; Paix &#8211; 20 cm est sculpt\u00e9 \u00e0 la main dans les villages de montagne \u00e0 partir de bois de Suar, un bois dur durable. Ce bois est utilis\u00e9 pour cr\u00e9er de belles images souvent sacr\u00e9es.&nbsp; Cet ange a \u00e9t\u00e9 soigneusement sculpt\u00e9 \u00e0 la main, s\u00e9ch\u00e9 au soleil, fini, poli et peint par [&hellip;]<\/p>\n","protected":false},"featured_media":437292,"comment_status":"closed","ping_status":"open","template":"","meta":[],"product_brand":[],"product_cat":[14054,14189],"product_tag":[],"class_list":{"0":"post-217844","1":"product","2":"type-product","3":"status-publish","4":"has-post-thumbnail","6":"product_cat-cadeaux-vintage-et-souvenirs","7":"product_cat-figurines","8":"pa_collection-hati-hati-angels-fr","9":"pa_made-in-indonesie","11":"first","12":"outofstock","13":"purchasable","14":"product-type-simple"},"supplier_id":null,"supplier_sku":"HatiA-16","barcode":null,"atum_controlled":true,"out_stock_date":"2025-12-17 11:26:14","out_stock_threshold":null,"inheritable":false,"inbound_stock":null,"stock_on_hold":0,"sold_today":0,"sales_last_days":0,"reserved_stock":null,"customer_returns":null,"warehouse_damage":null,"lost_in_post":null,"other_logs":null,"out_stock_days":50,"lost_sales":0,"has_location":null,"update_date":"2026-02-06T00:00:52","atum_locations":[],"atum_stock_status":"outofstock","restock_status":false,"low_stock_amount":"","sales_update_date":"2026-02-06T00:00:52","calc_backorders":null,"_links":{"self":[{"href":"https:\/\/aromasentia.com\/fr\/wp-json\/wp\/v2\/product\/217844","targetHints":{"allow":["GET"]}}],"collection":[{"href":"https:\/\/aromasentia.com\/fr\/wp-json\/wp\/v2\/product"}],"about":[{"href":"https:\/\/aromasentia.com\/fr\/wp-json\/wp\/v2\/types\/product"}],"replies":[{"embeddable":true,"href":"https:\/\/aromasentia.com\/fr\/wp-json\/wp\/v2\/comments?post=217844"}],"version-history":[{"count":0,"href":"https:\/\/aromasentia.com\/fr\/wp-json\/wp\/v2\/product\/217844\/revisions"}],"wp:featuredmedia":[{"embeddable":true,"href":"https:\/\/aromasentia.com\/fr\/wp-json\/wp\/v2\/media\/437292"}],"wp:attachment":[{"href":"https:\/\/aromasentia.com\/fr\/wp-json\/wp\/v2\/media?parent=217844"}],"wp:term":[{"taxonomy":"product_brand","embeddable":true,"href":"https:\/\/aromasentia.com\/fr\/wp-json\/wp\/v2\/product_brand?post=217844"},{"taxonomy":"product_cat","embeddable":true,"href":"https:\/\/aromasentia.com\/fr\/wp-json\/wp\/v2\/product_cat?post=217844"},{"taxonomy":"product_tag","embeddable":true,"href":"https:\/\/aromasentia.com\/fr\/wp-json\/wp\/v2\/product_tag?post=217844"}],"curies":[{"name":"wp","href":"https:\/\/api.w.org\/{rel}","templated":true}]}}