{"id":217796,"date":"2025-03-23T12:07:48","date_gmt":"2025-03-23T12:07:48","guid":{"rendered":"https:\/\/aromasentia.com\/product\/square-wooden-keepsake-box-13x13x6cm-tree-of-life\/"},"modified":"2025-12-30T18:55:14","modified_gmt":"2025-12-30T18:55:14","slug":"boite-a-souvenirs-carree-en-bois-13x13x6cm-arbre-de-vie","status":"publish","type":"product","link":"https:\/\/aromasentia.com\/fr\/boite-a-souvenirs-carree-en-bois-13x13x6cm-arbre-de-vie\/","title":{"rendered":"Bo\u00eete \u00e0 Souvenirs Carr\u00e9e en Bois 13x13x6cm &#8211; Arbre de vie"},"content":{"rendered":"<p>Embrassez le profond symbolisme de <strong><span style=\"color: rgb(75, 80, 88);\">l&rsquo;arbre de vie avec cette bo\u00eete \u00e0 souvenirs carr\u00e9e en bois. <\/span><\/strong><\/p>\n<p>Parfaite pour le rangement et les cadeaux, elle ajoute une touche de beaut\u00e9 naturelle \u00e0 n&rsquo;importe quel environnement. L&rsquo;arbre de vie symbolise la croissance, la force et l&rsquo;interconnexion, ce qui fait de cette bo\u00eete un choix significatif et \u00e9difiant. Ces bo\u00eetes polyvalentes allient harmonieusement fonctionnalit\u00e9 et \u00e9l\u00e9gance.&nbsp;<\/p>\n<p>Elles constituent des solutions de rangement parfaites, des cadeaux exquis ou des compl\u00e9ments attrayants pour les pr\u00e9sentoirs de vente au d\u00e9tail.&nbsp;<\/p>\n<p>Con&ccedil;ues pour r\u00e9pondre \u00e0 une grande vari\u00e9t\u00e9 de besoins, Enrichissez l&rsquo;exp\u00e9rience de vos clients en incorporant ces bo\u00eetes en bois magnifiquement fabriqu\u00e9es \u00e0 votre inventaire.&nbsp;<\/p>\n<p><strong><span style=\"color: rgb(141, 186, 216);\">Commandez d\u00e8s aujourd&rsquo;hui pour ajouter une touche de sophistication \u00e0 votre gamme de produits.&nbsp;<\/span><\/strong><\/p>\n<p><strong><em>Dimensions : 13x13x6cm : 13x13x6cm<br \/><\/em><\/strong><\/p>\n<p><\/p>\n","protected":false},"excerpt":{"rendered":"<p>Embrassez le profond symbolisme de l&rsquo;arbre de vie avec cette bo\u00eete \u00e0 souvenirs carr\u00e9e en bois. Parfaite pour le rangement et les cadeaux, elle ajoute une touche de beaut\u00e9 naturelle \u00e0 n&rsquo;importe quel environnement. L&rsquo;arbre de vie symbolise la croissance, la force et l&rsquo;interconnexion, ce qui fait de cette bo\u00eete un choix significatif et \u00e9difiant. [&hellip;]<\/p>\n","protected":false},"featured_media":437702,"comment_status":"closed","ping_status":"open","template":"","meta":[],"product_brand":[],"product_cat":[14137,14138],"product_tag":[],"class_list":{"0":"post-217796","1":"product","2":"type-product","3":"status-publish","4":"has-post-thumbnail","6":"product_cat-emballages-boites-et-sacs-cadeau","7":"product_cat-rangement-coffrets-et-boites-cadeaux","8":"pa_collection-hand-carved-wooden-boxes-fr","9":"pa_made-in-inde","11":"first","12":"instock","13":"purchasable","14":"product-type-simple"},"supplier_id":null,"supplier_sku":"IMBox-04","barcode":null,"atum_controlled":true,"out_stock_date":null,"out_stock_threshold":null,"inheritable":false,"inbound_stock":null,"stock_on_hold":0,"sold_today":0,"sales_last_days":0,"reserved_stock":null,"customer_returns":null,"warehouse_damage":null,"lost_in_post":null,"other_logs":null,"out_stock_days":0,"lost_sales":0,"has_location":null,"update_date":"2026-02-11T09:36:48","atum_locations":[],"atum_stock_status":"instock","restock_status":false,"low_stock_amount":"","sales_update_date":"2026-02-06T00:02:45","calc_backorders":null,"_links":{"self":[{"href":"https:\/\/aromasentia.com\/fr\/wp-json\/wp\/v2\/product\/217796","targetHints":{"allow":["GET"]}}],"collection":[{"href":"https:\/\/aromasentia.com\/fr\/wp-json\/wp\/v2\/product"}],"about":[{"href":"https:\/\/aromasentia.com\/fr\/wp-json\/wp\/v2\/types\/product"}],"replies":[{"embeddable":true,"href":"https:\/\/aromasentia.com\/fr\/wp-json\/wp\/v2\/comments?post=217796"}],"version-history":[{"count":0,"href":"https:\/\/aromasentia.com\/fr\/wp-json\/wp\/v2\/product\/217796\/revisions"}],"wp:featuredmedia":[{"embeddable":true,"href":"https:\/\/aromasentia.com\/fr\/wp-json\/wp\/v2\/media\/437702"}],"wp:attachment":[{"href":"https:\/\/aromasentia.com\/fr\/wp-json\/wp\/v2\/media?parent=217796"}],"wp:term":[{"taxonomy":"product_brand","embeddable":true,"href":"https:\/\/aromasentia.com\/fr\/wp-json\/wp\/v2\/product_brand?post=217796"},{"taxonomy":"product_cat","embeddable":true,"href":"https:\/\/aromasentia.com\/fr\/wp-json\/wp\/v2\/product_cat?post=217796"},{"taxonomy":"product_tag","embeddable":true,"href":"https:\/\/aromasentia.com\/fr\/wp-json\/wp\/v2\/product_tag?post=217796"}],"curies":[{"name":"wp","href":"https:\/\/api.w.org\/{rel}","templated":true}]}}