{"id":217764,"date":"2025-03-23T12:08:32","date_gmt":"2025-03-23T12:08:32","guid":{"rendered":"https:\/\/aromasentia.com\/product\/leather-moonstone-with-belts-notebook-15x10-cm\/"},"modified":"2025-06-23T18:17:10","modified_gmt":"2025-06-23T18:17:10","slug":"carnet-cuir-pierre-de-lune-ceinture-6x4","status":"publish","type":"product","link":"https:\/\/aromasentia.com\/fr\/carnet-cuir-pierre-de-lune-ceinture-6x4\/","title":{"rendered":"Carnet cuir Pierre de Lune Ceinture (6&#215;4&Prime;)"},"content":{"rendered":"<p><strong><span style=\"color: rgb(75, 80, 88);\">Le Carnet en Cuir : Pierre de Lune<\/span><\/strong> fait \u00e0 la main avec des ceintures peut \u00eatre utilis\u00e9 comme carnet, journal ou carnet de croquis.&nbsp;<\/p>\n<p>De belles d\u00e9corations sur la couverture ajoutent du charme et donnent \u00e0 chaque carnet un style unique. Il est facile \u00e0 transporter, vous pouvez l&#8217;emporter dans votre sac lorsque vous voyagez ou en voyage d&rsquo;affaires comme journal, carnet de voyage, bloc-notes, agenda ou carnet de croquis.&nbsp;<\/p>\n<p>D\u00e9sormais, vos clients peuvent enregistrer leurs id\u00e9es \u00e0 tout moment. Cadeau parfait pour toute occasion, il plaira \u00e0 tous ceux qui aiment voyager, \u00e9crire ou faire des croquis.&nbsp;<\/p>\n<p>Faites un excellent cadeau pour les hommes et les femmes, en particulier les wiccans peuvent les aimer.&nbsp;<\/p>\n<p><strong><span style=\"color: rgb(141, 186, 216);\">R\u00e9alisez des ventes faciles avec ce classique intemporel.<\/span><\/strong><\/p>\n","protected":false},"excerpt":{"rendered":"<p>Le Carnet en Cuir : Pierre de Lune fait \u00e0 la main avec des ceintures peut \u00eatre utilis\u00e9 comme carnet, journal ou carnet de croquis.&nbsp; De belles d\u00e9corations sur la couverture ajoutent du charme et donnent \u00e0 chaque carnet un style unique. Il est facile \u00e0 transporter, vous pouvez l&#8217;emporter dans votre sac lorsque vous [&hellip;]<\/p>\n","protected":false},"featured_media":438616,"comment_status":"closed","ping_status":"open","template":"","meta":{"_angie_page":false},"product_brand":[],"product_cat":[14054,14053,25684,25226],"product_tag":[],"class_list":{"0":"post-217764","1":"product","2":"type-product","3":"status-publish","4":"has-post-thumbnail","6":"product_cat-cadeaux-vintage-et-souvenirs","7":"product_cat-carnets-et-cashiers","8":"product_cat-pierre-de-lune","9":"product_cat-pierres-et-mineraux","10":"pa_collection-leather-notebooks-diaries-fr","11":"pa_made-in-inde","13":"first","14":"instock","15":"purchasable","16":"product-type-simple"},"supplier_id":null,"supplier_sku":"LBN-16","barcode":null,"atum_controlled":true,"out_stock_date":null,"out_stock_threshold":null,"inheritable":false,"inbound_stock":null,"stock_on_hold":0,"sold_today":0,"sales_last_days":0,"reserved_stock":null,"customer_returns":null,"warehouse_damage":null,"lost_in_post":null,"other_logs":null,"out_stock_days":0,"lost_sales":0,"has_location":null,"update_date":"2026-04-27T07:10:42","atum_locations":[],"atum_stock_status":"instock","restock_status":false,"low_stock_amount":"","sales_update_date":"2025-09-03T00:15:13","calc_backorders":null,"_links":{"self":[{"href":"https:\/\/aromasentia.com\/fr\/wp-json\/wp\/v2\/product\/217764","targetHints":{"allow":["GET"]}}],"collection":[{"href":"https:\/\/aromasentia.com\/fr\/wp-json\/wp\/v2\/product"}],"about":[{"href":"https:\/\/aromasentia.com\/fr\/wp-json\/wp\/v2\/types\/product"}],"replies":[{"embeddable":true,"href":"https:\/\/aromasentia.com\/fr\/wp-json\/wp\/v2\/comments?post=217764"}],"version-history":[{"count":0,"href":"https:\/\/aromasentia.com\/fr\/wp-json\/wp\/v2\/product\/217764\/revisions"}],"wp:featuredmedia":[{"embeddable":true,"href":"https:\/\/aromasentia.com\/fr\/wp-json\/wp\/v2\/media\/438616"}],"wp:attachment":[{"href":"https:\/\/aromasentia.com\/fr\/wp-json\/wp\/v2\/media?parent=217764"}],"wp:term":[{"taxonomy":"product_brand","embeddable":true,"href":"https:\/\/aromasentia.com\/fr\/wp-json\/wp\/v2\/product_brand?post=217764"},{"taxonomy":"product_cat","embeddable":true,"href":"https:\/\/aromasentia.com\/fr\/wp-json\/wp\/v2\/product_cat?post=217764"},{"taxonomy":"product_tag","embeddable":true,"href":"https:\/\/aromasentia.com\/fr\/wp-json\/wp\/v2\/product_tag?post=217764"}],"curies":[{"name":"wp","href":"https:\/\/api.w.org\/{rel}","templated":true}]}}