{"id":217724,"date":"2025-03-23T12:08:32","date_gmt":"2025-03-23T12:08:32","guid":{"rendered":"https:\/\/aromasentia.com\/product\/leather-pentagon-skull-with-burns-detail-notebook-18x13-cm\/"},"modified":"2025-12-30T18:55:06","modified_gmt":"2025-12-30T18:55:06","slug":"carnet-en-cuir-pentagramme-et-crane-avec-details-de-brulures-7x5","status":"publish","type":"product","link":"https:\/\/aromasentia.com\/fr\/carnet-en-cuir-pentagramme-et-crane-avec-details-de-brulures-7x5\/","title":{"rendered":"Carnet En Cuir Pentagramme et Cr\u00e2ne Avec D\u00e9tails De Br\u00fblures (7&#215;5&Prime;)"},"content":{"rendered":"<p>Carnet de notes ferm\u00e9 par une boucle et pouvant \u00eatre utilis\u00e9 comme carnet de notes, journal intime ou carnet de croquis.&nbsp;<\/p>\n<p>Les belles d\u00e9corations sur la couverture ajoutent du charme et conf\u00e8rent \u00e0 chaque carnet un style unique. Facile \u00e0 transporter, vous pouvez l&#8217;emporter dans votre sac lorsque vous \u00eates en voyage ou en d\u00e9placement professionnel, comme un journal, un carnet de voyage, un bloc-notes, un agenda ou un carnet de croquis.&nbsp;<\/p>\n<p>Vos clients peuvent d\u00e9sormais noter leurs id\u00e9es \u00e0 tout moment. Cadeau id\u00e9al pour toutes les occasions, il plaira \u00e0 tous ceux qui aiment voyager, \u00e9crire ou faire des croquis. C&rsquo;est un cadeau id\u00e9al pour les hommes et les femmes, surtout pour les wiccans ! &nbsp;&nbsp;<\/p>\n<p>Taille du carnet : Hauteur 18cm, Largeur 13cm&nbsp;<\/p>\n<p>Carnet de 200 pages<\/p>\n<p><strong><span style=\"color: rgb(141, 186, 216);\">Faites des ventes faciles avec ce classique ind\u00e9modable.<\/span><\/strong><\/p>\n","protected":false},"excerpt":{"rendered":"<p>Carnet de notes ferm\u00e9 par une boucle et pouvant \u00eatre utilis\u00e9 comme carnet de notes, journal intime ou carnet de croquis.&nbsp; Les belles d\u00e9corations sur la couverture ajoutent du charme et conf\u00e8rent \u00e0 chaque carnet un style unique. Facile \u00e0 transporter, vous pouvez l&#8217;emporter dans votre sac lorsque vous \u00eates en voyage ou en d\u00e9placement [&hellip;]<\/p>\n","protected":false},"featured_media":438150,"comment_status":"closed","ping_status":"open","template":"","meta":{"_angie_page":false},"product_brand":[],"product_cat":[14054,14053],"product_tag":[],"class_list":{"0":"post-217724","1":"product","2":"type-product","3":"status-publish","4":"has-post-thumbnail","6":"product_cat-cadeaux-vintage-et-souvenirs","7":"product_cat-carnets-et-cashiers","8":"pa_collection-leather-notebooks-diaries-fr","9":"pa_made-in-inde","11":"first","12":"instock","13":"purchasable","14":"product-type-simple"},"supplier_id":null,"supplier_sku":"LBN-06","barcode":null,"atum_controlled":true,"out_stock_date":null,"out_stock_threshold":null,"inheritable":false,"inbound_stock":null,"stock_on_hold":0,"sold_today":0,"sales_last_days":0,"reserved_stock":null,"customer_returns":null,"warehouse_damage":null,"lost_in_post":null,"other_logs":null,"out_stock_days":0,"lost_sales":0,"has_location":null,"update_date":"2026-04-27T07:10:35","atum_locations":[],"atum_stock_status":"instock","restock_status":false,"low_stock_amount":"","sales_update_date":"2026-01-30T01:24:31","calc_backorders":null,"_links":{"self":[{"href":"https:\/\/aromasentia.com\/fr\/wp-json\/wp\/v2\/product\/217724","targetHints":{"allow":["GET"]}}],"collection":[{"href":"https:\/\/aromasentia.com\/fr\/wp-json\/wp\/v2\/product"}],"about":[{"href":"https:\/\/aromasentia.com\/fr\/wp-json\/wp\/v2\/types\/product"}],"replies":[{"embeddable":true,"href":"https:\/\/aromasentia.com\/fr\/wp-json\/wp\/v2\/comments?post=217724"}],"version-history":[{"count":0,"href":"https:\/\/aromasentia.com\/fr\/wp-json\/wp\/v2\/product\/217724\/revisions"}],"wp:featuredmedia":[{"embeddable":true,"href":"https:\/\/aromasentia.com\/fr\/wp-json\/wp\/v2\/media\/438150"}],"wp:attachment":[{"href":"https:\/\/aromasentia.com\/fr\/wp-json\/wp\/v2\/media?parent=217724"}],"wp:term":[{"taxonomy":"product_brand","embeddable":true,"href":"https:\/\/aromasentia.com\/fr\/wp-json\/wp\/v2\/product_brand?post=217724"},{"taxonomy":"product_cat","embeddable":true,"href":"https:\/\/aromasentia.com\/fr\/wp-json\/wp\/v2\/product_cat?post=217724"},{"taxonomy":"product_tag","embeddable":true,"href":"https:\/\/aromasentia.com\/fr\/wp-json\/wp\/v2\/product_tag?post=217724"}],"curies":[{"name":"wp","href":"https:\/\/api.w.org\/{rel}","templated":true}]}}