{"id":217720,"date":"2025-03-23T12:10:29","date_gmt":"2025-03-23T12:10:29","guid":{"rendered":"https:\/\/aromasentia.com\/product\/rolled-leather-travel-notebook-96-pages-black-21x15cm\/"},"modified":"2025-12-30T18:55:06","modified_gmt":"2025-12-30T18:55:06","slug":"carnet-de-voyage-en-cuir-roule-96-pages-noir-21x15cm","status":"publish","type":"product","link":"https:\/\/aromasentia.com\/fr\/carnet-de-voyage-en-cuir-roule-96-pages-noir-21x15cm\/","title":{"rendered":"Carnet de Voyage en Cuir Roul\u00e9 &#8211; 96 pages &#8211; Noir 21x15cm"},"content":{"rendered":"<p>Voici notre <strong><span style=\"color: rgb(75, 80, 88);\">Carnet de voyage en cuir roul\u00e9<\/span><\/strong>, un compagnon \u00e9l\u00e9gant et polyvalent mesurant 21 x 15 cm et comprenant 96 pages de qualit\u00e9 sup\u00e9rieure.&nbsp;<\/p>\n<p>Fabriqu\u00e9 avec pr\u00e9cision, ce carnet allie praticit\u00e9 et sophistication. Envelopp\u00e9 dans une \u00e9l\u00e9gante couverture en cuir noir, il d\u00e9gage un air d&rsquo;\u00e9l\u00e9gance discr\u00e8te, ce qui en fait un classique intemporel pour vos besoins quotidiens. Con&ccedil;u pour ceux qui sont toujours en d\u00e9placement, ce carnet portable convient parfaitement aux voyageurs, aux professionnels et \u00e0 tous ceux qui ont besoin d&rsquo;un bloc-notes fiable. Son format compact lui permet de se glisser facilement dans votre sac, vous garantissant un espace fiable pour noter vos pens\u00e9es, vos id\u00e9es et vos croquis d\u00e8s que l&rsquo;inspiration vous vient.&nbsp;<\/p>\n<p>Qu&rsquo;il s&rsquo;agisse de tenir un journal, de prendre des notes ou simplement de tenir un agenda, ce carnet de voyage est votre compagnon de confiance. Ses 96 pages offrent suffisamment d&rsquo;espace pour vos expressions cr\u00e9atives et la tenue de vos dossiers.&nbsp;<\/p>\n<p>Ce carnet polyvalent constitue un cadeau id\u00e9al, adapt\u00e9 \u00e0 diverses occasions. Son design noir \u00e9l\u00e9gant pla\u00eet aussi bien aux hommes qu&rsquo;aux femmes, ce qui en fait un cadeau bien pens\u00e9 pour ceux qui appr\u00e9cient l&rsquo;art de l&rsquo;\u00e9criture.&nbsp;<\/p>\n<p><strong><span style=\"color: rgb(141, 186, 216);\">D\u00e9couvrez le m\u00e9lange parfait de fonctionnalit\u00e9 et de sophistication avec notre carnet de voyage en cuir roul\u00e9 &#8211; un compl\u00e9ment essentiel \u00e0 votre vie quotidienne, pr\u00eat \u00e0 capturer vos pens\u00e9es avec style.<\/span><\/strong><\/p>\n","protected":false},"excerpt":{"rendered":"<p>Voici notre Carnet de voyage en cuir roul\u00e9, un compagnon \u00e9l\u00e9gant et polyvalent mesurant 21 x 15 cm et comprenant 96 pages de qualit\u00e9 sup\u00e9rieure.&nbsp; Fabriqu\u00e9 avec pr\u00e9cision, ce carnet allie praticit\u00e9 et sophistication. Envelopp\u00e9 dans une \u00e9l\u00e9gante couverture en cuir noir, il d\u00e9gage un air d&rsquo;\u00e9l\u00e9gance discr\u00e8te, ce qui en fait un classique intemporel [&hellip;]<\/p>\n","protected":false},"featured_media":439022,"comment_status":"closed","ping_status":"open","template":"","meta":{"_angie_page":false},"product_brand":[],"product_cat":[14054,14053],"product_tag":[],"class_list":{"0":"post-217720","1":"product","2":"type-product","3":"status-publish","4":"has-post-thumbnail","6":"product_cat-cadeaux-vintage-et-souvenirs","7":"product_cat-carnets-et-cashiers","8":"pa_collection-leather-notebooks-diaries-fr","9":"pa_made-in-inde","11":"first","12":"instock","13":"purchasable","14":"product-type-simple"},"supplier_id":null,"supplier_sku":"LBN-33","barcode":null,"atum_controlled":true,"out_stock_date":null,"out_stock_threshold":null,"inheritable":false,"inbound_stock":null,"stock_on_hold":0,"sold_today":0,"sales_last_days":0,"reserved_stock":null,"customer_returns":null,"warehouse_damage":null,"lost_in_post":null,"other_logs":null,"out_stock_days":0,"lost_sales":0,"has_location":null,"update_date":"2026-04-27T07:10:42","atum_locations":[],"atum_stock_status":"instock","restock_status":false,"low_stock_amount":"","sales_update_date":"2026-02-06T00:00:49","calc_backorders":null,"_links":{"self":[{"href":"https:\/\/aromasentia.com\/fr\/wp-json\/wp\/v2\/product\/217720","targetHints":{"allow":["GET"]}}],"collection":[{"href":"https:\/\/aromasentia.com\/fr\/wp-json\/wp\/v2\/product"}],"about":[{"href":"https:\/\/aromasentia.com\/fr\/wp-json\/wp\/v2\/types\/product"}],"replies":[{"embeddable":true,"href":"https:\/\/aromasentia.com\/fr\/wp-json\/wp\/v2\/comments?post=217720"}],"version-history":[{"count":0,"href":"https:\/\/aromasentia.com\/fr\/wp-json\/wp\/v2\/product\/217720\/revisions"}],"wp:featuredmedia":[{"embeddable":true,"href":"https:\/\/aromasentia.com\/fr\/wp-json\/wp\/v2\/media\/439022"}],"wp:attachment":[{"href":"https:\/\/aromasentia.com\/fr\/wp-json\/wp\/v2\/media?parent=217720"}],"wp:term":[{"taxonomy":"product_brand","embeddable":true,"href":"https:\/\/aromasentia.com\/fr\/wp-json\/wp\/v2\/product_brand?post=217720"},{"taxonomy":"product_cat","embeddable":true,"href":"https:\/\/aromasentia.com\/fr\/wp-json\/wp\/v2\/product_cat?post=217720"},{"taxonomy":"product_tag","embeddable":true,"href":"https:\/\/aromasentia.com\/fr\/wp-json\/wp\/v2\/product_tag?post=217720"}],"curies":[{"name":"wp","href":"https:\/\/api.w.org\/{rel}","templated":true}]}}