{"id":217716,"date":"2025-03-23T12:10:29","date_gmt":"2025-03-23T12:10:29","guid":{"rendered":"https:\/\/aromasentia.com\/product\/rolled-leather-travel-notebook-96-pages-green-21x15cm\/"},"modified":"2025-12-30T18:55:06","modified_gmt":"2025-12-30T18:55:06","slug":"carnet-de-voyage-en-cuir-roule-96-pages-vert-21x15cm","status":"publish","type":"product","link":"https:\/\/aromasentia.com\/fr\/carnet-de-voyage-en-cuir-roule-96-pages-vert-21x15cm\/","title":{"rendered":"Carnet de Voyage en Cuir Roul\u00e9 &#8211; 96 pages &#8211; Vert 21x15cm"},"content":{"rendered":"<p>Nous vous pr\u00e9sentons notre <strong><span style=\"color: rgb(75, 80, 88);\">Carnet de voyage en cuir roul\u00e9 d&rsquo;un vert \u00e9clatant<\/span><\/strong>, d&rsquo;un format g\u00e9n\u00e9reux de 21 x 15 cm et rempli de 96 pages de possibilit\u00e9s.&nbsp;<\/p>\n<p>Fabriqu\u00e9 avec le souci du d\u00e9tail, ce carnet de voyage allie harmonieusement style et utilit\u00e9. Sa couverture en cuir lisse ajoute une touche d&rsquo;\u00e9l\u00e9gance, ce qui en fait non seulement un compagnon d&rsquo;\u00e9criture fonctionnel, mais aussi une pi\u00e8ce d&rsquo;apparat. Con&ccedil;u pour les personnes en d\u00e9placement, le format compact de ce carnet se glisse facilement dans votre sac, ce qui en fait un compagnon de voyage fiable pour prendre des notes, documenter votre voyage ou simplement capturer vos pens\u00e9es en d\u00e9placement.&nbsp;<\/p>\n<p>Avec 96 pages \u00e0 votre disposition, vous disposez d&rsquo;une grande marge de man\u0153uvre pour exprimer votre cr\u00e9ativit\u00e9. Que vous l&rsquo;utilisiez comme journal, carnet de croquis ou pour prendre des notes au quotidien, ce carnet de voyage est votre toile d&rsquo;expression.&nbsp;<\/p>\n<p>C&rsquo;est le cadeau id\u00e9al pour toutes les occasions, pour les hommes et les femmes qui appr\u00e9cient l&rsquo;alliance de la forme et de la fonction. Son attrait intemporel et sa teinte verte classique en font un choix polyvalent pour tous.&nbsp;<\/p>\n<p><strong><span style=\"color: rgb(141, 186, 216);\">Am\u00e9liorez votre exp\u00e9rience d&rsquo;\u00e9criture avec le carnet de voyage en cuir roul\u00e9 &#8211; o\u00f9le style rencontre la substance dans un format compact de 21 x 15 cm, pr\u00eat \u00e0 vous accompagner dans vos aventures.<\/span><\/strong><\/p>\n","protected":false},"excerpt":{"rendered":"<p>Nous vous pr\u00e9sentons notre Carnet de voyage en cuir roul\u00e9 d&rsquo;un vert \u00e9clatant, d&rsquo;un format g\u00e9n\u00e9reux de 21 x 15 cm et rempli de 96 pages de possibilit\u00e9s.&nbsp; Fabriqu\u00e9 avec le souci du d\u00e9tail, ce carnet de voyage allie harmonieusement style et utilit\u00e9. Sa couverture en cuir lisse ajoute une touche d&rsquo;\u00e9l\u00e9gance, ce qui en [&hellip;]<\/p>\n","protected":false},"featured_media":438997,"comment_status":"closed","ping_status":"open","template":"","meta":{"_angie_page":false},"product_brand":[],"product_cat":[14054,14053],"product_tag":[],"class_list":{"0":"post-217716","1":"product","2":"type-product","3":"status-publish","4":"has-post-thumbnail","6":"product_cat-cadeaux-vintage-et-souvenirs","7":"product_cat-carnets-et-cashiers","8":"pa_collection-leather-notebooks-diaries-fr","9":"pa_made-in-inde","11":"first","12":"instock","13":"purchasable","14":"product-type-simple"},"supplier_id":null,"supplier_sku":"LBN-32","barcode":null,"atum_controlled":true,"out_stock_date":null,"out_stock_threshold":null,"inheritable":false,"inbound_stock":null,"stock_on_hold":0,"sold_today":0,"sales_last_days":0,"reserved_stock":null,"customer_returns":null,"warehouse_damage":null,"lost_in_post":null,"other_logs":null,"out_stock_days":0,"lost_sales":0,"has_location":null,"update_date":"2026-04-27T07:10:42","atum_locations":[],"atum_stock_status":"instock","restock_status":false,"low_stock_amount":"","sales_update_date":"2026-01-30T01:26:08","calc_backorders":null,"_links":{"self":[{"href":"https:\/\/aromasentia.com\/fr\/wp-json\/wp\/v2\/product\/217716","targetHints":{"allow":["GET"]}}],"collection":[{"href":"https:\/\/aromasentia.com\/fr\/wp-json\/wp\/v2\/product"}],"about":[{"href":"https:\/\/aromasentia.com\/fr\/wp-json\/wp\/v2\/types\/product"}],"replies":[{"embeddable":true,"href":"https:\/\/aromasentia.com\/fr\/wp-json\/wp\/v2\/comments?post=217716"}],"version-history":[{"count":0,"href":"https:\/\/aromasentia.com\/fr\/wp-json\/wp\/v2\/product\/217716\/revisions"}],"wp:featuredmedia":[{"embeddable":true,"href":"https:\/\/aromasentia.com\/fr\/wp-json\/wp\/v2\/media\/438997"}],"wp:attachment":[{"href":"https:\/\/aromasentia.com\/fr\/wp-json\/wp\/v2\/media?parent=217716"}],"wp:term":[{"taxonomy":"product_brand","embeddable":true,"href":"https:\/\/aromasentia.com\/fr\/wp-json\/wp\/v2\/product_brand?post=217716"},{"taxonomy":"product_cat","embeddable":true,"href":"https:\/\/aromasentia.com\/fr\/wp-json\/wp\/v2\/product_cat?post=217716"},{"taxonomy":"product_tag","embeddable":true,"href":"https:\/\/aromasentia.com\/fr\/wp-json\/wp\/v2\/product_tag?post=217716"}],"curies":[{"name":"wp","href":"https:\/\/api.w.org\/{rel}","templated":true}]}}