{"id":217708,"date":"2025-03-23T12:10:29","date_gmt":"2025-03-23T12:10:29","guid":{"rendered":"https:\/\/aromasentia.com\/product\/oiled-tan-leather-key-200-pages-13x18cm\/"},"modified":"2025-12-30T18:55:06","modified_gmt":"2025-12-30T18:55:06","slug":"cuir-tan-huile-et-cle-200-pages-13x18cm","status":"publish","type":"product","link":"https:\/\/aromasentia.com\/fr\/cuir-tan-huile-et-cle-200-pages-13x18cm\/","title":{"rendered":"Cuir Tan Huil\u00e9 et Cl\u00e9 &#8211; 200 pages &#8211; 13x18cm"},"content":{"rendered":"<p>Voici notre<strong><span style=\"color: rgb(75, 80, 88);\">&nbsp;Carnet de notes en cuir huil\u00e9 de premi\u00e8re qualit\u00e9<\/span><\/strong> avec une cl\u00e9 attach\u00e9e, comprenant <strong><span style=\"color: rgb(75, 80, 88);\">200 pages g\u00e9n\u00e9reuses et mesurant 13 x 18 cm<\/span><\/strong>.&nbsp;<\/p>\n<p>Fabriqu\u00e9 avec le souci du d\u00e9tail, ce carnet est un m\u00e9lange harmonieux de praticit\u00e9 et d&rsquo;esth\u00e9tique. Sa couverture en cuir tann\u00e9 huil\u00e9 respire la sophistication et la durabilit\u00e9, ce qui en fait un compagnon intemporel pour toute activit\u00e9 d&rsquo;\u00e9criture ou de dessin. L&rsquo;ajout unique d&rsquo;une cl\u00e9 n&rsquo;ajoute pas seulement une touche de charme, mais sert \u00e9galement d&rsquo;\u00e9l\u00e9ment fonctionnel, garantissant que vos notes et vos id\u00e9es restent en s\u00e9curit\u00e9.&nbsp;<\/p>\n<p>Ce carnet \u00e0 la fois compact et spacieux est con&ccedil;u pour une portabilit\u00e9 optimale. Glissez-le dans votre sac lorsque vous \u00eates en d\u00e9placement, et vous aurez \u00e0 port\u00e9e de main un espace polyvalent pour tenir un journal, prendre des notes, tenir un agenda ou faire des croquis. C&rsquo;est le cadeau id\u00e9al pour toutes les occasions, qui ravira les personnes qui appr\u00e9cient l&rsquo;art de l&rsquo;\u00e9criture et l&rsquo;attrait du cuir v\u00e9ritable.&nbsp;<\/p>\n<p>Convenant aussi bien aux hommes qu&rsquo;aux femmes, ce carnet est un choix polyvalent qui r\u00e9pond \u00e0 des go\u00fbts vari\u00e9s. D&rsquo;une taille g\u00e9n\u00e9reuse de 13 x 18 cm, ce carnet comporte 200 pages, ce qui laisse beaucoup de place \u00e0 votre cr\u00e9ativit\u00e9.&nbsp;<\/p>\n<p><strong><span style=\"color: rgb(141, 186, 216);\">Am\u00e9liorez votre prise de notes quotidienne ou offrez un cadeau avec le carnet de notes en cuir oiled tan avec cl\u00e9 &#8211; un symbole d&rsquo;artisanat raffin\u00e9 et de style.<\/span><\/strong><\/p>\n","protected":false},"excerpt":{"rendered":"<p>Voici notre&nbsp;Carnet de notes en cuir huil\u00e9 de premi\u00e8re qualit\u00e9 avec une cl\u00e9 attach\u00e9e, comprenant 200 pages g\u00e9n\u00e9reuses et mesurant 13 x 18 cm.&nbsp; Fabriqu\u00e9 avec le souci du d\u00e9tail, ce carnet est un m\u00e9lange harmonieux de praticit\u00e9 et d&rsquo;esth\u00e9tique. Sa couverture en cuir tann\u00e9 huil\u00e9 respire la sophistication et la durabilit\u00e9, ce qui en [&hellip;]<\/p>\n","protected":false},"featured_media":438931,"comment_status":"closed","ping_status":"open","template":"","meta":[],"product_brand":[],"product_cat":[14054,14053],"product_tag":[],"class_list":{"0":"post-217708","1":"product","2":"type-product","3":"status-publish","4":"has-post-thumbnail","6":"product_cat-cadeaux-vintage-et-souvenirs","7":"product_cat-carnets-et-cashiers","8":"pa_collection-leather-notebooks-diaries-fr","9":"pa_made-in-inde","11":"first","12":"instock","13":"purchasable","14":"product-type-simple"},"supplier_id":null,"supplier_sku":"LBN-30","barcode":null,"atum_controlled":true,"out_stock_date":null,"out_stock_threshold":null,"inheritable":false,"inbound_stock":null,"stock_on_hold":0,"sold_today":0,"sales_last_days":0,"reserved_stock":null,"customer_returns":null,"warehouse_damage":null,"lost_in_post":null,"other_logs":null,"out_stock_days":0,"lost_sales":0,"has_location":null,"update_date":"2026-02-03T09:12:19","atum_locations":[],"atum_stock_status":"instock","restock_status":false,"low_stock_amount":"","sales_update_date":"2026-01-30T01:24:54","calc_backorders":null,"_links":{"self":[{"href":"https:\/\/aromasentia.com\/fr\/wp-json\/wp\/v2\/product\/217708","targetHints":{"allow":["GET"]}}],"collection":[{"href":"https:\/\/aromasentia.com\/fr\/wp-json\/wp\/v2\/product"}],"about":[{"href":"https:\/\/aromasentia.com\/fr\/wp-json\/wp\/v2\/types\/product"}],"replies":[{"embeddable":true,"href":"https:\/\/aromasentia.com\/fr\/wp-json\/wp\/v2\/comments?post=217708"}],"version-history":[{"count":0,"href":"https:\/\/aromasentia.com\/fr\/wp-json\/wp\/v2\/product\/217708\/revisions"}],"wp:featuredmedia":[{"embeddable":true,"href":"https:\/\/aromasentia.com\/fr\/wp-json\/wp\/v2\/media\/438931"}],"wp:attachment":[{"href":"https:\/\/aromasentia.com\/fr\/wp-json\/wp\/v2\/media?parent=217708"}],"wp:term":[{"taxonomy":"product_brand","embeddable":true,"href":"https:\/\/aromasentia.com\/fr\/wp-json\/wp\/v2\/product_brand?post=217708"},{"taxonomy":"product_cat","embeddable":true,"href":"https:\/\/aromasentia.com\/fr\/wp-json\/wp\/v2\/product_cat?post=217708"},{"taxonomy":"product_tag","embeddable":true,"href":"https:\/\/aromasentia.com\/fr\/wp-json\/wp\/v2\/product_tag?post=217708"}],"curies":[{"name":"wp","href":"https:\/\/api.w.org\/{rel}","templated":true}]}}