{"id":217696,"date":"2025-03-23T12:10:29","date_gmt":"2025-03-23T12:10:29","guid":{"rendered":"https:\/\/aromasentia.com\/product\/leather-never-hide-your-wings-deckle-edge-notebook-7x5\/"},"modified":"2025-12-30T18:55:06","modified_gmt":"2025-12-30T18:55:06","slug":"carnet-en-cuir-never-hide-your-wings-bords-dechiquetes","status":"publish","type":"product","link":"https:\/\/aromasentia.com\/fr\/carnet-en-cuir-never-hide-your-wings-bords-dechiquetes\/","title":{"rendered":"Carnet en cuir \u00ab\u00a0Never Hide Your Wings\u00a0\u00bb Bords d\u00e9chiquet\u00e9s"},"content":{"rendered":"<p><strong><span style=\"color: rgb(75, 80, 88);\">Le carnet de bord en cuir fait \u00e0 la main en gros \u00ab\u00a0Never Hide Your Wings\u00a0\u00bb<\/span><\/strong> a son propre style unique avec des d\u00e9tails \u00e9tonnants qui ajoutent un charme \u00e0 l&rsquo;ancienne.&nbsp;<\/p>\n<p>Fait d&rsquo;une couverture en cuir de bonne qualit\u00e9, avec du papier vierge vintage (un bord de papier plumeux et inachev\u00e9), ferm\u00e9 par une boucle. Facile \u00e0 transporter, vous pourrez l&#8217;emporter dans votre sac lorsque vous voyagez ou en d\u00e9placement professionnel comme journal, carnet de voyage, bloc-notes, agenda ou carnet de croquis.&nbsp;<\/p>\n<p>D\u00e9sormais, vos clients peuvent enregistrer leurs id\u00e9es \u00e0 tout moment. Cadeau parfait pour toute occasion, il plaira \u00e0 tous ceux qui aiment voyager, \u00e9crire ou faire des croquis.&nbsp;<\/p>\n<p>Id\u00e9al aussi pour la calligraphie.&nbsp;<\/p>\n<p><strong><span style=\"color: rgb(75, 80, 88);\">Dimensions du carnet : 18 x 13 x 5cm <\/span><\/strong><\/p>\n<p><strong><span style=\"color: rgb(141, 186, 216);\">R\u00e9alisez des ventes faciles avec ce classique intemporel.<\/span><\/strong><\/p>\n","protected":false},"excerpt":{"rendered":"<p>Le carnet de bord en cuir fait \u00e0 la main en gros \u00ab\u00a0Never Hide Your Wings\u00a0\u00bb a son propre style unique avec des d\u00e9tails \u00e9tonnants qui ajoutent un charme \u00e0 l&rsquo;ancienne.&nbsp; Fait d&rsquo;une couverture en cuir de bonne qualit\u00e9, avec du papier vierge vintage (un bord de papier plumeux et inachev\u00e9), ferm\u00e9 par une boucle. [&hellip;]<\/p>\n","protected":false},"featured_media":438824,"comment_status":"closed","ping_status":"open","template":"","meta":{"_angie_page":false},"product_brand":[],"product_cat":[14054,14053],"product_tag":[],"class_list":{"0":"post-217696","1":"product","2":"type-product","3":"status-publish","4":"has-post-thumbnail","6":"product_cat-cadeaux-vintage-et-souvenirs","7":"product_cat-carnets-et-cashiers","8":"pa_collection-leather-notebooks-diaries-fr","9":"pa_made-in-inde","11":"first","12":"instock","13":"purchasable","14":"product-type-simple"},"supplier_id":null,"supplier_sku":"LBN-24","barcode":null,"atum_controlled":true,"out_stock_date":null,"out_stock_threshold":null,"inheritable":false,"inbound_stock":null,"stock_on_hold":0,"sold_today":0,"sales_last_days":0,"reserved_stock":null,"customer_returns":null,"warehouse_damage":null,"lost_in_post":null,"other_logs":null,"out_stock_days":153,"lost_sales":0,"has_location":null,"update_date":"2026-04-27T07:10:42","atum_locations":[],"atum_stock_status":"instock","restock_status":false,"low_stock_amount":"","sales_update_date":"2026-02-06T00:01:03","calc_backorders":null,"_links":{"self":[{"href":"https:\/\/aromasentia.com\/fr\/wp-json\/wp\/v2\/product\/217696","targetHints":{"allow":["GET"]}}],"collection":[{"href":"https:\/\/aromasentia.com\/fr\/wp-json\/wp\/v2\/product"}],"about":[{"href":"https:\/\/aromasentia.com\/fr\/wp-json\/wp\/v2\/types\/product"}],"replies":[{"embeddable":true,"href":"https:\/\/aromasentia.com\/fr\/wp-json\/wp\/v2\/comments?post=217696"}],"version-history":[{"count":0,"href":"https:\/\/aromasentia.com\/fr\/wp-json\/wp\/v2\/product\/217696\/revisions"}],"wp:featuredmedia":[{"embeddable":true,"href":"https:\/\/aromasentia.com\/fr\/wp-json\/wp\/v2\/media\/438824"}],"wp:attachment":[{"href":"https:\/\/aromasentia.com\/fr\/wp-json\/wp\/v2\/media?parent=217696"}],"wp:term":[{"taxonomy":"product_brand","embeddable":true,"href":"https:\/\/aromasentia.com\/fr\/wp-json\/wp\/v2\/product_brand?post=217696"},{"taxonomy":"product_cat","embeddable":true,"href":"https:\/\/aromasentia.com\/fr\/wp-json\/wp\/v2\/product_cat?post=217696"},{"taxonomy":"product_tag","embeddable":true,"href":"https:\/\/aromasentia.com\/fr\/wp-json\/wp\/v2\/product_tag?post=217696"}],"curies":[{"name":"wp","href":"https:\/\/api.w.org\/{rel}","templated":true}]}}