{"id":250290,"date":"2025-05-13T18:40:11","date_gmt":"2025-05-13T18:40:11","guid":{"rendered":"https:\/\/aromasentia.com\/cookies\/"},"modified":"2026-04-22T17:40:32","modified_gmt":"2026-04-22T17:40:32","slug":"cookies","status":"publish","type":"page","link":"https:\/\/aromasentia.com\/fr\/cookies\/","title":{"rendered":"Cookies"},"content":{"rendered":"\t\t<div data-elementor-type=\"wp-page\" data-elementor-id=\"250290\" class=\"elementor elementor-250290 elementor-250124\" data-elementor-post-type=\"page\">\n\t\t\t\t<div class=\"elementor-element elementor-element-429977b e-flex e-con-boxed e-con e-parent\" data-id=\"429977b\" data-element_type=\"container\" data-e-type=\"container\">\n\t\t\t\t\t<div class=\"e-con-inner\">\n\t\t\t\t<div class=\"elementor-element elementor-element-9c8ad64 elementor-widget elementor-widget-heading\" data-id=\"9c8ad64\" data-element_type=\"widget\" data-e-type=\"widget\" data-widget_type=\"heading.default\">\n\t\t\t\t\t<h1 class=\"elementor-heading-title elementor-size-default\">Cookies Politique<\/h1>\t\t\t\t<\/div>\n\t\t\t\t<div class=\"elementor-element elementor-element-553a35a elementor-widget elementor-widget-text-editor\" data-id=\"553a35a\" data-element_type=\"widget\" data-e-type=\"widget\" data-widget_type=\"text-editor.default\">\n\t\t\t\t\t\t\t\t\t<p>Derni\u00e8re mise \u00e0 jour : 12 mai 2025<\/p><p>Aroma Sentia Marketing (\u00ab nous \u00bb, \u00ab notre \u00bb ou \u00ab nos \u00bb) utilise des cookies sur le site web aromasentia.com (le \u00ab Service \u00bb). En continuant \u00e0 utiliser le site, vous acceptez l&rsquo;utilisation de cookies. Vous pouvez modifier ce param\u00e8tre et en savoir plus en lisant la politique en mati\u00e8re de cookies ci-dessous.<\/p><p>Notre Politique en mati\u00e8re de cookies explique ce que sont les cookies, comment on les utilise, comment les tiers avec lesquels on peut \u00eatre en partenariat peuvent les utiliser sur le Service, tes choix concernant les cookies et te donne plus d&rsquo;infos \u00e0 leur sujet.<\/p><h3>Que sont les cookies?<\/h3><p>Les cookies sont de petits fichiers texte envoy\u00e9s \u00e0 votre navigateur web par un site web que vous visitez. Un fichier cookie est stock\u00e9 dans votre navigateur web et permet au Service ou \u00e0 un tiers de vous reconna\u00eetre et de faciliter votre prochaine visite et de rendre le Service plus utile pour vous.<\/p><p>Les cookies peuvent \u00eatre \u00ab persistants \u00bb ou \u00ab de session \u00bb. Les cookies persistants restent sur votre ordinateur personnel ou votre appareil mobile lorsque vous vous d\u00e9connectez, tandis que les cookies de session sont supprim\u00e9s d\u00e8s que vous fermez votre navigateur web.<\/p><h3>Comment Aroma Sentia Marketing utilise les cookies<\/h3><p>Quand tu utilises et acc\u00e8des au Service, on peut placer un certain nombre de fichiers cookies dans ton navigateur web.<\/p><p>On utilise des cookies aux fins suivantes :<\/p><p>Pour activer certaines fonctionnalit\u00e9s du Service<\/p><p>Pour fournir des analyses<\/p><p>Pour enregistrer tes pr\u00e9f\u00e9rences<\/p><p>On utilise \u00e0 la fois des cookies de session et des cookies persistants sur le Service, et on utilise diff\u00e9rents types de cookies pour faire fonctionner le Service :<\/p><p>Cookies essentiels. On peut utiliser des cookies essentiels pour authentifier les utilisateurs et emp\u00eacher l&rsquo;utilisation frauduleuse des comptes d&rsquo;utilisateurs.<\/p><p>Cookies de pr\u00e9f\u00e9rences. On peut utiliser des cookies de pr\u00e9f\u00e9rences pour m\u00e9moriser des infos qui modifient le comportement ou l&rsquo;apparence du Service, comme la fonctionnalit\u00e9 \u00ab se souvenir de moi \u00bb d&rsquo;un utilisateur enregistr\u00e9 ou la pr\u00e9f\u00e9rence linguistique d&rsquo;un utilisateur.<\/p><p>Cookies analytiques. On peut utiliser des cookies analytiques pour suivre des infos sur la fa\u00e7on dont le Service est utilis\u00e9 afin de l&rsquo;am\u00e9liorer. On peut aussi utiliser des cookies analytiques pour tester de nouvelles publicit\u00e9s, pages, fonctionnalit\u00e9s ou nouvelles fonctionnalit\u00e9s du Service afin de voir comment nos utilisateurs y r\u00e9agissent.<\/p><h3>Cookies tiers<\/h3><p>En plus de nos propres cookies, on peut aussi utiliser divers cookies tiers pour \u00e9tablir des statistiques d&rsquo;utilisation du Service, diffuser des publicit\u00e9s sur et via le Service, etc.<\/p><h3>Quels sont vos choix en mati\u00e8re de cookies ?<\/h3><p>Si vous souhaitez supprimer les cookies ou demander \u00e0 votre navigateur web de les supprimer ou de les refuser, veuillez consulter les pages d&rsquo;aide de votre navigateur web.<\/p><p>Veuillez toutefois noter que si vous supprimez les cookies ou refusez de les accepter, vous risquez de ne pas pouvoir utiliser toutes les fonctionnalit\u00e9s que nous proposons, de ne pas pouvoir enregistrer vos pr\u00e9f\u00e9rences et de ne pas pouvoir afficher correctement certaines de nos pages.<\/p><p>Pour le navigateur web Chrome : https:\/\/support.google.com\/accounts\/answer\/32050<\/p><p>Pour le navigateur Internet Explorer : http:\/\/support.microsoft.com\/kb\/278835<\/p><p>Pour le navigateur Firefox : https:\/\/support.mozilla.org\/en-US\/kb\/delete-cookies-remove-info-websites-stored<\/p><p>Pour le navigateur Safari : https:\/\/support.apple.com\/kb\/PH21411?locale=en_US<\/p><p>Pour tout autre navigateur web, consultez les pages officielles de votre navigateur web.<\/p><p>O\u00f9 trouver plus d&rsquo;infos sur les cookies<\/p><p>Vous pouvez en savoir plus sur les cookies et les sites web tiers suivants :<\/p><p>AllAboutCookies : http:\/\/www.allaboutcookies.org\/<\/p><p>Network Advertising Initiative : http:\/\/www.networkadvertising.org\/<\/p>\t\t\t\t\t\t\t\t<\/div>\n\t\t\t\t\t<\/div>\n\t\t\t\t<\/div>\n\t\t\t\t<\/div>\n\t\t","protected":false},"excerpt":{"rendered":"<p>Cookies Politique Derni\u00e8re mise \u00e0 jour : 12 mai 2025 Aroma Sentia Marketing (\u00ab nous \u00bb, \u00ab notre \u00bb ou \u00ab nos \u00bb) utilise des cookies sur le site web aromasentia.com (le \u00ab Service \u00bb). En continuant \u00e0 utiliser le site, vous acceptez l&rsquo;utilisation de cookies. Vous pouvez modifier ce param\u00e8tre et en savoir plus [&hellip;]<\/p>\n","protected":false},"author":1,"featured_media":0,"parent":0,"menu_order":0,"comment_status":"closed","ping_status":"closed","template":"","meta":{"_angie_page":false,"footnotes":""},"class_list":["post-250290","page","type-page","status-publish","hentry"],"_links":{"self":[{"href":"https:\/\/aromasentia.com\/fr\/wp-json\/wp\/v2\/pages\/250290","targetHints":{"allow":["GET"]}}],"collection":[{"href":"https:\/\/aromasentia.com\/fr\/wp-json\/wp\/v2\/pages"}],"about":[{"href":"https:\/\/aromasentia.com\/fr\/wp-json\/wp\/v2\/types\/page"}],"author":[{"embeddable":true,"href":"https:\/\/aromasentia.com\/fr\/wp-json\/wp\/v2\/users\/1"}],"replies":[{"embeddable":true,"href":"https:\/\/aromasentia.com\/fr\/wp-json\/wp\/v2\/comments?post=250290"}],"version-history":[{"count":0,"href":"https:\/\/aromasentia.com\/fr\/wp-json\/wp\/v2\/pages\/250290\/revisions"}],"wp:attachment":[{"href":"https:\/\/aromasentia.com\/fr\/wp-json\/wp\/v2\/media?parent=250290"}],"curies":[{"name":"wp","href":"https:\/\/api.w.org\/{rel}","templated":true}]}}